{"id":29152,"date":"2025-12-04T12:12:31","date_gmt":"2025-12-04T12:12:31","guid":{"rendered":"https:\/\/miamivit.com\/turkiye\/?page_id=29152"},"modified":"2025-12-04T12:30:34","modified_gmt":"2025-12-04T12:30:34","slug":"telif-hakki","status":"publish","type":"page","link":"https:\/\/miamivit.com\/turkiye\/telif-hakki\/","title":{"rendered":"Telif Hakk\u0131"},"content":{"rendered":"\t\t<div data-elementor-type=\"wp-page\" data-elementor-id=\"29152\" class=\"elementor elementor-29152\" data-elementor-post-type=\"page\">\n\t\t\t\t<div class=\"wd-negative-gap elementor-element elementor-element-17406f3 e-flex e-con-boxed e-con e-parent\" data-id=\"17406f3\" data-element_type=\"container\" data-e-type=\"container\">\n\t\t\t\t\t<div class=\"e-con-inner\">\n\t\t\t\t<div class=\"elementor-element elementor-element-02565ce elementor-widget elementor-widget-wd_text_block\" data-id=\"02565ce\" data-element_type=\"widget\" data-e-type=\"widget\" data-widget_type=\"wd_text_block.default\">\n\t\t\t\t<div class=\"elementor-widget-container\">\n\t\t\t\t\t\t\t<div class=\"wd-text-block reset-last-child text-left\">\n\t\t\t\n\t\t\t<p>Ticari Marka Kullan\u0131m Politikas\u0131<br \/>21 A\u011fustos 2025 tarihinde g\u00fcncellenmi\u015ftir<br \/>Miamivit YAZILIM REFERANSI<br \/>T\u0130CAR\u0130 MARKA KULLANIM POL\u0130T\u0130KASI<br \/>Miamivit Yaz\u0131l\u0131m (\"Miamivit\"), ticari markalar\u0131n\u0131, hizmet markalar\u0131n\u0131 ve logolar\u0131n\u0131 korumak i\u00e7in \u00f6nemli zaman ve kaynak yat\u0131r\u0131m\u0131 yapm\u0131\u015ft\u0131r. Ticari markalar, kurumsal marka kimli\u011fini olu\u015fturmak ve korumak i\u00e7in \u00f6nemlidir, ancak k\u00f6t\u00fcye kullan\u0131m nedeniyle kaybedilebilecek hassas haklard\u0131r.<br \/>Bu Ticari Marka Referans\u0131 Kullan\u0131m Politikas\u0131 (\"Politika\"), Miamivit'in \u00fc\u00e7\u00fcnc\u00fc taraflarca Miamivit isimlerinin, markalar\u0131n\u0131n, ticari markalar\u0131n\u0131n, hizmet markalar\u0131n\u0131n, logolar\u0131n\u0131n, sloganlar\u0131n\u0131n veya di\u011fer Miamivit tan\u0131mlay\u0131c\u0131lar\u0131n\u0131n (\"Miamivit Markalar\u0131\") kullan\u0131m\u0131 ve bunlara at\u0131f yap\u0131lmas\u0131na ili\u015fkin politikas\u0131n\u0131 ortaya koymaktad\u0131r. Miamivit \u00e7al\u0131\u015fanlar\u0131, Enterprise Legal Services sitesindeki ticari marka kullan\u0131m politikas\u0131na ba\u015fvurmal\u0131d\u0131r. Miamivit'in ticari markalar\u0131 veya Politika gereklilikleri hakk\u0131nda herhangi bir sorunuz varsa veya daha fazla bilgi edinmek isterseniz l\u00fctfen \u015fu adrese ba\u015fvurun:<\/p><p>(support@Miamivit.com)<\/p><p>Miamivit Yaz\u0131l\u0131m Ticari Markalar\u0131n\u0131n \u0130zin Verilen Kullan\u0131m\u0131<br \/>Miamivit, yaln\u0131zca Miamivit'i ve \u00fcr\u00fcn ve hizmetlerini tan\u0131mlamak amac\u0131yla adlar\u0131n\u0131n, ticari markalar\u0131n\u0131n ve hizmet markalar\u0131n\u0131n kullan\u0131lmas\u0131na, kullan\u0131m\u0131n\u0131z\u0131n bu Politika'da a\u00e7\u0131kland\u0131\u011f\u0131 \u015fekilde olmas\u0131 ko\u015fuluyla itiraz etmez. Bu Politika, Miamivit Markalar\u0131n\u0131 veya di\u011fer \u00fc\u00e7\u00fcnc\u00fc taraf markalar\u0131n\u0131 veya tan\u0131mlar\u0131n\u0131, Miamivit veya \u00fc\u00e7\u00fcnc\u00fc taraflarla yapm\u0131\u015f olabilece\u011finiz ayr\u0131 bir s\u00f6zle\u015fme uyar\u0131nca size verilen haklardan ayr\u0131 veya farkl\u0131 bir \u015fekilde kullanma hakk\u0131 vermez. Bu Politika, sahip olabilece\u011finiz s\u00f6zle\u015fmede yer alan ticari marka h\u00fck\u00fcmleriyle birlikte okunmal\u0131d\u0131r ve do\u011frudan bir ihtilaf olmas\u0131 durumunda Miamivit ile yapm\u0131\u015f oldu\u011funuz ayr\u0131 s\u00f6zle\u015fme ge\u00e7erli olacakt\u0131r.<\/p><p>Miamivit'i ve \u00fcr\u00fcn ve hizmetlerini tan\u0131mlamak i\u00e7in Miamivit Markalar\u0131n\u0131n d\u00fcz metin s\u00fcr\u00fcm\u00fcn\u00fc kullanabilirsiniz. Kullan\u0131m\u0131n\u0131z, Miamivit'in sizi veya \u00fcr\u00fcn veya hizmetlerinizi onaylad\u0131\u011f\u0131, destekledi\u011fi veya herhangi bir \u015fekilde sizinle veya \u00fcr\u00fcn veya hizmetinizle ba\u011flant\u0131l\u0131 oldu\u011fu anlam\u0131na gelmemelidir. Miamivit Markalar\u0131n\u0131 kendi \u015firket adlar\u0131n\u0131z, ticari markalar\u0131n\u0131z veya tan\u0131mlay\u0131c\u0131lar\u0131n\u0131zla birle\u015ftiremezsiniz; ayr\u0131ca Miamivit Markalar\u0131na kafa kar\u0131\u015ft\u0131r\u0131c\u0131 derecede benzeyen adlar, ticari markalar, hizmet markalar\u0131, logolar veya di\u011fer tan\u0131mlay\u0131c\u0131lar\u0131 kullanamazs\u0131n\u0131z. Miamivit Markalar\u0131n\u0131 kullanman\u0131z, size Miamivit Markalar\u0131 \u00fczerinde herhangi bir m\u00fclkiyet hakk\u0131 vermez ve b\u00f6yle bir durum ortaya \u00e7\u0131karsa, t\u00fcm m\u00fclkiyet haklar\u0131n\u0131 Miamivit'e devredece\u011finizi kabul edersiniz.<\/p><p>A) Genel \u0130lkeler<br \/>Ticari Markalar ve Hizmet Markalar\u0131 Nedir?<br \/>Ticari markalar ve hizmet markalar\u0131, bir \u015firketi \u00fcr\u00fcn ve hizmetlerinin kayna\u011f\u0131 olarak tan\u0131mlayan ve ay\u0131rt eden kelimeler, k\u0131saltmalar, logolar, semboller, sloganlar veya sloganlard\u0131r. Ge\u00e7erli bir ticari markan\u0131n sahibi, ba\u015fkalar\u0131n\u0131n markas\u0131n\u0131 belirli mal veya hizmetler i\u00e7in kullanmas\u0131n\u0131 engelleyebilir ve ba\u015fkalar\u0131n\u0131n ihlalinden kaynaklanan maddi tazminat talep edebilir.<\/p><p>Ticari markalar ve hizmet markalar\u0131 iki kategoriye ayr\u0131labilir:<\/p><p>\u2022 Tescilli markalar (\u00ae sembol\u00fcyle g\u00f6sterilir) uygun yasal s\u00fcre\u00e7ten ge\u00e7mi\u015f ve ulusal bir marka ofisinde tescil edilmi\u015ftir.<\/p><p>\u2022 Ortak hukuk (tescilsiz veya ba\u015fvuru bekleyen) markalar (bazen TM veya SM sembol\u00fcyle g\u00f6sterilir) resmi olarak tescil edilmemi\u015ftir, ancak yine de ge\u00e7erli ve uygulanabilirdir.<\/p><p>Miamivit hem tescilli hem de tescilsiz ticari markalara sahiptir. Miamivit ticari markalar\u0131n\u0131n k\u0131smi bir listesine buradan ula\u015fabilirsiniz. Bir isim veya logonun listede yer almamas\u0131, Miamivit'in \u00fcr\u00fcn, \u00f6zellik veya hizmet adlar\u0131 veya logolar\u0131 \u00fczerindeki fikri m\u00fclkiyet haklar\u0131ndan feragat edildi\u011fi anlam\u0131na gelmez.<\/p><p>C) Genel Kurallar<\/p><p>1) Logolar\u0131n Kullan\u0131m\u0131<br \/>Miamivit'in a\u00e7\u0131k yaz\u0131l\u0131 izni olmadan hi\u00e7bir Miamivit logosunu kullanamazs\u0131n\u0131z.<\/p><p>\u2022 Medya kurulu\u015fu veya analist talepleri, support@Miamivit.com adresindeki halkla ili\u015fkiler ekibine y\u00f6nlendirilmelidir.<\/p><p>\u2022 Da\u011f\u0131t\u0131mc\u0131lar ve di\u011fer i\u015f ortaklar\u0131, Partner Link \u00fczerinden g\u00fcvenli giri\u015f bilgilerini kullanarak logolar\u0131 indirebilirler.<\/p><p>\u2022 \u0130\u015f ortaklar\u0131n\u0131n kullan\u0131mla ilgili t\u00fcm sorular\u0131 info@Miamivit.com adresine y\u00f6nlendirilmelidir.<\/p><p>2) Miamivit Kelime Markalar\u0131n\u0131n Kullan\u0131m\u0131<br \/>Miamivit'in kelime markalar\u0131n\u0131 kullan\u0131rken a\u015fa\u011f\u0131daki genel ilkelere uymal\u0131s\u0131n\u0131z:<\/p><p>\u2022 Miamivit Markalar\u0131n\u0131n B\u00fct\u00fcnl\u00fc\u011f\u00fcn\u00fc Koruyun.<br \/>Miamivit Markalar\u0131n\u0131 kullanman\u0131z, Miamivit'i, markalar\u0131n\u0131, \u00fcr\u00fcnlerini veya hizmetlerini k\u00fc\u00e7\u00fck d\u00fc\u015f\u00fcrmemelidir.<\/p><p>\u2022 Yaln\u0131zca Onayl\u0131 Ticari Markalar\u0131 Kullan\u0131n.<br \/>Miamivit'in yetkili markalar\u0131n\u0131n bir listesi burada bulunabilir. L\u00fctfen belirli kelime markalar\u0131 (\u00f6rne\u011fin Open Edge, Data Direct, Web Speed \u200b\u200bvb.) i\u00e7in \u00f6zel stilizasyona (yani b\u00fcy\u00fck ve k\u00fc\u00e7\u00fck harf kullan\u0131m\u0131na) ve markan\u0131n Miamivit\u00ae veya di\u011fer Miamivit Markalar\u0131yla kombinasyonuna dikkat edin. Her marka yaln\u0131zca g\u00f6sterilen versiyonda kullan\u0131lmal\u0131d\u0131r ve Miamivit Markalar\u0131n\u0131n yaz\u0131m\u0131n\u0131 k\u0131saltamaz veya de\u011fi\u015ftiremezsiniz.<\/p><p>\u2022 Ticari Marka ve Hizmet Markas\u0131 Sembollerini uygulay\u0131n. Miamivit Markas\u0131'n\u0131n yer ald\u0131\u011f\u0131 her ileti\u015fim, belge, ambalaj veya di\u011fer materyalde, ortamdan ba\u011f\u0131ms\u0131z olarak do\u011fru ticari marka sembollerini (\"\u00ae\", \"TM\" ve \"SM\") kullan\u0131n. Uygun sembol t\u00fcm ba\u015fl\u0131klarda, alt ba\u015fl\u0131klarda ve g\u00f6vde metninde ilk olarak g\u00f6r\u00fcnmelidir.<\/p><p>\u2022 Ticari Markalar\u0131 Do\u011fru \u015eekilde Kullan\u0131n.<br \/>Miamivit Markalar\u0131, s\u0131fat olarak ve ard\u0131ndan genel bir isim, fiil veya ba\u015fka bir ifadeyle kullan\u0131lmal\u0131d\u0131r (\u00f6rne\u011fin, \"Miamivit\u00ae Resmi\u00ae i\u015f \u00e7\u00f6z\u00fcmleri platformu\"). Miamivit, bir Miamivit Markas\u0131'n\u0131 genel olarak veya ba\u015fkalar\u0131n\u0131 genel olarak kullanmaya te\u015fvik edecek \u015fekilde kullanman\u0131z durumunda itiraz edecektir.<\/p><p>\u2022 Miamivit Markalar\u0131n\u0131 Miamivit ile Ba\u011flant\u0131land\u0131r\u0131n.<br \/>Herhangi bir Miamivit Markas\u0131'na at\u0131fta bulunan ileti\u015fim, belge, ambalaj veya di\u011fer materyalin her kopyas\u0131nda en az bir kez a\u015fa\u011f\u0131daki bildirimi ekleyin: \"[Kullan\u0131lan markay\u0131\/markalar\u0131 belirtin] [ABD ve di\u011fer \u00fclkelerde Miamivit Yaz\u0131l\u0131m\u0131'n\u0131n ticari markas\u0131 veya tescilli ticari markas\u0131d\u0131r\/ticari markalar\u0131 veya tescilli ticari markalar\u0131d\u0131r].\"<\/p><p>\u2022 Miamivit Markalar\u0131n\u0131 Ayr\u0131 ve Belirgin Tutun.<br \/>Miamivit Markalar\u0131, di\u011fer kurulu\u015flar\u0131n logolar\u0131ndan, ticari markalar\u0131ndan veya hizmet markalar\u0131ndan ayr\u0131 olarak kullan\u0131lmal\u0131 ve ba\u015fka bir kurulu\u015fun veya \u00fcr\u00fcn ya da hizmetlerinin ad\u0131n\u0131n bir par\u00e7as\u0131 olarak kullan\u0131lamaz. \u015eirketinizin markas\u0131, yaln\u0131zca Miamivit \u00fcr\u00fcnleri ve hizmetleri ile di\u011fer \u015firketin \u00fcr\u00fcnleri ve hizmetleri aras\u0131ndaki ili\u015fkiyi belirtmek i\u00e7in bir Miamivit Markas\u0131 ile birlikte kullan\u0131labilir (\u00f6rne\u011fin, [\u00dc\u00e7\u00fcnc\u00fc Taraf \u015eirketin] yaz\u0131l\u0131m\u0131 Miamivit\u00ae taraf\u0131ndan desteklenmektedir). Miamivit ile var olmayan bir ili\u015fki veya ili\u015fki oldu\u011funu ima edemezsiniz.<\/p><p>A) Miamivit (marka ad\u0131) ve Miamivit (\u015firket ad\u0131)<br \/>Bir \u00fcr\u00fcn veya hizmetten bahsederken Miamivit \u00ae kullan\u0131lmal\u0131d\u0131r. \u015eirketten bahsederken Miamivit (\u00ae sembol\u00fc olmadan) kullan\u0131lmal\u0131d\u0131r.<\/p><p>B) Ticari Marka Kelimelerinin Do\u011fru Kullan\u0131m\u0131<br \/>Miamivit'in marka kelimeleriyle ba\u011flant\u0131l\u0131 olarak a\u015fa\u011f\u0131daki y\u00f6nergeler izlenmelidir.<\/p><p>Ticari Markay\u0131 S\u0131fat Olarak Kullan\u0131n ve Ard\u0131ndan Uygun \u0130sim Tan\u0131mlay\u0131c\u0131lar\u0131n\u0131 Kullan\u0131n<br \/>Do\u011fru. Miamivit \u00ae Official\u00ae i\u015f kurallar\u0131 y\u00f6netim sistemi, Miamivit \u00ae Official\u00ae i\u015f platformuyla entegre edilebilir.<\/p><p>Yanl\u0131\u015f. Miamivit Official\u00ae, Miamivit \u00ae Official\u00ae ile entegre edilebilir.<\/p><p>Ticari Markalar\u0131 Asla \u0130yelik Halinde Kullanmay\u0131n<br \/>Do\u011fru. Miamivit \u00ae Official\u00ae i\u015f kurallar\u0131 y\u00f6netim sistemi.<\/p><p>Yanl\u0131\u015f. Miamivit \u00ae\u2019in Official\u00ae i\u015f kurallar\u0131 y\u00f6netim sistemi.<\/p><p>Ticari Markalar\u0131 Asla \u00c7o\u011ful Halinde Kullanmay\u0131n<br \/>Do\u011fru. Geli\u015ftirme ihtiya\u00e7lar\u0131n\u0131z i\u00e7in Miamivit \u00ae Official\u00ae i\u015f \u00e7\u00f6z\u00fcmlerini kullan\u0131n.<\/p><p>Yanl\u0131\u015f. Geli\u015ftirme ihtiya\u00e7lar\u0131n\u0131z i\u00e7in Miamivit \u00ae Officials\u00ae i\u015f \u00e7\u00f6z\u00fcmlerini kullan\u0131n.<\/p><p>Ticari Markay\u0131 Asla Tirelemeyin<br \/>Do\u011fru. Miamivit \u00ae Official\u00ae yaz\u0131l\u0131m\u0131 h\u0131zl\u0131 uygulama geli\u015ftirmeyi sa\u011flar.<\/p><p>Yanl\u0131\u015f. Miamivit \u00ae Official\u00ae \u00f6zellikli yaz\u0131l\u0131m, uygulama geli\u015ftirmeyi h\u0131zland\u0131r\u0131r.<\/p><p>Ticari Markay\u0131 Asla De\u011fi\u015ftirmeyin<br \/>Do\u011fru. Uygulamalar\u0131 web uyumlu hale getirmek i\u00e7in Miamivit \u00ae Web Speed\u00ae geli\u015ftirme ara\u00e7lar\u0131n\u0131 kullan\u0131n.<\/p><p>Yanl\u0131\u015f. Uygulamalar\u0131 web uyumlu hale getirmek i\u00e7in Miamivit \u00ae Web Speed\u00ae geli\u015ftirme ara\u00e7lar\u0131n\u0131 kullan\u0131n.<\/p><p>Ticari Marka \u0130\u00e7in Uygun B\u00fcy\u00fck Harf Kullan\u0131m\u0131n\u0131 Kullan\u0131n<br \/>Do\u011fru. Miamivit \u00ae Resmi\u00ae i\u015f platformu.<\/p><p>Yanl\u0131\u015f. Miamivit \u00ae Resmi\u00ae i\u015f platformu.<\/p><p>Ticari Markadan Sonra Gelen Genel \u0130sim(ler) \u0130\u00e7in K\u00fc\u00e7\u00fck Harf Kullan\u0131n<br \/>Do\u011fru. Miamivit \u00ae Resmi\u00ae i\u015f platformu.<\/p><p>Yanl\u0131\u015f. Miamivit \u00ae Resmi\u00ae \u0130\u015f Platformu.<\/p>\n\t\t\t\t\t<\/div>\n\t\t\t\t\t\t<\/div>\n\t\t\t\t<\/div>\n\t\t\t\t\t<\/div>\n\t\t\t\t<\/div>\n\t\t\t\t<\/div>\n\t\t","protected":false},"excerpt":{"rendered":"<p>Ticari Marka Kullan\u0131m Politikas\u013121 A\u011fustos 2025 tarihinde g\u00fcncellenmi\u015ftirMiamivit YAZILIM REFERANSIT\u0130CAR\u0130 MARKA KULLANIM POL\u0130T\u0130KASIMiamivit Yaz\u0131l\u0131m (&#8220;Miamivit&#8221;), ticari markalar\u0131n\u0131, hizmet markalar\u0131n\u0131 ve<\/p>\n","protected":false},"author":1,"featured_media":0,"parent":0,"menu_order":0,"comment_status":"closed","ping_status":"closed","template":"","meta":{"footnotes":""},"class_list":["post-29152","page","type-page","status-publish","hentry"],"_links":{"self":[{"href":"https:\/\/miamivit.com\/turkiye\/wp-json\/wp\/v2\/pages\/29152","targetHints":{"allow":["GET"]}}],"collection":[{"href":"https:\/\/miamivit.com\/turkiye\/wp-json\/wp\/v2\/pages"}],"about":[{"href":"https:\/\/miamivit.com\/turkiye\/wp-json\/wp\/v2\/types\/page"}],"author":[{"embeddable":true,"href":"https:\/\/miamivit.com\/turkiye\/wp-json\/wp\/v2\/users\/1"}],"replies":[{"embeddable":true,"href":"https:\/\/miamivit.com\/turkiye\/wp-json\/wp\/v2\/comments?post=29152"}],"version-history":[{"count":0,"href":"https:\/\/miamivit.com\/turkiye\/wp-json\/wp\/v2\/pages\/29152\/revisions"}],"wp:attachment":[{"href":"https:\/\/miamivit.com\/turkiye\/wp-json\/wp\/v2\/media?parent=29152"}],"curies":[{"name":"wp","href":"https:\/\/api.w.org\/{rel}","templated":true}]}}