{"id":29161,"date":"2025-12-04T12:32:46","date_gmt":"2025-12-04T12:32:46","guid":{"rendered":"https:\/\/miamivit.com\/turkiye\/?page_id=29161"},"modified":"2025-12-04T12:36:22","modified_gmt":"2025-12-04T12:36:22","slug":"son-kullanici-lisans-sozlesmesi","status":"publish","type":"page","link":"https:\/\/miamivit.com\/turkiye\/son-kullanici-lisans-sozlesmesi\/","title":{"rendered":"Son Kullan\u0131c\u0131 Lisans S\u00f6zle\u015fmesi"},"content":{"rendered":"\t\t<div data-elementor-type=\"wp-page\" data-elementor-id=\"29161\" class=\"elementor elementor-29161\" data-elementor-post-type=\"page\">\n\t\t\t\t<div class=\"wd-negative-gap elementor-element elementor-element-17406f3 e-flex e-con-boxed e-con e-parent\" data-id=\"17406f3\" data-element_type=\"container\" data-e-type=\"container\">\n\t\t\t\t\t<div class=\"e-con-inner\">\n\t\t\t\t<div class=\"elementor-element elementor-element-02565ce elementor-widget elementor-widget-wd_text_block\" data-id=\"02565ce\" data-element_type=\"widget\" data-e-type=\"widget\" data-widget_type=\"wd_text_block.default\">\n\t\t\t\t<div class=\"elementor-widget-container\">\n\t\t\t\t\t\t\t<div class=\"wd-text-block reset-last-child text-left\">\n\t\t\t\n\t\t\t<p>Miamivit Telifsiz Son Kullan\u0131c\u0131 Lisans S\u00f6zle\u015fmesi<\/p><p>Son Kullan\u0131c\u0131 Lisans S\u00f6zle\u015fmesi<\/p><p>Bu yaz\u0131l\u0131m\u0131n, g\u00f6rsellerin ve simgelerin kurulumuna ve\/veya kullan\u0131m\u0131na ba\u015flamadan \u00f6nce, bu lisans s\u00f6zle\u015fmesinin ve s\u0131n\u0131rl\u0131 garantinin a\u015fa\u011f\u0131daki h\u00fck\u00fcm ve ko\u015fullar\u0131n\u0131 dikkatlice okuyun.<\/p><p>Bu kaynaklar\u0131 kurarak veya kullanarak, bu s\u00f6zle\u015fmeyi kabul etti\u011finizi beyan etmi\u015f olursunuz. Bu \u015fartlar\u0131 kabul etmiyorsan\u0131z veya bunlara uymuyorsan\u0131z, bu kaynaklar\u0131 kuramaz veya kullanamazs\u0131n\u0131z ve t\u00fcm orijinalleri ve kopyalar\u0131 Miamivit'e iade etmelisiniz.<\/p><p>Miamivit<\/p><p>G\u00f6rsel k\u00fct\u00fcphanesinin tek yarat\u0131c\u0131s\u0131 ve da\u011f\u0131t\u0131c\u0131s\u0131 olma hakk\u0131n\u0131 sakl\u0131 tutar. G\u00f6rsel k\u00fct\u00fcphanesine dayal\u0131 t\u00fcrev \u00e7al\u0131\u015fmalar\u0131 hi\u00e7bir zaman da\u011f\u0131tamazs\u0131n\u0131z.<\/p><p>Bu k\u00fct\u00fcphaneye dayal\u0131 t\u00fcrev g\u00f6rselleri yaln\u0131zca kendi \u015firketiniz ve\/veya \u00fcr\u00fcnleriniz dahilinde kullanmak \u00fczere olu\u015fturman\u0131za izin verilir.<\/p><p>Bu k\u00fct\u00fcphanede bulunan g\u00f6rseller yaln\u0131zca;<\/p><p>Bir uygulama i\u00e7indeki derlenmi\u015f kaynaklar<\/p><p>Bir web uygulamas\u0131n\u0131n par\u00e7as\u0131<\/p><p>\u015eirket web sitenizin par\u00e7as\u0131<\/p><p>Yaz\u0131l\u0131m dok\u00fcmanlar\u0131n\u0131z\u0131n par\u00e7as\u0131<\/p><p>\u015eirket \u00fcr\u00fcn kutunuzun, a\u00e7\u0131l\u0131\u015f g\u00f6rselinizin vb. par\u00e7as\u0131<\/p><p>Lisans<\/p><p>Bu yaz\u0131l\u0131m, dok\u00fcmantasyon ve\/veya ek materyaller (\"Kaynaklar\") dahil olmak \u00fczere Miamivit'e aittir. Bu S\u00f6zle\u015fme, size \u00dcr\u00fcn \u00fczerinde m\u00fclkiyet veya hak sa\u011flamaz, yaln\u0131zca bu lisans s\u00f6zle\u015fmesinde belirtildi\u011fi gibi s\u0131n\u0131rl\u0131 kullan\u0131m hakk\u0131 verir. Miamivit, size a\u015fa\u011f\u0131da belirtilen \u015fekilde Yaz\u0131l\u0131m\u0131 kullanman\u0131z i\u00e7in m\u00fcnhas\u0131r olmayan, telifsiz bir lisans verir:<\/p><p>G\u00f6r\u00fcnt\u00fc kitapl\u0131\u011f\u0131n\u0131, a\u015fa\u011f\u0131daki yeniden da\u011f\u0131t\u0131m ko\u015fullar\u0131na tabi olarak uygulamalar\u0131n\u0131zla entegre edin.<\/p><p>G\u00f6r\u00fcnt\u00fc kitapl\u0131\u011f\u0131n\u0131 yaln\u0131zca kendi Uygulamalar\u0131n\u0131z\u0131n geli\u015ftirilmesi i\u00e7in tamamen veya k\u0131smen de\u011fi\u015ftirin veya uyarlay\u0131n, yeniden sat\u0131\u015f veya ba\u015fka herhangi bir ama\u00e7la kullanmay\u0131n.<\/p><p>Yeniden Da\u011f\u0131t\u0131m Haklar\u0131<\/p><p>Web sayfalar\u0131, Yaz\u0131l\u0131m (\"Y\u00fcr\u00fct\u00fclebilir Kod\") kullan\u0131larak olu\u015fturulan y\u00fcr\u00fct\u00fclebilir ve\/veya web uygulama dosyalar\u0131n\u0131, geli\u015ftirdi\u011finiz ve\/veya pazarlad\u0131\u011f\u0131n\u0131z yaz\u0131l\u0131m \u00fcr\u00fcnleriyle (\"Uygulamalar\") birlikte \u00e7o\u011faltma ve yeniden da\u011f\u0131tma konusunda m\u00fcnhas\u0131r olmayan, telifsiz bir hak verilmi\u015ftir.<\/p><p>K\u0131s\u0131tlamalar<\/p><p>\u015eunlar\u0131 YAPAMAZSINIZ: Bu k\u00fct\u00fcphaneyi veya k\u00fct\u00fcphanedeki herhangi bir g\u00f6r\u00fcnt\u00fcy\u00fc da\u011f\u0131tmak, g\u00f6r\u00fcnt\u00fc k\u00fct\u00fcphanesinin de\u011fi\u015ftirilmi\u015f s\u00fcr\u00fcmlerini tamamen veya k\u0131smen da\u011f\u0131tmak, Yaz\u0131l\u0131m\u0131 kiralamak veya kiralamak veya Yaz\u0131l\u0131m\u0131n herhangi bir b\u00f6l\u00fcm\u00fcn\u00fc, uygulaman\u0131za entegre etmeden tek ba\u015f\u0131na satmak. Ayr\u0131ca, bu k\u00fct\u00fcphanenin herhangi bir b\u00f6l\u00fcm\u00fcn\u00fc kendinizin olu\u015fturdu\u011funu iddia edemezsiniz.<\/p><p>Se\u00e7im ve Kullan\u0131m<\/p><p>\u0130stedi\u011finiz sonu\u00e7lar\u0131 elde etmek i\u00e7in Yaz\u0131l\u0131m\u0131n se\u00e7iminden ve Yaz\u0131l\u0131m\u0131n kurulumundan, kullan\u0131m\u0131ndan ve Yaz\u0131l\u0131mdan elde edilen sonu\u00e7lardan tamamen siz sorumlusunuz.<\/p><p>S\u0131n\u0131rl\u0131 Garanti<\/p><p>Bu yaz\u0131l\u0131m, pazarlanabilirlik ve belirli bir amaca uygunluk dahil ancak bunlarla s\u0131n\u0131rl\u0131 olmamak \u00fczere, a\u00e7\u0131k veya z\u0131mni hi\u00e7bir garanti olmaks\u0131z\u0131n \"oldu\u011fu gibi\" sunulmaktad\u0131r. \u00dcr\u00fcn\u00fcn kalitesi ve performans\u0131yla ilgili t\u00fcm risk size aittir. \u00dcr\u00fcn ar\u0131zal\u0131 \u00e7\u0131karsa, gerekli t\u00fcm bak\u0131m veya hata d\u00fczeltme masraflar\u0131n\u0131 \u00fcstlenirsiniz. Miamivit., yaz\u0131l\u0131mda bulunan i\u015flevlerin ihtiya\u00e7lar\u0131n\u0131z\u0131 kar\u015f\u0131layaca\u011f\u0131n\u0131 veya yaz\u0131l\u0131m\u0131n kesintisiz veya hatas\u0131z \u00e7al\u0131\u015faca\u011f\u0131n\u0131 garanti etmez.<\/p><p>Yazarlar\u0131m\u0131z taraf\u0131ndan verilen hi\u00e7bir s\u00f6zl\u00fc veya yaz\u0131l\u0131 bilgi garanti olu\u015fturmaz.<\/p><p>\u00c7\u00f6z\u00fcm Yollar\u0131n\u0131n ve Sorumlulu\u011fun S\u0131n\u0131rland\u0131r\u0131lmas\u0131<\/p><p>Miamivit veya yukar\u0131da izin verilen \u015fekilde yaz\u0131l\u0131m\u0131 da\u011f\u0131tm\u0131\u015f olabilecek herhangi bir di\u011fer taraf, yaz\u0131l\u0131m\u0131n kullan\u0131m\u0131ndan veya kullan\u0131lamamas\u0131ndan kaynaklanan genel, \u00f6zel, ar\u0131zi veya dolayl\u0131 zararlar da dahil olmak \u00fczere zararlardan (veri kayb\u0131 veya verilerin yanl\u0131\u015f hale getirilmesi veya sizin veya \u00fc\u00e7\u00fcnc\u00fc taraflar\u0131n u\u011frad\u0131\u011f\u0131 kay\u0131plar veya yaz\u0131l\u0131m\u0131n di\u011fer \u00fcr\u00fcnlerle \u00e7al\u0131\u015fmamas\u0131 dahil ancak bunlarla s\u0131n\u0131rl\u0131 olmamak \u00fczere) hi\u00e7bir \u015fekilde sorumlu tutulamaz; bu zararlar\u0131n olas\u0131l\u0131\u011f\u0131 s\u00f6z konusu hak sahibine veya di\u011fer tarafa bildirilmi\u015f olsa bile.<\/p><p>T\u00fcm Haklar\u0131 Sakl\u0131d\u0131r.<\/p><p>Miamivit \u00a9<\/p>\n\t\t\t\t\t<\/div>\n\t\t\t\t\t\t<\/div>\n\t\t\t\t<\/div>\n\t\t\t\t\t<\/div>\n\t\t\t\t<\/div>\n\t\t\t\t<\/div>\n\t\t","protected":false},"excerpt":{"rendered":"<p>Miamivit Telifsiz Son Kullan\u0131c\u0131 Lisans S\u00f6zle\u015fmesi Son Kullan\u0131c\u0131 Lisans S\u00f6zle\u015fmesi Bu yaz\u0131l\u0131m\u0131n, g\u00f6rsellerin ve simgelerin kurulumuna ve\/veya kullan\u0131m\u0131na ba\u015flamadan \u00f6nce,<\/p>\n","protected":false},"author":1,"featured_media":0,"parent":0,"menu_order":0,"comment_status":"closed","ping_status":"closed","template":"","meta":{"footnotes":""},"class_list":["post-29161","page","type-page","status-publish","hentry"],"_links":{"self":[{"href":"https:\/\/miamivit.com\/turkiye\/wp-json\/wp\/v2\/pages\/29161","targetHints":{"allow":["GET"]}}],"collection":[{"href":"https:\/\/miamivit.com\/turkiye\/wp-json\/wp\/v2\/pages"}],"about":[{"href":"https:\/\/miamivit.com\/turkiye\/wp-json\/wp\/v2\/types\/page"}],"author":[{"embeddable":true,"href":"https:\/\/miamivit.com\/turkiye\/wp-json\/wp\/v2\/users\/1"}],"replies":[{"embeddable":true,"href":"https:\/\/miamivit.com\/turkiye\/wp-json\/wp\/v2\/comments?post=29161"}],"version-history":[{"count":0,"href":"https:\/\/miamivit.com\/turkiye\/wp-json\/wp\/v2\/pages\/29161\/revisions"}],"wp:attachment":[{"href":"https:\/\/miamivit.com\/turkiye\/wp-json\/wp\/v2\/media?parent=29161"}],"curies":[{"name":"wp","href":"https:\/\/api.w.org\/{rel}","templated":true}]}}