{"id":29182,"date":"2025-12-04T16:42:23","date_gmt":"2025-12-04T16:42:23","guid":{"rendered":"https:\/\/miamivit.com\/turkiye\/?page_id=29182"},"modified":"2025-12-04T16:49:05","modified_gmt":"2025-12-04T16:49:05","slug":"kullanim-kosullari","status":"publish","type":"page","link":"https:\/\/miamivit.com\/turkiye\/kullanim-kosullari\/","title":{"rendered":"Kullan\u0131m Ko\u015fullar\u0131"},"content":{"rendered":"\t\t<div data-elementor-type=\"wp-page\" data-elementor-id=\"29182\" class=\"elementor elementor-29182\" data-elementor-post-type=\"page\">\n\t\t\t\t<div class=\"wd-negative-gap elementor-element elementor-element-17406f3 e-flex e-con-boxed e-con e-parent\" data-id=\"17406f3\" data-element_type=\"container\" data-e-type=\"container\">\n\t\t\t\t\t<div class=\"e-con-inner\">\n\t\t\t\t<div class=\"elementor-element elementor-element-02565ce elementor-widget elementor-widget-wd_text_block\" data-id=\"02565ce\" data-element_type=\"widget\" data-e-type=\"widget\" data-widget_type=\"wd_text_block.default\">\n\t\t\t\t<div class=\"elementor-widget-container\">\n\t\t\t\t\t\t\t<div class=\"wd-text-block reset-last-child text-left\">\n\t\t\t\n\t\t\t<h1>Miamivit Yaz\u0131l\u0131m Kullan\u0131m Ko\u015fullar\u0131<\/h1><p><strong>Son G\u00fcncelleme: 21\/08\/2025<\/strong><\/p><p>Miamivit Yaz\u0131l\u0131m, ba\u011fl\u0131 kurulu\u015flar\u0131 ve i\u015ftirakleri (topluca \"Miamivit\", \"biz\", \"bize\" veya \"bizim\"), www.Miamivit.com adresini ve\/veya Miamivit'e ait veya Miamivit taraf\u0131ndan kontrol edilen di\u011fer web sitelerini (\"Site\", \"Siteler\") ziyaret etti\u011finizde ge\u00e7erli olan bu Kullan\u0131m Ko\u015fullar\u0131n\u0131 sunmaktad\u0131r. Herhangi bir Siteye g\u00f6z atarak veya Sitelerde bulunan hizmetleri (\"Hizmetler\") kullanarak, bu Kullan\u0131m Ko\u015fullar\u0131n\u0131 ve beraberindeki Gizlilik Politikam\u0131z\u0131 (web sitesinde mevcuttur) okudu\u011funuzu, anlad\u0131\u011f\u0131n\u0131z\u0131 ve bunlara yasal olarak ba\u011fl\u0131 kalmay\u0131 kabul etti\u011finizi ve y\u00fcr\u00fcrl\u00fckteki yasa ve y\u00f6netmeliklere uyaca\u011f\u0131n\u0131z\u0131 kabul etmi\u015f olursunuz. Bu Kullan\u0131m Ko\u015fullar\u0131n\u0131 kabul etmiyorsan\u0131z, Sitelere veya Hizmetlere g\u00f6z atma, eri\u015fme veya ba\u015fka bir \u015fekilde kullanma izniniz verilmez. \"\u0130hracat S\u0131n\u0131fland\u0131rmalar\u0131\" ba\u015fl\u0131\u011f\u0131 alt\u0131nda belirtilen \u015fartlar haricinde, bu Kullan\u0131m Ko\u015fullar\u0131 yaln\u0131zca Siteler i\u00e7in ge\u00e7erlidir ve ayr\u0131 s\u00f6zle\u015fmelerle y\u00f6netilen \u00dcr\u00fcnlerimizin sat\u0131n al\u0131nmas\u0131 veya kullan\u0131m\u0131 i\u00e7in ge\u00e7erli de\u011fildir.<\/p><p>Bu Kullan\u0131m Ko\u015fullar\u0131nda tan\u0131mlanmayan b\u00fcy\u00fck harfle ba\u015flayan terimler, Gizlilik Politikam\u0131zda belirtilen anlam\u0131 ta\u015f\u0131yacakt\u0131r.<\/p><h2>Bu Sitelerdeki Bilgiler Hakk\u0131nda<\/h2><p>Miamivit, lisans verenleri veya sizin taraf\u0131n\u0131zdan Sitelerde sa\u011flanan bilgiler, veriler, metinler, grafikler, resimler, ses kay\u0131tlar\u0131, g\u00f6rsel-i\u015fitsel eserler ve di\u011fer materyaller (toplu olarak \"\u0130\u00e7erik\") teknik yanl\u0131\u015fl\u0131klar veya yaz\u0131m hatalar\u0131 i\u00e7erebilir. Miamivit'in \u00f6nceden yaz\u0131l\u0131 izni olmadan Sitelerin veya \u0130\u00e7eri\u011fin hi\u00e7bir b\u00f6l\u00fcm\u00fcn\u00fc kopyalayamaz, \u00e7o\u011faltamaz, yeniden yay\u0131nlayamaz, y\u00fckleyemez, g\u00f6nderemez, iletemez, da\u011f\u0131tamaz veya t\u00fcrev \u00e7al\u0131\u015fmalar olu\u015fturmak i\u00e7in kullanamazs\u0131n\u0131z. Miamivit, \u0130\u00e7eri\u011fi \u00f6nceden haber vermeksizin kald\u0131rabilir, de\u011fi\u015ftirebilir veya g\u00fcncelleyebilir. Miamivit ayr\u0131ca, Sitelerde, Hizmetlerde, \u00dcr\u00fcnlerde ve\/veya Sitelerde a\u00e7\u0131klanan Programlarda size herhangi bir bildirimde bulunmaks\u0131z\u0131n herhangi bir zamanda iyile\u015ftirmeler ve\/veya de\u011fi\u015fiklikler yapabilir.<\/p><p>Miamivit, Miamivit taraf\u0131ndan sa\u011flanan \u0130\u00e7eri\u011fin do\u011frulu\u011fu konusunda hi\u00e7bir sorumluluk kabul etmez ve bu \u0130\u00e7eri\u011fin kullan\u0131m\u0131 kendi sorumlulu\u011funuzdad\u0131r. Miamivit, bildirilen herhangi bir sorunun, Miamivit taraf\u0131ndan sa\u011flanan herhangi bir \u0130\u00e7eri\u011fin kullan\u0131m\u0131yla \u00e7\u00f6z\u00fclebilece\u011fine dair hi\u00e7bir g\u00fcvence vermez.<\/p><h2>Kullan\u0131c\u0131 G\u00f6nderimleri<\/h2><p>Miamivit, Sitelerimiz arac\u0131l\u0131\u011f\u0131yla sizden gizli veya tescilli \u0130\u00e7erik almak istemez. Miamivit'e g\u00f6nderilen veya Sitelerde yay\u0131nlanan herhangi bir \u0130\u00e7eri\u011fin gizli OLMAYACA\u011eINI l\u00fctfen unutmay\u0131n. Miamivit'e \u0130\u00e7erik g\u00f6ndererek veya Sitelerde \u0130\u00e7erik yay\u0131nlayarak, Miamivit'e bu \u0130\u00e7eri\u011fi kullanma, \u00e7o\u011faltma, g\u00f6r\u00fcnt\u00fcleme, uygulama, de\u011fi\u015ftirme, iletme, t\u00fcrev \u00e7al\u0131\u015fmalar olu\u015fturma, da\u011f\u0131tma ve ba\u015fka \u015fekillerde kullanma konusunda s\u0131n\u0131rs\u0131z, geri al\u0131namaz, s\u00fcrekli, telifsiz, tamamen \u00f6denmi\u015f, devredilebilir ve alt lisanslanabilir bir hak ve lisans vermi\u015f olursunuz. Ayr\u0131ca, Miamivit'in bize g\u00f6nderdi\u011finiz herhangi bir fikir, konsept, bilgi birikimi veya tekni\u011fi herhangi bir ama\u00e7la kullanmakta \u00f6zg\u00fcr oldu\u011funu da kabul edersiniz.<\/p><h2>Topluluk Kurallar\u0131<\/h2><p>Herhangi bir topluluk gibi bizim toplulu\u011fumuz da, kullan\u0131c\u0131lar\u0131 birka\u00e7 basit kurala uydu\u011funda en iyi \u015fekilde i\u015fler. Sitelere eri\u015ferek ve\/veya Hizmetleri kullanarak, bu topluluk kurallar\u0131na (\"Topluluk Kurallar\u0131\") uymay\u0131 ve \u015funlar\u0131 kabul etmi\u015f olursunuz:<\/p><p>Siteleri veya Hizmetleri herhangi bir yasa d\u0131\u015f\u0131 ama\u00e7la kullanmayacaks\u0131n\u0131z;<\/p><p>Siteleri veya Hizmetleri, bir \u00fcr\u00fcn, hizmet veya \u015firketin reklam\u0131n\u0131 yapmak veya tan\u0131t\u0131m\u0131n\u0131 yapmak veya herhangi bir piramit veya di\u011fer \u00e7ok katmanl\u0131 pazarlama plan\u0131na kat\u0131lmak dahil ancak bunlarla s\u0131n\u0131rl\u0131 olmamak \u00fczere herhangi bir ticari faaliyette bulunmak i\u00e7in kullanamazs\u0131n\u0131z;<\/p><p>Rakip bir i\u015fletme i\u00e7in herhangi bir pazar ara\u015ft\u0131rmas\u0131 yapmak amac\u0131yla Sitelere eri\u015fmeyecek veya Hizmetleri kullanamayacaks\u0131n\u0131z;<\/p><p>\u015eunlar\u0131 i\u00e7eren hi\u00e7bir \u0130\u00e7eri\u011fi y\u00fcklemeyecek, yay\u0131nlamayacak, e-posta ile g\u00f6ndermeyecek, iletmeyecek veya ba\u015fka bir \u015fekilde kullan\u0131ma sunmayacaks\u0131n\u0131z:<\/p><p>Yanl\u0131\u015f, aldat\u0131c\u0131, yan\u0131lt\u0131c\u0131, aldat\u0131c\u0131, yanl\u0131\u015f bilgilendirici veya \"yem ve de\u011fi\u015ftirme\" teklifi olu\u015fturan;<\/p><p>Herhangi bir ki\u015fi veya kurulu\u015fun telif hakk\u0131n\u0131, ticari markas\u0131n\u0131, tan\u0131t\u0131m hakk\u0131n\u0131 veya di\u011fer m\u00fclkiyet haklar\u0131n\u0131 ihlal eden;<\/p><p>tehdit edici, haks\u0131z fiil niteli\u011finde, iftira niteli\u011finde, karalay\u0131c\u0131, ahlaks\u0131z, m\u00fcstehcen, pornografik, ba\u015fkas\u0131n\u0131n mahremiyetini ihlal eden veya \u015fiddeti te\u015fvik eden; veya<\/p><p>Ba\u015fka bir ki\u015fi hakk\u0131nda, o ki\u015finin e-posta adresi, posta adresi, telefon numaras\u0131, kredi kart\u0131 bilgileri veya benzeri bilgiler dahil olmak \u00fczere herhangi bir hassas bilgiyi if\u015fa eden;<\/p><p>Ba\u015fkalar\u0131n\u0131 \"takip etmeyeceksiniz\" veya ba\u015fka bir \u015fekilde taciz etmeyeceksiniz;<\/p><p>Herhangi bir ki\u015fi veya kurulu\u015fu taklit etmeyecek veya bir ki\u015fi veya kurulu\u015fla ba\u011flant\u0131n\u0131z\u0131 yanl\u0131\u015f beyan etmeyecek veya ba\u015fka bir \u015fekilde yanl\u0131\u015f tan\u0131tmayacaks\u0131n\u0131z;<\/p><p>Sitelerdeki herhangi bir g\u00fcvenlik \u00f6zelli\u011fini (\u00f6rne\u011fin, k\u00f6t\u00fcye kullan\u0131m bildir d\u00fc\u011fmesi) \u00f6rtmeyecek, gizlemeyecek, engellemeyecek veya herhangi bir \u015fekilde engellemeyeceksiniz;<\/p><p>Teknik altyap\u0131m\u0131za (tamamen kendi takdirimize ba\u011fl\u0131 olarak) makul olmayan veya orant\u0131s\u0131z derecede b\u00fcy\u00fck bir y\u00fck bindiren veya bindirebilecek herhangi bir eylemde bulunmayacaks\u0131n\u0131z;<\/p><p>\u0130nternet arama motorlar\u0131 (\u00f6rne\u011fin Google) ve robots.txt dosyam\u0131zla uyumlu ticari olmayan genel ar\u015fivler (\u00f6rne\u011fin archive.org) hari\u00e7 olmak \u00fczere, Sitelerden veri indirmek veya toplamak i\u00e7in \u00f6r\u00fcmcekler, robotlar, taray\u0131c\u0131lar, veri madencili\u011fi ara\u00e7lar\u0131 veya benzeri otomatik ara\u00e7lar kullanmayacaks\u0131n\u0131z;<\/p><p>Sitelerde otomatik g\u00f6nderilerin insan m\u00fcdahalesi veya yazarl\u0131\u011f\u0131 olmadan g\u00f6nderilmesini sa\u011flayan herhangi bir otomatik cihaz veya yaz\u0131l\u0131m kullanmayacaks\u0131n\u0131z. Bu t\u00fcr otomatik g\u00f6nderi cihazlar\u0131n\u0131n toplu g\u00f6nderilerle ba\u011flant\u0131l\u0131 olarak veya belirli zamanlarda veya aral\u0131klarla g\u00f6nderilerin otomatik olarak g\u00f6nderilmesi i\u00e7in kullan\u0131lmas\u0131 dahil ancak bunlarla s\u0131n\u0131rl\u0131 olmamak \u00fczere, bu t\u00fcr otomatik g\u00f6nderi cihazlar\u0131n\u0131n kullan\u0131m\u0131 yasakt\u0131r.<\/p><p>Herhangi bir vir\u00fcs, cihaz, bilgi toplama veya aktarma mekanizmas\u0131, yaz\u0131l\u0131m veya rutin kullanarak Sitelerin veya Hizmetlerin d\u00fczg\u00fcn \u00e7al\u0131\u015fmas\u0131na m\u00fcdahale etmeyecek veya kesintiye u\u011fratmaya \u00e7al\u0131\u015fmayacaks\u0131n\u0131z. Ayr\u0131ca, bilgisayar korsanl\u0131\u011f\u0131, parola veya veri madencili\u011fi veya ba\u015fka herhangi bir y\u00f6ntemle Siteler veya Hizmetlerle ilgili herhangi bir veriye, dosyaya veya parolaya eri\u015fmeye veya eri\u015fmeye \u00e7al\u0131\u015fmayacaks\u0131n\u0131z.<\/p><p>L\u00fctfen uygunsuz \u0130\u00e7erik hakk\u0131nda bizi bilgilendirin. Topluluk Kurallar\u0131m\u0131z\u0131 ihlal eden bir \u015fey bulursan\u0131z, l\u00fctfen bize bildirin, inceleyelim. Kendi mutlak takdirimize ba\u011fl\u0131 olarak, herhangi bir ki\u015finin Sitelere veya Hizmetlerin herhangi bir b\u00f6l\u00fcm\u00fcne eri\u015fimini \u00f6nceden haber vermeksizin reddetme ve bu kurallara uymayan herhangi bir \u0130\u00e7eri\u011fi kald\u0131rma hakk\u0131n\u0131 sakl\u0131 tutar\u0131z.<\/p><h2>\u00dc\u00e7\u00fcnc\u00fc Taraf Siteleri<\/h2><p>Siteler, \u00fc\u00e7\u00fcnc\u00fc taraf sitelere ba\u011flant\u0131lar i\u00e7erir. Miamivit, Miamivit ticari markas\u0131 veya logosu i\u00e7erebilecek siteler de dahil olmak \u00fczere bu sitelerin gizlilik uygulamalar\u0131 veya i\u00e7eri\u011fi \u00fczerinde hi\u00e7bir kontrole sahip de\u011fildir. Bu siteleri ziyaret ederseniz veya bu siteler arac\u0131l\u0131\u011f\u0131yla sunulan hizmetleri kullan\u0131rsan\u0131z, kullan\u0131m ko\u015fullar\u0131na ve gizlilik politikalar\u0131na tabi olursunuz. Ba\u015fka bir siteyi ziyaret ederken ge\u00e7erli \u00fc\u00e7\u00fcnc\u00fc taraf kullan\u0131m ko\u015fullar\u0131n\u0131 ve gizlilik politikas\u0131n\u0131 kontrol etmelisiniz. Ayr\u0131ca, Miamivit d\u0131\u015f\u0131 bir siteye ba\u011flant\u0131, Miamivit'in s\u00f6z konusu sitenin i\u00e7eri\u011fini veya kullan\u0131m\u0131n\u0131 onaylad\u0131\u011f\u0131 veya herhangi bir sorumluluk kabul etti\u011fi anlam\u0131na gelmez. Kullanmak i\u00e7in se\u00e7ti\u011finiz sitenin vir\u00fcs, solucan, truva at\u0131 ve di\u011fer y\u0131k\u0131c\u0131 nitelikteki \u00f6\u011felerden ar\u0131nm\u0131\u015f oldu\u011fundan emin olmak i\u00e7in gerekli \u00f6nlemleri almak size kalm\u0131\u015ft\u0131r.<\/p><p>Sorumluluk Reddi, Sorumlulu\u011fun S\u0131n\u0131rland\u0131r\u0131lmas\u0131, Tazminat<\/p><p>Miamivit, BA\u011eLI \u015e\u0130RKETLER\u0130 VE BUNLARIN Y\u00d6NET\u0130C\u0130LER\u0130, Y\u00d6NET\u0130C\u0130LER\u0130, \u00c7ALI\u015eANLARI VE ACENTELER\u0130 (TOPLUCA \"Miamivit TARAFLARI\"), S\u0130TELER, H\u0130ZMETLER, \u00dcR\u00dcNLER, PROGRAMLAR VEYA \u0130\u00c7ER\u0130KLE \u0130LG\u0130L\u0130 OLARAK, ANCAK BUNLARLA SINIRLI OLMAMAK \u00dcZERE, M\u00dcLK\u0130YET, T\u0130CAR\u0130 ELVER\u0130\u015eL\u0130L\u0130K, \u00dc\u00c7\u00dcNC\u00dc TARAFLARIN HAKLARININ \u0130HLAL ED\u0130LMEMES\u0130 VE BEL\u0130RL\u0130 B\u0130R AMACA UYGUNLUK GARANT\u0130LER\u0130 VE B\u0130R \u0130\u015eLEM D\u00dcZEN\u0130NDEN VEYA T\u0130CARET KULLANIMINDAN KAYNAKLANAN T\u00dcM GARANT\u0130LER\u0130 REDDEDER. S\u0130TELER, H\u0130ZMETLER, \u00dcR\u00dcNLER, PROGRAMLAR VE \u0130\u00c7ER\u0130K, HERHANG\u0130 B\u0130R T\u00dcRDE GARANT\u0130 OLMADAN \"OLDU\u011eU G\u0130B\u0130\" VE \"MEVCUT OLDU\u011eU G\u0130B\u0130\" SA\u011eLANMAKTADIR. S\u0130TELER\u0130, H\u0130ZMETLER\u0130, \u00dcR\u00dcNLER\u0130, PROGRAMLARI VE \u0130\u00c7ER\u0130\u011e\u0130 TAMAMEN KEND\u0130 R\u0130SK\u0130N\u0130Z ALTINDA KULLANMAYI KABUL EDERS\u0130N\u0130Z. B\u0130ZDEN VEYA S\u0130TELER VEYA H\u0130ZMETLER ARACILI\u011eIYLA S\u00d6ZL\u00dc VEYA YAZILI OLARAK ELDE ETT\u0130\u011e\u0130N\u0130Z H\u0130\u00c7B\u0130R TAVS\u0130YE, SONU\u00c7 VEYA B\u0130LG\u0130, BURADA A\u00c7IK\u00c7A BEL\u0130RT\u0130LMEYEN H\u0130\u00c7B\u0130R GARANT\u0130Y\u0130 OLU\u015eTURMAZ. Miamivit TARAFLARINDAN H\u0130\u00c7B\u0130R\u0130, S\u0130TELERE, H\u0130ZMETLERE, \u00dcR\u00dcNLERE, PROGRAMLARA VEYA \u0130\u00c7ER\u0130\u011eE ER\u0130\u015e\u0130M\u0130N\u0130Z VEYA BUNLARI KULLANIMINIZ NEDEN\u0130YLE B\u0130LG\u0130SAYAR EK\u0130PMANINIZDA VEYA D\u0130\u011eER M\u00dcLKLER\u0130N\u0130ZDE MEYDANA GELEB\u0130LECEK HERHANG\u0130 B\u0130R HASARDAN VEYA V\u0130R\u00dcSTEN SORUMLU TUTULAMAZ. S\u0130TELERDEN, H\u0130ZMETLERDEN, \u00dcR\u00dcNLERDEN, PROGRAMLARDAN VEYA \u0130\u00c7ER\u0130KTEN MEMNUN DE\u011e\u0130LSEN\u0130Z, TEK \u00c7\u00d6Z\u00dcM\u00dcN\u00dcZ S\u0130TELER\u0130 KULLANMAYI BIRAKMAKTIR.<\/p><p>Hi\u00e7bir durumda Miamivit Taraflar\u0131ndan hi\u00e7biri, S\u0130TELER\u0130, H\u0130ZMETLER\u0130, \u00dcR\u00dcNLER\u0130, PROGRAMLARI VEYA \u0130\u00c7ER\u0130\u011e\u0130 KULLANMANIZDAN VEYA KULLANAMAMANIZDAN KAYNAKLANAN HERHANG\u0130 B\u0130R ZARARDAN (SINIRLAMA OLMAMAK \u00dcZERE, ARIZ\u0130 VE DOLAYLI ZARARLAR, KAR KAYIPLARI VEYA \u0130\u015e KES\u0130NT\u0130S\u0130NDEN KAYNAKLANAN ZARARLAR DAH\u0130L) SORUMLU TUTULAMAZ, GARANT\u0130, S\u00d6ZLE\u015eME, HAKSIZ F\u0130\u0130L (\u0130HMAL DAH\u0130L) VEYA HERHANG\u0130 B\u0130R BA\u015eKA HUKUK\u0130 TEOR\u0130YE DAYALI OLSUN, Miamivit Taraflar\u0131na BU T\u00dcR ZARARLARIN OLASILI\u011eI B\u0130LD\u0130R\u0130LM\u0130\u015e OLSA B\u0130LE. BAZI YARGI ALANLARI, DO\u011eRUDAN, ARIZ\u0130 VEYA SONU\u00c7 OLARAK OLU\u015eAN ZARARLAR \u0130\u00c7\u0130N ZIMN\u0130 GARANT\u0130LER\u0130N HAR\u0130\u00c7 TUTULMASINA VEYA SORUMLULU\u011eUN SINIRLANDIRILMASINA \u0130Z\u0130N VERMEZ; BU NEDENLE YUKARIDAK\u0130 SINIRLAMALAR VEYA HAR\u0130\u00c7 TUTMALAR S\u0130Z\u0130N \u0130\u00c7\u0130N GE\u00c7ERL\u0130 OLMAYAB\u0130L\u0130R. BU T\u00dcR YARGI ALANLARINDA, SORUMLULU\u011eUMUZ (I) Y\u00dcZ DOLAR VEYA (II) UYGULANAB\u0130L\u0130R YASALARIN \u0130Z\u0130N VERD\u0130\u011e\u0130 EN D\u00dc\u015e\u00dcK TUTARDAN HANG\u0130S\u0130YLE SINIRLI OLACAKTIR.<\/p><p>(i) Siteleri, Hizmetleri, \u00dcr\u00fcnleri, Programlar\u0131 ve\/veya \u0130\u00e7eri\u011fi kullan\u0131m\u0131n\u0131z ve bunlara eri\u015fiminiz; (ii) bu Kullan\u0131m Ko\u015fullar\u0131 ve\/veya Gizlilik Politikam\u0131z\u0131n herhangi bir h\u00fckm\u00fcn\u00fc ihlal etmeniz; ve\/veya (iii) herhangi bir \u00fc\u00e7\u00fcnc\u00fc taraf hakk\u0131n\u0131 ihlal etmenizden kaynaklanan t\u00fcm \u00fc\u00e7\u00fcnc\u00fc taraf talepleri, zararlar\u0131, y\u00fck\u00fcml\u00fcl\u00fckleri ve masraflar\u0131 (avukatl\u0131k \u00fccretleri dahil) kar\u015f\u0131s\u0131nda Miamivit Taraflar\u0131n\u0131 savunmay\u0131, tazmin etmeyi ve zarar g\u00f6rmemelerini sa\u011flamay\u0131 kabul edersiniz. Bu savunma ve tazmin y\u00fck\u00fcml\u00fcl\u00fc\u011f\u00fc, bu Kullan\u0131m Ko\u015fullar\u0131n\u0131n feshedilmesi, de\u011fi\u015ftirilmesi veya s\u00fcresinin dolmas\u0131 durumunda da ge\u00e7erlili\u011fini koruyacakt\u0131r.<\/p><h2>Sitelerin \u0130zlenmesi<\/h2><p>Miamivit'in b\u00f6yle bir y\u00fck\u00fcml\u00fcl\u00fc\u011f\u00fc bulunmamakla birlikte, Miamivit, Sitelerdeki faaliyetleri sizden habersiz veya izinsiz olarak g\u00f6r\u00fcnt\u00fcleme, izleme ve kaydetme hakk\u0131n\u0131 a\u00e7\u0131k\u00e7a sakl\u0131 tutar. \u0130zleme, inceleme veya kay\u0131t yoluyla elde edilen t\u00fcm bilgiler, Siteler \u00fczerindeki olas\u0131 yasa d\u0131\u015f\u0131 faaliyetlerin soru\u015fturulmas\u0131 veya kovu\u015fturulmas\u0131 ile ba\u011flant\u0131l\u0131 olarak kolluk kuvvetleri taraf\u0131ndan incelenecektir. Miamivit ayr\u0131ca, bu t\u00fcr bilgilerin talep edildi\u011fi t\u00fcm mahkeme kararlar\u0131na ve t\u00fcm kolluk kuvvetleri ve d\u00fczenleyici soru\u015fturmalara uyacakt\u0131r. Miamivit, herhangi bir nedenle veya nedensiz olarak, kendi mutlak takdirine ba\u011fl\u0131 olarak, herhangi bir \u0130\u00e7eri\u011fi veya Sitelerin veya Hizmetlerin herhangi bir di\u011fer unsurunu, sizden bildirimde bulunmaks\u0131z\u0131n veya izin almaks\u0131z\u0131n kald\u0131rma veya de\u011fi\u015ftirme hakk\u0131n\u0131 sakl\u0131 tutar.<\/p><h2>Kullan\u0131m Ko\u015fullar\u0131nda G\u00fcncellemeler<\/h2><p>Bu Kullan\u0131m Ko\u015fullar\u0131, en \u00fcstte belirtilen tarihten itibaren ge\u00e7erlidir. Bu Kullan\u0131m Ko\u015fullar\u0131n\u0131 zaman zaman de\u011fi\u015ftirebiliriz. Bu Kullan\u0131m Ko\u015fullar\u0131na d\u00fczenli olarak ba\u015fvurman\u0131z gerekmektedir. Bu Kullan\u0131m Ko\u015fullar\u0131nda bir de\u011fi\u015fiklik yay\u0131nland\u0131ktan sonra Siteleri ziyaret ederseniz veya Hizmetleri kullan\u0131rsan\u0131z, s\u00f6z konusu de\u011fi\u015fikli\u011fe ba\u011fl\u0131 kal\u0131rs\u0131n\u0131z.<\/p><h2>Gizlilik<\/h2><p>Siteleri ve\/veya Hizmetleri kullan\u0131m\u0131n\u0131z, Ki\u015fisel Bilgilerinizin iletilmesini gerektirebilir. Ki\u015fisel Bilgilerin toplanmas\u0131 ve kullan\u0131lmas\u0131na ili\u015fkin politikam\u0131z, i\u015fbu belgeye tamamen referans olarak dahil edilen Gizlilik Politikam\u0131za (web sitesinde mevcuttur) tabidir.<\/p><h2>Ticari Markalar<\/h2><p>Miamivit, Amerika Birle\u015fik Devletleri'nde Miamivit Software'in tescilli ticari markas\u0131 ve di\u011fer \u00fclkelerde Miamivit Software'in tescilli ticari markas\u0131 veya ticari markas\u0131d\u0131r. Sitelerde listelenen t\u00fcm Miamivit \u00fcr\u00fcn ve hizmetleri, Amerika Birle\u015fik Devletleri ve\/veya di\u011fer \u00fclkelerde Miamivit Software'in tescilli ticari markalar\u0131 veya ticari markalar\u0131d\u0131r veya olabilir. Sitelerde listelenen di\u011fer t\u00fcm \u00fcr\u00fcn ve hizmetler, Amerika Birle\u015fik Devletleri ve\/veya di\u011fer \u00fclkelerde ilgili sahiplerinin tescilli ticari markalar\u0131 veya ticari markalar\u0131d\u0131r veya olabilir. Sitelerde g\u00f6r\u00fcnen hi\u00e7bir ticari markay\u0131, Miamivit'in veya hak sahibinin \u00f6nceden izni olmadan kullanamazs\u0131n\u0131z.<\/p><h2>Hesap Bilgileri<\/h2><p>Sitelerin, Hizmetlerin veya \u0130\u00e7eri\u011fin belirli alanlar\u0131na eri\u015fmek i\u00e7in ge\u00e7erli bir e-posta adresiyle ili\u015fkili bir hesap olu\u015fturman\u0131z gerekir. Hesap bilgilerinizin her zaman eksiksiz, do\u011fru ve g\u00fcncel olaca\u011f\u0131n\u0131 kabul edersiniz. Hesap parolan\u0131z\u0131 veya oturum a\u00e7ma bilgilerinizi her zaman gizli tutmak sizin sorumlulu\u011funuzdad\u0131r ve hesab\u0131n\u0131z alt\u0131nda, arac\u0131l\u0131\u011f\u0131yla ve\/veya hesab\u0131n\u0131zla ilgili ger\u00e7ekle\u015fen t\u00fcm faaliyetlerden Miamivit'e kar\u015f\u0131 yaln\u0131zca siz sorumlusunuz. Hesab\u0131n\u0131z\u0131n veya hesap bilgilerinizin yetkisiz kullan\u0131m\u0131ndan veya ba\u015fka bir g\u00fcvenlik ihlalinden haberdar olman\u0131z durumunda, Miamivit ile ileti\u015fime ge\u00e7erek Miamivit'i bilgilendirmeyi kabul edersiniz. Miamivit, herhangi bir zamanda ve herhangi bir nedenle hesap bilgilerinizi veya hesap bilgilerinizin belirli k\u0131s\u0131mlar\u0131n\u0131 de\u011fi\u015ftirmenizi isteyebilir.<\/p><h2>Uygulanacak Hukuk ve Yarg\u0131 Yetkisi<\/h2><p>Bu Kullan\u0131m Ko\u015fullar\u0131, kanunlar ihtilaf\u0131 ilkeleri dikkate al\u0131nmaks\u0131z\u0131n, yaln\u0131zca Amerika Birle\u015fik Devletleri, Massachusetts Eyaleti yasalar\u0131na g\u00f6re yorumlanacak ve uygulanacakt\u0131r. Bu Kullan\u0131m Ko\u015fullar\u0131 veya Siteler'den kaynaklanan veya bunlarla do\u011frudan veya dolayl\u0131 olarak ilgili herhangi bir hukuki veya hakkaniyete dayal\u0131 davan\u0131n yaln\u0131zca Boston, Massachusetts, ABD'deki bir eyalet veya federal mahkemede a\u00e7\u0131laca\u011f\u0131n\u0131 a\u00e7\u0131k\u00e7a kabul edersiniz ve Miamivit Siteleri, bunlara eri\u015fiminiz veya kullan\u0131m\u0131n\u0131z veya bu Kullan\u0131m Ko\u015fullar\u0131 ile ilgili herhangi bir dava ve b\u00f6lge d\u0131\u015f\u0131 tebligat ama\u00e7lar\u0131 do\u011frultusunda bu mahkemelerin ki\u015fisel yarg\u0131 yetkisine tabi olmay\u0131 kabul ve beyan edersiniz.<\/p><h2>\u0130hracat S\u0131n\u0131fland\u0131rmalar\u0131<\/h2><p>Burada aksi y\u00f6nde herhangi bir h\u00fck\u00fcm bulunsa dahi, Siteler, Hizmetler, \u0130\u00e7erik, Programlar veya Siteler veya Hizmetler arac\u0131l\u0131\u011f\u0131yla edinilen veya eri\u015filen herhangi bir Miamivit Yaz\u0131l\u0131m\u0131n\u0131 (\u00dcr\u00fcnler dahil) ABD ihracat k\u0131s\u0131tlamalar\u0131na tabi herhangi bir \u00fclke, ki\u015fi, kurulu\u015f veya son kullan\u0131c\u0131ya kullanmamay\u0131, da\u011f\u0131tmamay\u0131, ihra\u00e7 etmemeyi veya yeniden ihra\u00e7 etmemeyi a\u00e7\u0131k\u00e7a kabul edersiniz. Siteler, Hizmetler, \u0130\u00e7erik, Programlar veya Siteler veya Hizmetler arac\u0131l\u0131\u011f\u0131yla edinilen veya eri\u015filen herhangi bir Miamivit Yaz\u0131l\u0131m\u0131'n\u0131n herhangi bir k\u0131sm\u0131n\u0131 (veya herhangi bir b\u00f6l\u00fcm\u00fcn\u00fc) ABD'nin mal veya hizmet ihracat\u0131n\u0131 ambargo alt\u0131na ald\u0131\u011f\u0131 veya k\u0131s\u0131tlad\u0131\u011f\u0131 herhangi bir \u00fclkeye (ABD \u0130hracat \u0130daresi Y\u00f6netmeli\u011fi \u00dclke Grubu E-1'de listelenen herhangi bir \u00fclke dahil ancak bunlarla s\u0131n\u0131rl\u0131 olmamak \u00fczere) ihra\u00e7 etmemeyi, yeniden ihra\u00e7 etmemeyi veya devretmemeyi \u00f6zellikle kabul edersiniz. \u00dcr\u00fcnleri bu \u00fclkeye geri g\u00f6ndermeyi veya ta\u015f\u0131may\u0131 ama\u00e7layan herhangi bir \u00fclkenin vatanda\u015f\u0131na veya ABD h\u00fck\u00fcmetinin herhangi bir federal kurumu taraf\u0131ndan ABD ihracat i\u015flemlerine kat\u0131lmas\u0131 yasaklanm\u0131\u015f herhangi bir ki\u015fi veya kurulu\u015fa ihra\u00e7 etmemeyi, yeniden ihra\u00e7 etmemeyi veya devretmemeyi \u00f6zellikle kabul edersiniz. ABD Sanayi ve G\u00fcvenlik B\u00fcrosu, ABD Ticaret Bakanl\u0131\u011f\u0131 veya ba\u015fka herhangi bir federal kurumun ihracat ayr\u0131cal\u0131klar\u0131n\u0131z\u0131 ask\u0131ya almad\u0131\u011f\u0131n\u0131, iptal etmedi\u011fini veya reddetmedi\u011fini garanti ve beyan edersiniz.<\/p><p><strong>Miamivit Yaz\u0131l\u0131m Kullan\u0131m Ko\u015fullar\u0131 Son G\u00fcncelleme: 21\/08\/2025<\/strong><\/p><p>\u00a0<\/p><h1><br data-cke-eol=\"1\" \/><br \/><\/h1>\n\t\t\t\t\t<\/div>\n\t\t\t\t\t\t<\/div>\n\t\t\t\t<\/div>\n\t\t\t\t\t<\/div>\n\t\t\t\t<\/div>\n\t\t\t\t<\/div>\n\t\t","protected":false},"excerpt":{"rendered":"<p>Miamivit Yaz\u0131l\u0131m Kullan\u0131m Ko\u015fullar\u0131 Son G\u00fcncelleme: 21\/08\/2025 Miamivit Yaz\u0131l\u0131m, ba\u011fl\u0131 kurulu\u015flar\u0131 ve i\u015ftirakleri (topluca &#8220;Miamivit&#8221;, &#8220;biz&#8221;, &#8220;bize&#8221; veya &#8220;bizim&#8221;), www.Miamivit.com<\/p>\n","protected":false},"author":1,"featured_media":0,"parent":0,"menu_order":0,"comment_status":"closed","ping_status":"closed","template":"","meta":{"footnotes":""},"class_list":["post-29182","page","type-page","status-publish","hentry"],"_links":{"self":[{"href":"https:\/\/miamivit.com\/turkiye\/wp-json\/wp\/v2\/pages\/29182","targetHints":{"allow":["GET"]}}],"collection":[{"href":"https:\/\/miamivit.com\/turkiye\/wp-json\/wp\/v2\/pages"}],"about":[{"href":"https:\/\/miamivit.com\/turkiye\/wp-json\/wp\/v2\/types\/page"}],"author":[{"embeddable":true,"href":"https:\/\/miamivit.com\/turkiye\/wp-json\/wp\/v2\/users\/1"}],"replies":[{"embeddable":true,"href":"https:\/\/miamivit.com\/turkiye\/wp-json\/wp\/v2\/comments?post=29182"}],"version-history":[{"count":0,"href":"https:\/\/miamivit.com\/turkiye\/wp-json\/wp\/v2\/pages\/29182\/revisions"}],"wp:attachment":[{"href":"https:\/\/miamivit.com\/turkiye\/wp-json\/wp\/v2\/media?parent=29182"}],"curies":[{"name":"wp","href":"https:\/\/api.w.org\/{rel}","templated":true}]}}