{"id":30496,"date":"2025-12-20T07:34:55","date_gmt":"2025-12-20T07:34:55","guid":{"rendered":"https:\/\/miamivit.com\/turkiye\/?page_id=30496"},"modified":"2025-12-20T07:37:40","modified_gmt":"2025-12-20T07:37:40","slug":"factory","status":"publish","type":"page","link":"https:\/\/miamivit.com\/turkiye\/factory\/","title":{"rendered":"Factory"},"content":{"rendered":"\t\t<div data-elementor-type=\"wp-page\" data-elementor-id=\"30496\" class=\"elementor elementor-30496\" data-elementor-post-type=\"page\">\n\t\t\t\t<div class=\"wd-negative-gap elementor-element elementor-element-1c90c3f wd-section-stretch e-flex e-con-boxed e-con e-parent\" data-id=\"1c90c3f\" data-element_type=\"container\" data-e-type=\"container\" data-settings=\"{&quot;background_background&quot;:&quot;classic&quot;}\">\n\t\t\t\t\t<div class=\"e-con-inner\">\n\t\t\t\t<div class=\"elementor-element elementor-element-5d57672 elementor-widget__width-initial elementor-widget-tablet__width-inherit wd-width-100 elementor-widget elementor-widget-wd_title\" data-id=\"5d57672\" data-element_type=\"widget\" data-e-type=\"widget\" data-widget_type=\"wd_title.default\">\n\t\t\t\t<div class=\"elementor-widget-container\">\n\t\t\t\t\t\t\t<div class=\"title-wrapper wd-set-mb reset-last-child wd-title-color-primary wd-title-style-default wd-title-size-large text-left\">\n\n\t\t\t\t\t\t\t\t\t\t\t<div class=\"title-subtitle subtitle-color-primary subtitle-style-default wd-fontsize-xs\">\n\t\t\t\t\tY\u00dcKSELEN MERMER Fabrika\t\t\t\t<\/div>\n\t\t\t\n\t\t\t<div class=\"liner-continer\">\n\t\t\t\t<h4 class=\"woodmart-title-container title wd-fontsize-xxl\">Yata\u011fan il\u00e7emizde faaliyet g\u00f6steren fabrikam\u0131z 6.000 m2<\/h4> \n\t\t\t\t\t\t\t<\/div>\n\n\t\t\t\t\t<\/div>\n\t\t\t\t\t\t<\/div>\n\t\t\t\t<\/div>\n\t\t\t\t<div class=\"elementor-element elementor-element-9c05225 elementor-widget__width-initial elementor-widget elementor-widget-wd_infobox\" data-id=\"9c05225\" data-element_type=\"widget\" data-e-type=\"widget\" data-widget_type=\"wd_infobox.default\">\n\t\t\t\t<div class=\"elementor-widget-container\">\n\t\t\t\t\t\t\t<div class=\"info-box-wrapper\">\n\t\t\t<div class=\"wd-info-box text-left box-icon-align-top box-style-base color-scheme-\">\n\t\t\t\t\n\t\t\t\t<div class=\"info-box-content\">\n\t\t\t\t\t\n\t\t\t\t\t\t\t\t\t\t\t<h4\t\t\t\t\t\tclass=\"info-box-title title box-title-style-default wd-fontsize-m\" data-elementor-setting-key=\"title\">\n\t\t\t\t\t\t\t\tY\u00fckselen Mermer Fabrika\t\t\t\t\t\t<\/h4>\n\t\t\t\t\t\n\t\t\t\t\t<div class=\"info-box-inner reset-last-child\"data-elementor-setting-key=\"content\"><p>Yata\u011fan il\u00e7emizde faaliyet g\u00f6steren fabrikam\u0131z 6.000 m2 alan \u00fczerine kurulu olup g\u00fcn\u00fcm\u00fcz\u00fcn de\u011fi\u015fen ko\u015fullar\u0131 do\u011frultusunda ve m\u00fc\u015fteri taleplerine verilen \u00f6nem gere\u011fi piyasa ihtiyac\u0131na y\u00f6nelik bir \u00fcretim politikas\u0131 ile \u00fcretim yapmaktad\u0131r.<\/p>\n<\/div>\n\n\t\t\t\t\t\t\t\t\t<\/div>\n\n\t\t\t\t\t\t\t\t\t<a href=\"#\" class=\"wd-info-box-link wd-fill\" aria-label=\"Bilgi kutusu ba\u011flant\u0131s\u0131\"><\/a>\n\t\t\t\t\t\t\t<\/div>\n\t\t<\/div>\n\t\t\t\t\t\t<\/div>\n\t\t\t\t<\/div>\n\t\t\t\t<div class=\"elementor-element elementor-element-ec30bde elementor-widget__width-initial elementor-widget elementor-widget-wd_infobox\" data-id=\"ec30bde\" data-element_type=\"widget\" data-e-type=\"widget\" data-widget_type=\"wd_infobox.default\">\n\t\t\t\t<div class=\"elementor-widget-container\">\n\t\t\t\t\t\t\t<div class=\"info-box-wrapper\">\n\t\t\t<div class=\"wd-info-box text-left box-icon-align-top box-style-base color-scheme-\">\n\t\t\t\t\n\t\t\t\t<div class=\"info-box-content\">\n\t\t\t\t\t\n\t\t\t\t\t\t\t\t\t\t\t<h4\t\t\t\t\t\tclass=\"info-box-title title box-title-style-default wd-fontsize-m\" data-elementor-setting-key=\"title\">\n\t\t\t\t\t\t\t\tFabrika Teknoloji\t\t\t\t\t\t<\/h4>\n\t\t\t\t\t\n\t\t\t\t\t<div class=\"info-box-inner reset-last-child\"data-elementor-setting-key=\"content\"><p>Son teknoloji makine ekipmanlar\u0131 kullanarak yapt\u0131\u011f\u0131m\u0131z \u00fcretimler ile m\u00fc\u015fterilerimizin standartlar\u0131na paralel olarak sipari\u015f a\u015famas\u0131ndan <span class=\"misspell-word\">sevkiyata<\/span> kadar b\u00fct\u00fcn s\u00fcre\u00e7lerde en iyi hizmeti vermektedir.<\/p>\n<\/div>\n\n\t\t\t\t\t\t\t\t\t<\/div>\n\n\t\t\t\t\t\t\t\t\t<a href=\"#\" class=\"wd-info-box-link wd-fill\" aria-label=\"Bilgi kutusu ba\u011flant\u0131s\u0131\"><\/a>\n\t\t\t\t\t\t\t<\/div>\n\t\t<\/div>\n\t\t\t\t\t\t<\/div>\n\t\t\t\t<\/div>\n\t\t\t\t\t<\/div>\n\t\t\t\t<\/div>\n\t\t<div class=\"wd-negative-gap elementor-element elementor-element-7c7c544 e-flex e-con-boxed e-con e-parent\" data-id=\"7c7c544\" data-element_type=\"container\" data-e-type=\"container\">\n\t\t\t\t\t<div class=\"e-con-inner\">\n\t\t<div class=\"elementor-element elementor-element-e7cb5cd e-con-full e-flex e-con e-child\" data-id=\"e7cb5cd\" data-element_type=\"container\" data-e-type=\"container\">\n\t\t\t\t<div class=\"elementor-element elementor-element-56aec39 elementor-widget elementor-widget-wd_image_or_svg\" data-id=\"56aec39\" data-element_type=\"widget\" data-e-type=\"widget\" data-widget_type=\"wd_image_or_svg.default\">\n\t\t\t\t<div class=\"elementor-widget-container\">\n\t\t\t\t\t\n\t\t<div class=\"wd-image text-left\">\n\t\t\t\t\t\t\t\t<img loading=\"lazy\" decoding=\"async\" width=\"865\" height=\"487\" src=\"https:\/\/miamivit.com\/turkiye\/wp-content\/uploads\/2025\/12\/Yukselen-Fabrika-Kesme-Makinasi-1.jpg\" class=\"attachment-full size-full\" alt=\"\" srcset=\"https:\/\/miamivit.com\/turkiye\/wp-content\/uploads\/2025\/12\/Yukselen-Fabrika-Kesme-Makinasi-1.jpg 865w, https:\/\/miamivit.com\/turkiye\/wp-content\/uploads\/2025\/12\/Yukselen-Fabrika-Kesme-Makinasi-1-430x242.jpg 430w, https:\/\/miamivit.com\/turkiye\/wp-content\/uploads\/2025\/12\/Yukselen-Fabrika-Kesme-Makinasi-1-150x84.jpg 150w, https:\/\/miamivit.com\/turkiye\/wp-content\/uploads\/2025\/12\/Yukselen-Fabrika-Kesme-Makinasi-1-700x394.jpg 700w, https:\/\/miamivit.com\/turkiye\/wp-content\/uploads\/2025\/12\/Yukselen-Fabrika-Kesme-Makinasi-1-400x225.jpg 400w, https:\/\/miamivit.com\/turkiye\/wp-content\/uploads\/2025\/12\/Yukselen-Fabrika-Kesme-Makinasi-1-768x432.jpg 768w\" sizes=\"auto, (max-width: 865px) 100vw, 865px\" \/>\t\t\t\t\t<\/div>\n\n\t\t\t\t\t\t<\/div>\n\t\t\t\t<\/div>\n\t\t\t\t<\/div>\n\t\t<div class=\"elementor-element elementor-element-97d6084 e-con-full e-flex e-con e-child\" data-id=\"97d6084\" data-element_type=\"container\" data-e-type=\"container\">\n\t\t\t\t<div class=\"elementor-element elementor-element-98d830b wd-width-100 elementor-widget elementor-widget-wd_title\" data-id=\"98d830b\" data-element_type=\"widget\" data-e-type=\"widget\" data-widget_type=\"wd_title.default\">\n\t\t\t\t<div class=\"elementor-widget-container\">\n\t\t\t\t\t\t\t<div class=\"title-wrapper wd-set-mb reset-last-child wd-title-color-primary wd-title-style-default wd-title-size-large text-left\">\n\n\t\t\t\t\t\t\t\t\t\t\t<div class=\"title-subtitle subtitle-color-primary subtitle-style-default wd-fontsize-xs\">\n\t\t\t\t\tKavakl\u0131dere, Fethiye ve G\u00f6ktepe\t\t\t\t<\/div>\n\t\t\t\n\t\t\t<div class=\"liner-continer\">\n\t\t\t\t<h4 class=\"woodmart-title-container title wd-fontsize-xxl\">Y\u00dcKSELEN Fabrika<\/h4> \n\t\t\t\t\t\t\t<\/div>\n\n\t\t\t\t\t\t\t<div class=\"title-after_title reset-last-child wd-fontsize-s\">\n\t\t\t\t\t<p>Yata\u011fan il\u00e7emizde faaliyet g\u00f6steren fabrikam\u0131z 6.000 m2 alan \u00fczerine kurulu olup g\u00fcn\u00fcm\u00fcz\u00fcn de\u011fi\u015fen ko\u015fullar\u0131 do\u011frultusunda ve m\u00fc\u015fteri taleplerine verilen \u00f6nem gere\u011fi piyasa ihtiyac\u0131na y\u00f6nelik bir \u00fcretim politikas\u0131 ile \u00fcretim yapmaktad\u0131r.<br \/><br \/>Son teknoloji makine ekipmanlar\u0131 kullanarak yapt\u0131\u011f\u0131m\u0131z \u00fcretimler ile m\u00fc\u015fterilerimizin standartlar\u0131na paralel olarak sipari\u015f a\u015famas\u0131ndan <span class=\"misspell-word\">sevkiyata<\/span> kadar b\u00fct\u00fcn s\u00fcre\u00e7lerde en iyi hizmeti vermektedir.<br \/><br \/>Fabrikam\u0131zda ocaklar\u0131m\u0131zdan \u00e7\u0131kan <span class=\"misspell-word\">mermerlerimiz<\/span> her ebatta i\u015flenerek <span class=\"misspell-word\">yurti\u00e7i<\/span> ve <span class=\"misspell-word\">yurtd\u0131\u015f\u0131<\/span> piyasalara sat\u0131lmak \u00fczere nihai \u00fcr\u00fcn haline getirilmektedir.<br \/><br \/>Y\u00fckselen Mermer olarak fabrikam\u0131zda yapt\u0131\u011f\u0131m\u0131z \u00fcretimlere kendi imzam\u0131z\u0131 atarak pazar gereksinimlerini en uygun \u00fcretim ile ger\u00e7ekle\u015ftirmekteyiz.<\/p>\t\t\t\t<\/div>\n\t\t\t\t\t<\/div>\n\t\t\t\t\t\t<\/div>\n\t\t\t\t<\/div>\n\t\t<div class=\"elementor-element elementor-element-3eef7d8 e-con-full e-flex e-con e-child\" data-id=\"3eef7d8\" data-element_type=\"container\" data-e-type=\"container\">\n\t\t\t\t<div class=\"elementor-element elementor-element-cee0b0c elementor-widget__width-auto elementor-widget elementor-widget-wd_text_block\" data-id=\"cee0b0c\" data-element_type=\"widget\" data-e-type=\"widget\" data-widget_type=\"wd_text_block.default\">\n\t\t\t\t<div class=\"elementor-widget-container\">\n\t\t\t\t\t\t\t<div class=\"wd-text-block reset-last-child text-left\">\n\t\t\t\n\t\t\t<p><b><i>Y\u00fckselen Mermer Mu\u011fla<\/i><\/b><\/p>\n\t\t\t\t\t<\/div>\n\t\t\t\t\t\t<\/div>\n\t\t\t\t<\/div>\n\t\t\t\t<div class=\"elementor-element elementor-element-ee232e9 elementor-widget__width-auto elementor-hidden-phone elementor-widget elementor-widget-wd_social_buttons\" data-id=\"ee232e9\" data-element_type=\"widget\" data-e-type=\"widget\" data-widget_type=\"wd_social_buttons.default\">\n\t\t\t\t<div class=\"elementor-widget-container\">\n\t\t\t\t\t\t\t\t<div\n\t\t\t\t\t\tclass=\" wd-social-icons wd-style-colored-alt wd-size-small social-share wd-shape-circle color-scheme-dark text-left\">\n\t\t\t\t\n\t\t\t\t\n\t\t\t\t\t\t\t\t\t<a rel=\"noopener noreferrer nofollow\" href=\"https:\/\/www.facebook.com\/sharer\/sharer.php?u=https:\/\/miamivit.com\/turkiye\/factory\/\" target=\"_blank\" class=\" wd-social-icon social-facebook\" aria-label=\"Facebook sosyal ba\u011flant\u0131s\u0131\">\n\t\t\t\t\t\t<span class=\"wd-icon\"><\/span>\n\t\t\t\t\t\t\t\t\t\t\t<\/a>\n\t\t\t\t\n\t\t\t\t\t\t\t\t\t<a rel=\"noopener noreferrer nofollow\" href=\"https:\/\/x.com\/share?url=https:\/\/miamivit.com\/turkiye\/factory\/\" target=\"_blank\" class=\" wd-social-icon social-twitter\" aria-label=\"X sosyal ba\u011flant\u0131s\u0131\">\n\t\t\t\t\t\t<span class=\"wd-icon\"><\/span>\n\t\t\t\t\t\t\t\t\t\t\t<\/a>\n\t\t\t\t\n\t\t\t\t\n\t\t\t\t\n\t\t\t\t\n\t\t\t\t\n\t\t\t\t\n\t\t\t\t\t\t\t\t\t<a rel=\"noopener noreferrer nofollow\" href=\"https:\/\/pinterest.com\/pin\/create\/button\/?url=https:\/\/miamivit.com\/turkiye\/factory\/&#038;media=https:\/\/miamivit.com\/turkiye\/wp-includes\/images\/media\/default.svg&#038;description=Factory\" target=\"_blank\" class=\" wd-social-icon social-pinterest\" aria-label=\"Pinterest sosyal ba\u011flant\u0131s\u0131\">\n\t\t\t\t\t\t<span class=\"wd-icon\"><\/span>\n\t\t\t\t\t\t\t\t\t\t\t<\/a>\n\t\t\t\t\n\t\t\t\t\n\t\t\t\t\t\t\t\t\t<a rel=\"noopener noreferrer nofollow\" href=\"https:\/\/www.linkedin.com\/shareArticle?mini=true&#038;url=https:\/\/miamivit.com\/turkiye\/factory\/\" target=\"_blank\" class=\" wd-social-icon social-linkedin\" aria-label=\"Linkedin sosyal ba\u011flant\u0131s\u0131\">\n\t\t\t\t\t\t<span class=\"wd-icon\"><\/span>\n\t\t\t\t\t\t\t\t\t\t\t<\/a>\n\t\t\t\t\n\t\t\t\t\n\t\t\t\t\n\t\t\t\t\n\t\t\t\t\n\t\t\t\t\n\t\t\t\t\n\t\t\t\t\n\t\t\t\t\n\t\t\t\t\t\t\t\t\t<a rel=\"noopener noreferrer nofollow\" href=\"https:\/\/api.whatsapp.com\/send?text=https%3A%2F%2Fmiamivit.com%2Fturkiye%2Ffactory%2F\" target=\"_blank\" class=\" wd-hide-md wd-social-icon social-whatsapp\" aria-label=\"WhatsApp sosyal ba\u011flant\u0131s\u0131\">\n\t\t\t\t\t\t<span class=\"wd-icon\"><\/span>\n\t\t\t\t\t\t\t\t\t\t\t<\/a>\n\n\t\t\t\t\t<a rel=\"noopener noreferrer nofollow\" href=\"whatsapp:\/\/send?text=http:\/\/https%3A%2F%2Fmiamivit.com%2Fturkiye%2Ffactory%2F\" target=\"_blank\" class=\" wd-hide-lg wd-social-icon social-whatsapp\" aria-label=\"WhatsApp sosyal ba\u011flant\u0131s\u0131\">\n\t\t\t\t\t\t<span class=\"wd-icon\"><\/span>\n\t\t\t\t\t\t\t\t\t\t\t<\/a>\n\t\t\t\t\n\t\t\t\t\n\t\t\t\t\n\t\t\t\t\n\t\t\t\t\n\t\t\t\t\n\t\t\t\t\t\t\t\t\t<a rel=\"noopener noreferrer nofollow\" href=\"https:\/\/telegram.me\/share\/url?url=https:\/\/miamivit.com\/turkiye\/factory\/\" target=\"_blank\" class=\" wd-social-icon social-tg\" aria-label=\"Telegram sosyal ba\u011flant\u0131s\u0131\">\n\t\t\t\t\t\t<span class=\"wd-icon\"><\/span>\n\t\t\t\t\t\t\t\t\t\t\t<\/a>\n\t\t\t\t\n\t\t\t\t\n\t\t\t<\/div>\n\n\t\t\t\t\t\t<\/div>\n\t\t\t\t<\/div>\n\t\t\t\t<\/div>\n\t\t\t\t<\/div>\n\t\t\t\t\t<\/div>\n\t\t\t\t<\/div>\n\t\t<div class=\"wd-negative-gap elementor-element elementor-element-f168c0a e-flex e-con-boxed e-con e-parent\" data-id=\"f168c0a\" data-element_type=\"container\" data-e-type=\"container\">\n\t\t\t\t\t<div class=\"e-con-inner\">\n\t\t<div class=\"elementor-element elementor-element-5642404 e-con-full e-flex e-con e-child\" data-id=\"5642404\" data-element_type=\"container\" data-e-type=\"container\">\n\t\t\t\t<div class=\"elementor-element elementor-element-6cf5219 wd-width-100 elementor-widget elementor-widget-wd_video\" data-id=\"6cf5219\" data-element_type=\"widget\" data-e-type=\"widget\" data-widget_type=\"wd_video.default\">\n\t\t\t\t<div class=\"elementor-widget-container\">\n\t\t\t\t\t\n\t\t<div class=\"wd-el-video wd-action-overlay wd-video-youtube wd-with-aspect-ratio\">\n\t\t\t\t\t\t\t<iframe data-lazy-load=\"https:\/\/www.youtube.com\/embed\/XHOmBV4js_E?feature=oembed&loop=0&mute=0&controls=1\" allowfullscreen allow=\"accelerometer; autoplay; encrypted-media; gyroscope; picture-in-picture\" width=\"100%\" height=\"100%\" loading=\"lazy\" aria-label=\"Video oynat\u0131c\u0131\"><\/iframe>\t\t\t\n\t\t\t\n\t\t\t\n\t\t\t\t\t\t\t<div class=\"wd-el-video-overlay wd-fill\">\n\t\t\t\t\t<img loading=\"lazy\" decoding=\"async\" width=\"580\" height=\"340\" src=\"https:\/\/miamivit.com\/turkiye\/wp-content\/uploads\/2021\/10\/about-us-3-video-1.jpg\" class=\"attachment-full size-full\" alt=\"\" \/>\t\t\t\t<\/div>\n\t\t\t\t<div class=\"wd-el-video-control color-scheme-light wd-fill\">\n\t\t\t\t\t<span class=\"wd-el-video-play-btn\"><\/span>\n\t\t\t\t\t\t\t\t\t<\/div>\n\n\t\t\t\t<a class=\"wd-el-video-link wd-el-video-btn-overlay wd-fill\" href=\"https:\/\/www.youtube.com\/watch?v=XHOmBV4js_E\" aria-label=\"Video oynat\" target=\"_blank\" rel=\"noopener\"><\/a>\n\t\t\t\t\t<\/div>\n\t\t\t\t\t\t<\/div>\n\t\t\t\t<\/div>\n\t\t\t\t<div class=\"elementor-element elementor-element-3cc9380 wd-width-100 elementor-widget elementor-widget-wd_title\" data-id=\"3cc9380\" data-element_type=\"widget\" data-e-type=\"widget\" data-widget_type=\"wd_title.default\">\n\t\t\t\t<div class=\"elementor-widget-container\">\n\t\t\t\t\t\t\t<div class=\"title-wrapper wd-set-mb reset-last-child wd-title-color-default wd-title-style-default wd-title-size-default text-left\">\n\n\t\t\t\n\t\t\t<div class=\"liner-continer\">\n\t\t\t\t<h4 class=\"woodmart-title-container title wd-fontsize-l\">\u015eirket V\u0130ZYONUMUZ<\/h4> \n\t\t\t\t\t\t\t<\/div>\n\n\t\t\t\t\t<\/div>\n\t\t\t\t\t\t<\/div>\n\t\t\t\t<\/div>\n\t\t\t\t<div class=\"elementor-element elementor-element-6aa2027 elementor-widget elementor-widget-wd_text_block\" data-id=\"6aa2027\" data-element_type=\"widget\" data-e-type=\"widget\" data-widget_type=\"wd_text_block.default\">\n\t\t\t\t<div class=\"elementor-widget-container\">\n\t\t\t\t\t\t\t<div class=\"wd-text-block reset-last-child text-left\">\n\t\t\t\n\t\t\t<p>Y\u00fckselen Mermer olarak kaliteden \u00f6d\u00fcn vermeden, m\u00fc\u015fteri memnuniyetini en \u00fcst d\u00fczeyde tutmay\u0131, geli\u015fimi, ekip \u00e7al\u0131\u015fmas\u0131n\u0131, \u00e7evresel de\u011ferlere \u00f6nem vermeyi, teknolojik geli\u015fmeleri takip ederek etkinli\u011finin artt\u0131r\u0131lmas\u0131n\u0131, profesyonel y\u00f6netim anlay\u0131\u015f\u0131n\u0131 esas alarak, sekt\u00f6rdeki lider firmalardan biri olmay\u0131 kendine vizyon edinmi\u015ftir.<\/p>\n\t\t\t\t\t<\/div>\n\t\t\t\t\t\t<\/div>\n\t\t\t\t<\/div>\n\t\t\t\t<\/div>\n\t\t<div class=\"elementor-element elementor-element-b67633c e-con-full e-flex e-con e-child\" data-id=\"b67633c\" data-element_type=\"container\" data-e-type=\"container\">\n\t\t\t\t<div class=\"elementor-element elementor-element-fbc0b44 wd-width-100 elementor-widget elementor-widget-wd_video\" data-id=\"fbc0b44\" data-element_type=\"widget\" data-e-type=\"widget\" data-widget_type=\"wd_video.default\">\n\t\t\t\t<div class=\"elementor-widget-container\">\n\t\t\t\t\t\n\t\t<div class=\"wd-el-video wd-action-overlay wd-video-youtube wd-with-aspect-ratio\">\n\t\t\t\t\t\t\t<iframe data-lazy-load=\"https:\/\/www.youtube.com\/embed\/XHOmBV4js_E?feature=oembed&loop=0&mute=0&controls=1\" allowfullscreen allow=\"accelerometer; autoplay; encrypted-media; gyroscope; picture-in-picture\" width=\"100%\" height=\"100%\" loading=\"lazy\" aria-label=\"Video oynat\u0131c\u0131\"><\/iframe>\t\t\t\n\t\t\t\n\t\t\t\n\t\t\t\t\t\t\t<div class=\"wd-el-video-overlay wd-fill\">\n\t\t\t\t\t<img loading=\"lazy\" decoding=\"async\" width=\"580\" height=\"340\" src=\"https:\/\/miamivit.com\/turkiye\/wp-content\/uploads\/2021\/10\/about-us-3-video-2.jpg\" class=\"attachment-full size-full\" alt=\"\" \/>\t\t\t\t<\/div>\n\t\t\t\t<div class=\"wd-el-video-control color-scheme-light wd-fill\">\n\t\t\t\t\t<span class=\"wd-el-video-play-btn\"><\/span>\n\t\t\t\t\t\t\t\t\t<\/div>\n\n\t\t\t\t<a class=\"wd-el-video-link wd-el-video-btn-overlay wd-fill\" href=\"https:\/\/www.youtube.com\/watch?v=XHOmBV4js_E\" aria-label=\"Video oynat\" target=\"_blank\" rel=\"noopener\"><\/a>\n\t\t\t\t\t<\/div>\n\t\t\t\t\t\t<\/div>\n\t\t\t\t<\/div>\n\t\t\t\t<div class=\"elementor-element elementor-element-5fcf642 wd-width-100 elementor-widget elementor-widget-wd_title\" data-id=\"5fcf642\" data-element_type=\"widget\" data-e-type=\"widget\" data-widget_type=\"wd_title.default\">\n\t\t\t\t<div class=\"elementor-widget-container\">\n\t\t\t\t\t\t\t<div class=\"title-wrapper wd-set-mb reset-last-child wd-title-color-default wd-title-style-default wd-title-size-default text-left\">\n\n\t\t\t\n\t\t\t<div class=\"liner-continer\">\n\t\t\t\t<h4 class=\"woodmart-title-container title wd-fontsize-l\">\u015eirket M\u0130SYONUMUZ<\/h4> \n\t\t\t\t\t\t\t<\/div>\n\n\t\t\t\t\t\t\t<div class=\"title-after_title reset-last-child wd-fontsize-xs\">\n\t\t\t\t\t<p>M\u00fc\u015fterilerimizin ve \u00e7al\u0131\u015fanlar\u0131m\u0131z\u0131n mutlulu\u011funu art\u0131rmak, i\u015fini seven, en uygun maliyetle en y\u00fcksek kaliteyi \u00fcretmek i\u00e7in sistemin geli\u015ftirilmesi y\u00f6n\u00fcnde s\u00fcrekli iyile\u015ftirmeyi, \u00e7al\u0131\u015fanlar\u0131m\u0131za ve \u00fclkemize de\u011fer yaratan \u00f6rnek bir kurulu\u015f olmay\u0131, T\u00fcrk ekonomisine daha da g\u00fc\u00e7 katmay\u0131 kendimize misyon edindik.<\/p>\t\t\t\t<\/div>\n\t\t\t\t\t<\/div>\n\t\t\t\t\t\t<\/div>\n\t\t\t\t<\/div>\n\t\t\t\t<\/div>\n\t\t\t\t\t<\/div>\n\t\t\t\t<\/div>\n\t\t\t\t<\/div>\n\t\t","protected":false},"excerpt":{"rendered":"<p>Y\u00dcKSELEN MERMER Fabrika Yata\u011fan il\u00e7emizde faaliyet g\u00f6steren fabrikam\u0131z 6.000 m2 Y\u00fckselen Mermer Fabrika Yata\u011fan il\u00e7emizde faaliyet g\u00f6steren fabrikam\u0131z 6.000 m2<\/p>\n","protected":false},"author":1,"featured_media":0,"parent":0,"menu_order":0,"comment_status":"closed","ping_status":"closed","template":"","meta":{"footnotes":""},"class_list":["post-30496","page","type-page","status-publish","hentry"],"_links":{"self":[{"href":"https:\/\/miamivit.com\/turkiye\/wp-json\/wp\/v2\/pages\/30496","targetHints":{"allow":["GET"]}}],"collection":[{"href":"https:\/\/miamivit.com\/turkiye\/wp-json\/wp\/v2\/pages"}],"about":[{"href":"https:\/\/miamivit.com\/turkiye\/wp-json\/wp\/v2\/types\/page"}],"author":[{"embeddable":true,"href":"https:\/\/miamivit.com\/turkiye\/wp-json\/wp\/v2\/users\/1"}],"replies":[{"embeddable":true,"href":"https:\/\/miamivit.com\/turkiye\/wp-json\/wp\/v2\/comments?post=30496"}],"version-history":[{"count":0,"href":"https:\/\/miamivit.com\/turkiye\/wp-json\/wp\/v2\/pages\/30496\/revisions"}],"wp:attachment":[{"href":"https:\/\/miamivit.com\/turkiye\/wp-json\/wp\/v2\/media?parent=30496"}],"curies":[{"name":"wp","href":"https:\/\/api.w.org\/{rel}","templated":true}]}}