{"id":29362,"date":"2025-12-10T20:22:09","date_gmt":"2025-12-10T20:22:09","guid":{"rendered":"https:\/\/miamivit.com\/turkiye\/?post_type=product&#038;p=29362"},"modified":"2025-12-18T21:08:55","modified_gmt":"2025-12-18T21:08:55","slug":"miamivit-la-perla-mermer-esyalar-kitap-sonu-art-dekor-fil-jumbo-kitaplik-12x12cm","status":"publish","type":"product","link":"https:\/\/miamivit.com\/turkiye\/product\/miamivit-la-perla-mermer-esyalar-kitap-sonu-art-dekor-fil-jumbo-kitaplik-12x12cm\/","title":{"rendered":"Miamivit La Perla Mermer E\u015fyalar Kitap Sonu Art Dekor Fil Jumbo Kitapl\u0131k 12x12cm"},"content":{"rendered":"<h1>Do\u011fal Mermer Modern ve Klasik Tasar\u0131m Bulu\u015fuyor<\/h1>\n<p>Dekoratif kitap tutucu seti, modern geometrik kitap tutucular\u0131 mermer kitap tutucular\u0131n zamans\u0131z cazibesiyle birle\u015ftirerek raflar i\u00e7in m\u00fckemmel bir kitap tutucu olu\u015fturuyor.<br \/>\nA\u011f\u0131r Kitaplar\u0131 Yerinde Tutar &#8211; Bu a\u011f\u0131r hizmet tipi kitap tutucular, \u00e7ift olarak kullan\u0131labilir ve yemek kitaplar\u0131, dekoratif kitaplar ve daha fazlas\u0131 gibi a\u011f\u0131r kitaplar i\u00e7in m\u00fckemmel kitap tutuculard\u0131r.<\/p>\n<h1>Do\u011fal Mermer \u200bKitapl\u0131\u011f\u0131n\u0131zda Kaymaz<\/h1>\n<p>Kaymaz taban, bu a\u011f\u0131r kitap tutucular\u0131 yerinde tutar; bu \u00f6zellik, bu modern kitap tutucular\u0131 sadece dekoratif de\u011fil, ayn\u0131 zamanda pratik de k\u0131lar.<\/p>\n<h1>\u200bDo\u011fal Ger\u00e7ek Mermerden El Yap\u0131m\u0131 Kitap Tutucu<\/h1>\n<p>Yetenekli zanaatkarlar, bu mermer ve pirin\u00e7 kitap tutucular\u0131 olu\u015fturmak i\u00e7in masif mermer levhalar\u0131 oyup cilal\u0131yor. Mutfak kitap tutucular\u0131, bohem kitap tutucular\u0131 veya ba\u015fka herhangi bir yerde muhte\u015fem g\u00f6r\u00fcn\u00fcrler.<\/p>\n<h1>\u200bDo\u011fal Mermer Her Set E\u015fsizdir<\/h1>\n<p>\u200bMermer ta\u015f\u0131n\u0131n rengindeki ve damarlar\u0131ndaki do\u011fal varyasyon nedeniyle, bu beyaz kitap tutucular\u0131n hi\u00e7bir iki seti tam olarak ayn\u0131 de\u011fildir ve g\u00f6r\u00fcn\u00fcmde k\u00fc\u00e7\u00fck farkl\u0131l\u0131klar g\u00f6sterecektir.<\/p>\n<h1>Do\u011fal Mermer Kolay Bak\u0131m<\/h1>\n<p>Zahmetsiz Temizlik P\u00fcr\u00fczs\u00fcz, cilal\u0131 mermer y\u00fczey do\u011fal olarak g\u00f6zeneksizdir, bu da temizlemeyi kolayla\u015ft\u0131r\u0131r ve nem emilimine ve kal\u0131c\u0131 kokulara kar\u015f\u0131 diren\u00e7li olmas\u0131n\u0131 sa\u011flar. Sadece h\u0131zl\u0131 bir silme i\u015flemiyle hijyenik ve g\u00fczel kal\u0131r.<\/p>\n<h1>Do\u011fal Mermer En M\u00fckemmel Hediye<\/h1>\n<p>Fonksiyonel ve \u015e\u0131k D\u00fc\u011f\u00fcnler, ev hediyeleri veya gurme merakl\u0131lar\u0131 i\u00e7in d\u00fc\u015f\u00fcnceli bir se\u00e7im olan bu \u00fcr\u00fcn, her t\u00fcrl\u00fc modern veya klasik mutfak dekoruna uygun kal\u0131c\u0131 g\u00fczellik ve kullan\u0131\u015fl\u0131l\u0131k sunar.<\/p>\n<h1>\u0130\u015fletmenize \u00f6zel Fil Jumbo Kitap Deste\u011fi \u00dcr\u00fcnleri \u00c7\u00f6z\u00fcmleri<\/h1>\n<p>Fil Jumbo Kitap Deste\u011fi \u0130\u015fletmenize \u00f6zel markayla \u00fcretilmesi, \u00d6zel tasar\u0131m Fil Jumbo Kitap Deste\u011fi yap\u0131lmas\u0131 olmak \u00fczere, ihtiya\u00e7 ne miktarda olursa olsun. Fil Jumbo Kitap Deste\u011fi tasar\u0131ml\u0131 mermer \u00fcr\u00fcn \u00fcretimiyle ilgili bizle ileti\u015fime ge\u00e7ebilirsiniz. \u0130\u015fletmenize \u00f6zel tasar\u0131m ve \u00f6zel desenlerde Mermer Kesme Tahtas\u0131, Mumluk Tereya\u011f\u0131 kab\u0131, m\u00fccevher kab\u0131 veya ihtiyac\u0131n\u0131z olan mermer e\u015fyalar\u0131 \u00fcretiriz.<\/p>\n","protected":false},"excerpt":{"rendered":"<h1>Do\u011fal Ger\u00e7ek Mermerden El Yap\u0131m\u0131 Kitap Tutucu<\/h1>\n<p>Yetenekli zanaatkarlar, bu mermer ve pirin\u00e7 kitap tutucular\u0131 olu\u015fturmak i\u00e7in masif mermer levhalar\u0131 oyup cilal\u0131yor. Mutfak kitap tutucular\u0131, bohem kitap tutucular\u0131 veya ba\u015fka herhangi bir yerde muhte\u015fem g\u00f6r\u00fcn\u00fcrler.<\/p>\n","protected":false},"featured_media":29363,"comment_status":"open","ping_status":"closed","template":"","meta":[],"product_brand":[54],"product_cat":[77,23],"product_tag":[],"class_list":{"0":"post-29362","1":"product","2":"type-product","3":"status-publish","4":"has-post-thumbnail","6":"product_brand-miamivit","7":"product_cat-mermer-art-dekor","8":"product_cat-mermer-esyalar","10":"first","11":"instock","12":"shipping-taxable","13":"purchasable","14":"product-type-simple"},"tiered_pricing_type":"fixed","tiered_pricing_fixed_rules":[],"tiered_pricing_product_settings":{"layout":"default","base_unit_name":{"singular":null,"plural":null},"default_variation":null},"tiered_pricing_minimum_quantity":null,"tiered_pricing_roles_data":[],"tiered_pricing_percentage_rules":[],"tiered_pricing_maximum_quantity":null,"tiered_pricing_quantity_step":null,"fifu_image_url":"https:\/\/miamivit.com\/turkiye\/Image-tr\/Art-Decor\/AD003%20Miamivit%20La%20Perla%20Mermer%20E%C5%9Fyalar%20Kitap%20Sonu%20Art%20Dekor%20Fil%20Jumbo%20Kitapl%C4%B1k%2012x12cm-1-Default.jpg","_links":{"self":[{"href":"https:\/\/miamivit.com\/turkiye\/wp-json\/wp\/v2\/product\/29362","targetHints":{"allow":["GET"]}}],"collection":[{"href":"https:\/\/miamivit.com\/turkiye\/wp-json\/wp\/v2\/product"}],"about":[{"href":"https:\/\/miamivit.com\/turkiye\/wp-json\/wp\/v2\/types\/product"}],"replies":[{"embeddable":true,"href":"https:\/\/miamivit.com\/turkiye\/wp-json\/wp\/v2\/comments?post=29362"}],"version-history":[{"count":0,"href":"https:\/\/miamivit.com\/turkiye\/wp-json\/wp\/v2\/product\/29362\/revisions"}],"wp:featuredmedia":[{"embeddable":true,"href":"https:\/\/miamivit.com\/turkiye\/wp-json\/wp\/v2\/media\/29363"}],"wp:attachment":[{"href":"https:\/\/miamivit.com\/turkiye\/wp-json\/wp\/v2\/media?parent=29362"}],"wp:term":[{"taxonomy":"product_brand","embeddable":true,"href":"https:\/\/miamivit.com\/turkiye\/wp-json\/wp\/v2\/product_brand?post=29362"},{"taxonomy":"product_cat","embeddable":true,"href":"https:\/\/miamivit.com\/turkiye\/wp-json\/wp\/v2\/product_cat?post=29362"},{"taxonomy":"product_tag","embeddable":true,"href":"https:\/\/miamivit.com\/turkiye\/wp-json\/wp\/v2\/product_tag?post=29362"}],"curies":[{"name":"wp","href":"https:\/\/api.w.org\/{rel}","templated":true}]}}