{"id":29376,"date":"2025-12-10T20:26:12","date_gmt":"2025-12-10T20:26:12","guid":{"rendered":"https:\/\/miamivit.com\/turkiye\/?post_type=product&#038;p=29376"},"modified":"2025-12-18T21:07:12","modified_gmt":"2025-12-18T21:07:12","slug":"miamivit-la-perla-mermer-esyalar-resim-cerceve-art-dekor-fotograf-cercevesi-masa-kitaplik-vitrin-20cmx16cm","status":"publish","type":"product","link":"https:\/\/miamivit.com\/turkiye\/product\/miamivit-la-perla-mermer-esyalar-resim-cerceve-art-dekor-fotograf-cercevesi-masa-kitaplik-vitrin-20cmx16cm\/","title":{"rendered":"Miamivit La Perla Mermer E\u015fyalar Resim \u00c7er\u00e7eve Art Dekor Foto\u011fraf \u00c7er\u00e7evesi Masa, Kitapl\u0131k, Vitrin 20cmx16cm"},"content":{"rendered":"<h1>Do\u011fal Mermer Foto\u011fraf \u00c7er\u00e7evesi<\/h1>\n<p>\u200bDuvar, Mobilya \u00dcst\u00fc, Vitrin, Sunu K\u00f6\u015fesi, Masa\u00fcst\u00fc, Masa ve Raf Sergileme \u0130\u00e7in Dikey veya Yatay Do\u011fal Mermer Resim Tutucu<br \/>\n\u200bSevdikleriniz ve kendiniz i\u00e7in Do\u011fal Mermer resim tutucu<\/p>\n<h1>Do\u011fal Mermer \u00dcst\u00fcn \u0130\u015f\u00e7ilik Resim \u00c7er\u00e7evesi<\/h1>\n<p>\u200bBu hakiki mermer resim \u00e7er\u00e7evesi, her mekana zamans\u0131z bir zarafet ve dayan\u0131kl\u0131l\u0131k kat\u0131yor.<\/p>\n<h1>Do\u011fal Mermer Uyumlu Stil<\/h1>\n<p>\u200bDi\u011fer ba\u015fucu foto\u011fraf \u00e7er\u00e7eveleri ve masa\u00fcst\u00fc dekorlar\u0131yla kusursuz bir \u015fekilde e\u015fle\u015fir.<br \/>\nFoto\u011fraf\u0131 tutacak \u015fekilde tasarlanm\u0131\u015ft\u0131r ve \u015f\u0131k ve estetik bir masa\u00fcst\u00fc sergisi olu\u015fturur.<br \/>\n\u200b\u00d6zel Anlar\u0131 Do\u011fal Mermer \u00c7er\u00e7evede Sergileyin<br \/>\n\u200bRaflarda, komodinlerde veya duvara monte raflarda foto\u011fraf \u00e7er\u00e7eveleri i\u00e7in m\u00fckemmeldir.<\/p>\n<h1>Do\u011fal Mermer Kolay Bak\u0131m<\/h1>\n<p>Zahmetsiz Temizlik P\u00fcr\u00fczs\u00fcz, cilal\u0131 mermer y\u00fczey do\u011fal olarak g\u00f6zeneksizdir, bu da temizlemeyi kolayla\u015ft\u0131r\u0131r ve nem emilimine ve kal\u0131c\u0131 kokulara kar\u015f\u0131 diren\u00e7li olmas\u0131n\u0131 sa\u011flar. Sadece h\u0131zl\u0131 bir silme i\u015flemiyle hijyenik ve g\u00fczel kal\u0131r.<\/p>\n<h1>Do\u011fal Mermer En M\u00fckemmel Hediye<\/h1>\n<p>Fonksiyonel ve \u015e\u0131k D\u00fc\u011f\u00fcnler, ev hediyeleri veya gurme merakl\u0131lar\u0131 i\u00e7in d\u00fc\u015f\u00fcnceli bir se\u00e7im olan bu \u00fcr\u00fcn, her t\u00fcrl\u00fc modern veya klasik mutfak dekoruna uygun kal\u0131c\u0131 g\u00fczellik ve kullan\u0131\u015fl\u0131l\u0131k sunar.<br \/>\n\u200bD\u00fc\u015f\u00fcnceli Bir Hediye; \u015e\u0131k ev dekorasyonu sevenler i\u00e7in anlaml\u0131 bir d\u00fc\u011f\u00fcn, ni\u015fan, nikah, kutlama, \u015fampiyonluk, mezuniyet veya ev hediyesi.<\/p>\n<h1>\u0130\u015fletmenize \u00f6zel Foto\u011fraf \u00c7er\u00e7evesi \u00dcr\u00fcnleri \u00c7\u00f6z\u00fcmleri<\/h1>\n<p>Foto\u011fraf \u00c7er\u00e7evesi \u0130\u015fletmenize \u00f6zel markayla \u00fcretilmesi, \u00d6zel tasar\u0131m Foto\u011fraf \u00c7er\u00e7evesi yap\u0131lmas\u0131 olmak \u00fczere, ihtiya\u00e7 ne miktarda olursa olsun. Foto\u011fraf \u00c7er\u00e7evesi tasar\u0131ml\u0131 mermer \u00fcr\u00fcn \u00fcretimiyle ilgili bizle ileti\u015fime ge\u00e7ebilirsiniz. \u0130\u015fletmenize \u00f6zel tasar\u0131m ve \u00f6zel desenlerde Mermer Kesme Tahtas\u0131, Mumluk Tereya\u011f\u0131 kab\u0131, m\u00fccevher kab\u0131 veya ihtiyac\u0131n\u0131z olan mermer e\u015fyalar\u0131 \u00fcretiriz.<\/p>\n","protected":false},"excerpt":{"rendered":"<h1>Do\u011fal Mermer Foto\u011fraf \u00c7er\u00e7evesi<\/h1>\n<p>\u200bDuvar, Mobilya \u00dcst\u00fc, Vitrin, Sunu K\u00f6\u015fesi, Masa\u00fcst\u00fc, Masa ve Raf Sergileme \u0130\u00e7in Dikey veya Yatay Do\u011fal Mermer Resim Tutucu<br \/>\n\u200bSevdikleriniz ve kendiniz i\u00e7in Do\u011fal Mermer resim tutucu<\/p>\n","protected":false},"featured_media":29377,"comment_status":"open","ping_status":"closed","template":"","meta":[],"product_brand":[54],"product_cat":[77,23],"product_tag":[],"class_list":{"0":"post-29376","1":"product","2":"type-product","3":"status-publish","4":"has-post-thumbnail","6":"product_brand-miamivit","7":"product_cat-mermer-art-dekor","8":"product_cat-mermer-esyalar","10":"first","11":"instock","12":"shipping-taxable","13":"purchasable","14":"product-type-simple"},"tiered_pricing_type":"fixed","tiered_pricing_fixed_rules":[],"tiered_pricing_product_settings":{"layout":"default","base_unit_name":{"singular":null,"plural":null},"default_variation":null},"tiered_pricing_minimum_quantity":null,"tiered_pricing_roles_data":[],"tiered_pricing_percentage_rules":[],"tiered_pricing_maximum_quantity":null,"tiered_pricing_quantity_step":null,"fifu_image_url":"https:\/\/miamivit.com\/turkiye\/Image-tr\/Art-Decor\/White-Bright.Art-Decor-Photo-Frame.1-Default.jpg","_links":{"self":[{"href":"https:\/\/miamivit.com\/turkiye\/wp-json\/wp\/v2\/product\/29376","targetHints":{"allow":["GET"]}}],"collection":[{"href":"https:\/\/miamivit.com\/turkiye\/wp-json\/wp\/v2\/product"}],"about":[{"href":"https:\/\/miamivit.com\/turkiye\/wp-json\/wp\/v2\/types\/product"}],"replies":[{"embeddable":true,"href":"https:\/\/miamivit.com\/turkiye\/wp-json\/wp\/v2\/comments?post=29376"}],"version-history":[{"count":0,"href":"https:\/\/miamivit.com\/turkiye\/wp-json\/wp\/v2\/product\/29376\/revisions"}],"wp:featuredmedia":[{"embeddable":true,"href":"https:\/\/miamivit.com\/turkiye\/wp-json\/wp\/v2\/media\/29377"}],"wp:attachment":[{"href":"https:\/\/miamivit.com\/turkiye\/wp-json\/wp\/v2\/media?parent=29376"}],"wp:term":[{"taxonomy":"product_brand","embeddable":true,"href":"https:\/\/miamivit.com\/turkiye\/wp-json\/wp\/v2\/product_brand?post=29376"},{"taxonomy":"product_cat","embeddable":true,"href":"https:\/\/miamivit.com\/turkiye\/wp-json\/wp\/v2\/product_cat?post=29376"},{"taxonomy":"product_tag","embeddable":true,"href":"https:\/\/miamivit.com\/turkiye\/wp-json\/wp\/v2\/product_tag?post=29376"}],"curies":[{"name":"wp","href":"https:\/\/api.w.org\/{rel}","templated":true}]}}