{"id":29432,"date":"2025-12-10T20:45:27","date_gmt":"2025-12-10T20:45:27","guid":{"rendered":"https:\/\/miamivit.com\/turkiye\/?post_type=product&#038;p=29432"},"modified":"2025-12-18T21:00:16","modified_gmt":"2025-12-18T21:00:16","slug":"miamivit-la-perla-mermer-esyalar-ozel-sus-art-dekor-star-masa-kitaplik-vitrin-10cmx10cm","status":"publish","type":"product","link":"https:\/\/miamivit.com\/turkiye\/product\/miamivit-la-perla-mermer-esyalar-ozel-sus-art-dekor-star-masa-kitaplik-vitrin-10cmx10cm\/","title":{"rendered":"Miamivit La Perla Mermer E\u015fyalar \u00d6zel S\u00fcs Art Dekor Star Masa, Kitapl\u0131k, Vitrin 10cmx10cm"},"content":{"rendered":"<h1>Do\u011fal Mermer Star M\u00fckemmel Benzersiz Tasar\u0131m<\/h1>\n<p>\u200bVitrin S\u00fcs\u00fc, Mimari tasar\u0131mlarda m\u00fckemmel tercih.<br \/>\n\u200bOdan\u0131z\u0131, Ofisiniz g\u00fczelle\u015ftirmekte, Banyonuza estetik katmada kullanabilece\u011finiz m\u00fckemmel bir tasar\u0131m olu\u015fturmak i\u00e7in harika bir tercih<br \/>\n\u200bOrtam \u0131\u015f\u0131\u011f\u0131n\u0131 g\u00fczelle\u015ftirmekte m\u00fckemmel detaylar olu\u015fturur. Mermerin enerjisini ortam\u0131n\u0131zda hissettirir.<\/p>\n<h1>\u200b\u200bDo\u011fal Mermer Kolay Bak\u0131m<\/h1>\n<p>Zahmetsiz Temizlik P\u00fcr\u00fczs\u00fcz, cilal\u0131 mermer y\u00fczey do\u011fal olarak g\u00f6zeneksizdir, bu da temizlemeyi kolayla\u015ft\u0131r\u0131r ve nem emilimine ve kal\u0131c\u0131 kokulara kar\u015f\u0131 diren\u00e7li olmas\u0131n\u0131 sa\u011flar. Sadece h\u0131zl\u0131 bir silme i\u015flemiyle hijyenik ve g\u00fczel kal\u0131r.<\/p>\n<h1>Do\u011fal Mermer En M\u00fckemmel Hediye<\/h1>\n<p>Fonksiyonel ve \u015e\u0131k D\u00fc\u011f\u00fcnler, ev hediyeleri veya gurme merakl\u0131lar\u0131 i\u00e7in d\u00fc\u015f\u00fcnceli bir se\u00e7im olan bu \u00fcr\u00fcn, her t\u00fcrl\u00fc modern veya klasik mutfak dekoruna uygun kal\u0131c\u0131 g\u00fczellik ve kullan\u0131\u015fl\u0131l\u0131k sunar.<\/p>\n<h1>\u0130\u015fletmenize \u00f6zel Do\u011fal Mermer Star\u00a0\u00dcr\u00fcnleri \u00c7\u00f6z\u00fcmleri<\/h1>\n<p>Do\u011fal Mermer Star kab\u0131n\u0131n \u0130\u015fletmenize \u00f6zel markayla \u00fcretilmesi, \u00d6zel tasar\u0131m Do\u011fal Mermer Star yap\u0131lmas\u0131 olmak \u00fczere, ihtiya\u00e7 ne miktarda olursa olsun. Do\u011fal Mermer Star tasar\u0131ml\u0131 mermer \u00fcr\u00fcn \u00fcretimiyle ilgili bizle ileti\u015fime ge\u00e7ebilirsiniz. \u0130\u015fletmenize \u00f6zel tasar\u0131m ve \u00f6zel desenlerde Mermer Kesme Tahtas\u0131, Mumluk Tereya\u011f\u0131 kab\u0131, m\u00fccevher kab\u0131 veya ihtiyac\u0131n\u0131z olan mermer e\u015fyalar\u0131 \u00fcretiriz.<\/p>\n","protected":false},"excerpt":{"rendered":"<h1>Do\u011fal Mermer Star M\u00fckemmel Benzersiz Tasar\u0131m<\/h1>\n<p>\u200bVitrin S\u00fcs\u00fc, Mimari tasar\u0131mlarda m\u00fckemmel tercih.<br \/>\n\u200bOdan\u0131z\u0131, Ofisiniz g\u00fczelle\u015ftirmekte, Banyonuza estetik katmada kullanabilece\u011finiz m\u00fckemmel bir tasar\u0131m olu\u015fturmak i\u00e7in harika bir tercih<br \/>\n\u200bOrtam \u0131\u015f\u0131\u011f\u0131n\u0131 g\u00fczelle\u015ftirmekte m\u00fckemmel detaylar olu\u015fturur. Mermerin enerjisini ortam\u0131n\u0131zda hissettirir.<\/p>\n","protected":false},"featured_media":29433,"comment_status":"open","ping_status":"closed","template":"","meta":[],"product_brand":[54],"product_cat":[77,23],"product_tag":[],"class_list":{"0":"post-29432","1":"product","2":"type-product","3":"status-publish","4":"has-post-thumbnail","6":"product_brand-miamivit","7":"product_cat-mermer-art-dekor","8":"product_cat-mermer-esyalar","10":"first","11":"instock","12":"shipping-taxable","13":"purchasable","14":"product-type-simple"},"tiered_pricing_type":"fixed","tiered_pricing_fixed_rules":[],"tiered_pricing_product_settings":{"layout":"default","base_unit_name":{"singular":null,"plural":null},"default_variation":null},"tiered_pricing_minimum_quantity":null,"tiered_pricing_roles_data":[],"tiered_pricing_percentage_rules":[],"tiered_pricing_maximum_quantity":null,"tiered_pricing_quantity_step":null,"fifu_image_url":"https:\/\/miamivit.com\/turkiye\/Image-tr\/Art-Decor\/White-Bright.Art-Decor-Star.1-Default.jpg","_links":{"self":[{"href":"https:\/\/miamivit.com\/turkiye\/wp-json\/wp\/v2\/product\/29432","targetHints":{"allow":["GET"]}}],"collection":[{"href":"https:\/\/miamivit.com\/turkiye\/wp-json\/wp\/v2\/product"}],"about":[{"href":"https:\/\/miamivit.com\/turkiye\/wp-json\/wp\/v2\/types\/product"}],"replies":[{"embeddable":true,"href":"https:\/\/miamivit.com\/turkiye\/wp-json\/wp\/v2\/comments?post=29432"}],"version-history":[{"count":0,"href":"https:\/\/miamivit.com\/turkiye\/wp-json\/wp\/v2\/product\/29432\/revisions"}],"wp:featuredmedia":[{"embeddable":true,"href":"https:\/\/miamivit.com\/turkiye\/wp-json\/wp\/v2\/media\/29433"}],"wp:attachment":[{"href":"https:\/\/miamivit.com\/turkiye\/wp-json\/wp\/v2\/media?parent=29432"}],"wp:term":[{"taxonomy":"product_brand","embeddable":true,"href":"https:\/\/miamivit.com\/turkiye\/wp-json\/wp\/v2\/product_brand?post=29432"},{"taxonomy":"product_cat","embeddable":true,"href":"https:\/\/miamivit.com\/turkiye\/wp-json\/wp\/v2\/product_cat?post=29432"},{"taxonomy":"product_tag","embeddable":true,"href":"https:\/\/miamivit.com\/turkiye\/wp-json\/wp\/v2\/product_tag?post=29432"}],"curies":[{"name":"wp","href":"https:\/\/api.w.org\/{rel}","templated":true}]}}