{"id":29576,"date":"2025-12-10T22:21:39","date_gmt":"2025-12-10T22:21:39","guid":{"rendered":"https:\/\/miamivit.com\/turkiye\/?post_type=product&#038;p=29576"},"modified":"2025-12-18T20:56:40","modified_gmt":"2025-12-18T20:56:40","slug":"miamivit-la-perla-vitrifiye-havluluk-banyo-ayakli-havluluk-t-30cmx20cm-havlu-kurutma-asma","status":"publish","type":"product","link":"https:\/\/miamivit.com\/turkiye\/product\/miamivit-la-perla-vitrifiye-havluluk-banyo-ayakli-havluluk-t-30cmx20cm-havlu-kurutma-asma\/","title":{"rendered":"Miamivit La Perla Vitrifiye Havluluk Banyo Ayakl\u0131 Havluluk-T-30cmx20cm Havlu Kurutma Asma"},"content":{"rendered":"<h2>M\u00fckemmel Y\u00fckseklik Do\u011fal Mermer Ayakl\u0131 Havluluk<\/h2>\n<p>Ayakta durabilen havlu ask\u0131s\u0131, banyo havlular\u0131n\u0131 yere de\u011fmeden asmak i\u00e7in ideal uzun bir havlu ask\u0131s\u0131d\u0131r.<br \/>\nM\u00fckemmel Y\u00fckseklik: Do\u011fal Mermer Havlu Ask\u0131s\u0131 do\u011fal y\u00fcksekli\u011finde olan ayakta durabilen havlu ask\u0131s\u0131, banyo havlular\u0131n\u0131 yere de\u011fmeden asmak i\u00e7in ideal uzun bir havlu ask\u0131s\u0131d\u0131r.<\/p>\n<h2>A\u011f\u0131r ve Benzersiz Dayan\u0131kl\u0131 Mermer Taban<\/h2>\n<p>Sa\u011flam mermer taban\u0131n a\u011f\u0131rl\u0131\u011f\u0131 ba\u011f\u0131ms\u0131z havlu ask\u0131s\u0131n\u0131n devrilmesini \u00f6nler. Taban, farkl\u0131 renk tonlar\u0131 ve desenlerde mermer ta\u015flardan yap\u0131lm\u0131\u015ft\u0131r, mermer taban\u0131n her par\u00e7as\u0131 benzersizdir. Serbest hareket eden ve \u015f\u0131k bir dekorasyon, delme gerektirmez.<br \/>\nBa\u011f\u0131ms\u0131z havlu ask\u0131s\u0131n\u0131 istedi\u011finiz yere kolayca yerle\u015ftirebilirsiniz. Zarif bir ambalajda paketlenmi\u015ftir.<br \/>\nBoyutlar ba\u011f\u0131ms\u0131z havlu ask\u0131s\u0131, ayn\u0131 anda iki mega\/jumbo banyo havlusunu tutacak kadar geni\u015f alan sa\u011flayan \u00fcst ve alt kollara sahiptir. Banyo havlular\u0131n\u0131 d\u00fczenli ve rahat bir \u015fekilde sergilemek i\u00e7in iki T \u015feklinde kol.<\/p>\n<h2>Do\u011fal Mermer Havlu Ask\u0131s\u0131 \u015e\u0131k ve D\u00fc\u015f\u00fcnceli Tasar\u0131m<\/h2>\n<p>Bu ayakta duran havlu ask\u0131s\u0131 ideal y\u00fcksekli\u011findedir. Daha y\u00fcksek konumuyla, b\u00fcy\u00fck boy banyo havlular\u0131n\u0131z i\u00e7in uygundur ve banyo havlular\u0131n\u0131 alman\u0131z daha kolayd\u0131r. Havlular\u0131n\u0131z art\u0131k yere de\u011fmeyecek.<br \/>\nHavlu kolu Normal, Mega ve Jumbo gibi \u00e7o\u011fu ev tipi havlu i\u00e7in yeterince geni\u015ftir.<br \/>\nEkstra Kal\u0131n \u00c7ubuk paslanmaz \u00e7elik \u00e7ubuktan \u00fcretilen, ba\u011f\u0131ms\u0131z 2 katl\u0131 banyo havlu ask\u0131s\u0131, sa\u011flamd\u0131r.<\/p>\n<h2>Do\u011fal Mermer Ayakl\u0131 Havluluk Kaymaz<\/h2>\n<p>Paket i\u00e7eri\u011finde kaymaz pedler bulunur; taban\u0131n alt\u0131na yerle\u015ftirilen kaymaz ped, havlu ask\u0131s\u0131n\u0131n kaymas\u0131n\u0131 \u00f6nler ve zeminin \u00e7izilmesini engeller.<\/p>\n<h2>Do\u011fal Mermer Ayakl\u0131 Havluluk Kolay Montaj<\/h2>\n<p>Delik a\u00e7maya gerek yok! Mermer taban\u0131 d\u00fcz bir y\u00fczeye yerle\u015ftirin ve montaj talimatlar\u0131na g\u00f6re T \u015feklindeki \u00e7ubuklar\u0131 mermer taban\u0131n alt\u0131na vidalar\u0131 s\u0131karak monte edin. Ard\u0131ndan havlu ask\u0131s\u0131n\u0131 istedi\u011finiz yere kolayca yerle\u015ftirebilirsiniz.<br \/>\nPaket i\u00e7eri\u011finde kaymaz ped, vida, pul ve Allen anahtar\u0131, montaj talimat\u0131 gibi montaj ara\u00e7lar\u0131 bulunmaktad\u0131r.<\/p>\n<h2>Do\u011fal Mermer Ayakl\u0131 Havluluk Paslanmaz<\/h2>\n<p>T \u015feklindeki havlu ask\u0131lar\u0131, birinci s\u0131n\u0131f paslanmaz \u00e7elikten \u00fcretilmi\u015ftir; pas ve korozyona kar\u015f\u0131 koruma sa\u011flarken havlunuzu temiz ve d\u00fczenli tutar. Banyo, balkon veya y\u00fczme havuzu gibi nemli ortamlar i\u00e7in idealdir.<\/p>\n<h2>Do\u011fal Mermer Ayakl\u0131 Havluluk Bak\u0131m ve Temizlik<\/h2>\n<p>Periyodik olarak \u0131l\u0131k su ve yumu\u015fak bir havluyla silin, mermer tabanl\u0131 f\u0131r\u00e7alanm\u0131\u015f alt\u0131n havlu ask\u0131s\u0131 tekrar yepyeni g\u00f6r\u00fcnecektir. Koruyucu kaplamaya zarar verebilece\u011finden, cila, deterjan, a\u015f\u0131nd\u0131r\u0131c\u0131 temizleyici, organik \u00e7\u00f6z\u00fcc\u00fc veya asit KULLANMAYIN.<br \/>\n\u00c7e\u015fitli ev ortamlar\u0131na kolayca uyum sa\u011flar ve kullan\u0131\u015fl\u0131 bir saklama alan\u0131 sunar.<\/p>\n<h2>E\u015fsiz Parf\u00fcm Tepsisi Do\u011fal Mermer<\/h2>\n<p>Do\u011fal mermer dokusu benzersizdir ve evinizi dekore etmek i\u00e7in m\u00fckemmeldir. Bu mermer dekoratif tepsi, masa \u00fcst\u00fcne parlak ve benzersiz bir ihti\u015fam katacak ve ola\u011fan\u00fcst\u00fc sanatsal zevki g\u00f6sterecektir.<\/p>\n<h2>Do\u011fal Mermer Kolay Temizleme<\/h2>\n<p>Bu Do\u011fal mermer tak\u0131 tepsisi g\u00fc\u00e7l\u00fc ve dayan\u0131kl\u0131d\u0131r, su ge\u00e7irmez ve leke tutmaz. Bu makyaj masas\u0131 i\u00e7in parf\u00fcm tepsisi kolayca temizlenebilir ve koku \u00fcretmez, her zaman temiz ve taze kal\u0131r, ev ya\u015fam\u0131n\u0131za b\u00fcy\u00fck kolayl\u0131k getirir.<\/p>\n<h2>Zarif Hediye Se\u00e7ene\u011fi:<\/h2>\n<p>\u015e\u0131k tasar\u0131m\u0131, onu her durum i\u00e7in m\u00fckemmel bir hediye yapar. Bu mermer e\u015fya sadece pratik bir saklama \u00e7\u00f6z\u00fcm\u00fc de\u011fil, ayn\u0131 zamanda do\u011fum g\u00fcnleri, ev hediyeleri ve di\u011fer \u00f6zel g\u00fcnler i\u00e7in l\u00fcks bir hediye fikridir. Sevdiklerinizi Do\u011fal T\u00fcrk mermer kavanozunun g\u00fczelli\u011fi ve i\u015flevselli\u011fiyle \u015f\u0131mart\u0131n.<\/p>\n<h2>\u0130\u015fletmenize \u00f6zel Mermer E\u015fya \u00dcr\u00fcnleri \u00c7\u00f6z\u00fcmleri<\/h2>\n<p>Mermer E\u015fyalar \u0130\u015fletmenize \u00f6zel markayla \u00fcretilmesi, \u00d6zel tasar\u0131m Mermer e\u015fya yap\u0131lmas\u0131 olmak \u00fczere, ihtiya\u00e7 ne miktarda olursa olsun. Mermer e\u015fya tasar\u0131ml\u0131 mermer \u00fcr\u00fcn \u00fcretimiyle ilgili bizle ileti\u015fime ge\u00e7ebilirsiniz. \u0130\u015fletmenize \u00f6zel tasar\u0131m ve \u00f6zel desenlerde Mermer Kutu, Mumluk Tereya\u011f\u0131 kab\u0131, m\u00fccevher kab\u0131 veya ihtiyac\u0131n\u0131z olan mermer e\u015fyalar\u0131 \u00fcretiriz.<\/p>\n","protected":false},"excerpt":{"rendered":"<h2>M\u00fckemmel Y\u00fckseklik Do\u011fal Mermer Ayakl\u0131 Havluluk<\/h2>\n<p>Ayakta durabilen havlu ask\u0131s\u0131, banyo havlular\u0131n\u0131 yere de\u011fmeden asmak i\u00e7in ideal uzun bir havlu ask\u0131s\u0131d\u0131r.<br \/>\nM\u00fckemmel Y\u00fckseklik: Do\u011fal Mermer Havlu Ask\u0131s\u0131 do\u011fal y\u00fcksekli\u011finde olan ayakta durabilen havlu ask\u0131s\u0131, banyo havlular\u0131n\u0131 yere de\u011fmeden asmak i\u00e7in ideal uzun bir havlu ask\u0131s\u0131d\u0131r.<\/p>\n","protected":false},"featured_media":29577,"comment_status":"open","ping_status":"closed","template":"","meta":[],"product_brand":[54],"product_cat":[78,23],"product_tag":[],"class_list":{"0":"post-29576","1":"product","2":"type-product","3":"status-publish","4":"has-post-thumbnail","6":"product_brand-miamivit","7":"product_cat-mermer-banyo-aksesuar","8":"product_cat-mermer-esyalar","10":"first","11":"instock","12":"shipping-taxable","13":"purchasable","14":"product-type-simple"},"tiered_pricing_type":"fixed","tiered_pricing_fixed_rules":[],"tiered_pricing_product_settings":{"layout":"default","base_unit_name":{"singular":null,"plural":null},"default_variation":null},"tiered_pricing_minimum_quantity":null,"tiered_pricing_roles_data":[],"tiered_pricing_percentage_rules":[],"tiered_pricing_maximum_quantity":null,"tiered_pricing_quantity_step":null,"fifu_image_url":"https:\/\/miamivit.com\/turkiye\/Image-tr\/Bathroom\/White-Bright.Bathroom-Vanity-Standing-Towel-Rack-T-30cmx20cm.1-Default.jpg","_links":{"self":[{"href":"https:\/\/miamivit.com\/turkiye\/wp-json\/wp\/v2\/product\/29576","targetHints":{"allow":["GET"]}}],"collection":[{"href":"https:\/\/miamivit.com\/turkiye\/wp-json\/wp\/v2\/product"}],"about":[{"href":"https:\/\/miamivit.com\/turkiye\/wp-json\/wp\/v2\/types\/product"}],"replies":[{"embeddable":true,"href":"https:\/\/miamivit.com\/turkiye\/wp-json\/wp\/v2\/comments?post=29576"}],"version-history":[{"count":0,"href":"https:\/\/miamivit.com\/turkiye\/wp-json\/wp\/v2\/product\/29576\/revisions"}],"wp:featuredmedia":[{"embeddable":true,"href":"https:\/\/miamivit.com\/turkiye\/wp-json\/wp\/v2\/media\/29577"}],"wp:attachment":[{"href":"https:\/\/miamivit.com\/turkiye\/wp-json\/wp\/v2\/media?parent=29576"}],"wp:term":[{"taxonomy":"product_brand","embeddable":true,"href":"https:\/\/miamivit.com\/turkiye\/wp-json\/wp\/v2\/product_brand?post=29576"},{"taxonomy":"product_cat","embeddable":true,"href":"https:\/\/miamivit.com\/turkiye\/wp-json\/wp\/v2\/product_cat?post=29576"},{"taxonomy":"product_tag","embeddable":true,"href":"https:\/\/miamivit.com\/turkiye\/wp-json\/wp\/v2\/product_tag?post=29576"}],"curies":[{"name":"wp","href":"https:\/\/api.w.org\/{rel}","templated":true}]}}