{"id":29715,"date":"2025-12-11T16:04:05","date_gmt":"2025-12-11T16:04:05","guid":{"rendered":"https:\/\/miamivit.com\/turkiye\/?post_type=product&#038;p=29715"},"modified":"2026-01-27T18:07:36","modified_gmt":"2026-01-27T18:07:36","slug":"miamivit-la-perla-vitrifiye-kuvet-banyo-banyo-tech-ai-215x66x92-mermer-luks-banyo","status":"publish","type":"product","link":"https:\/\/miamivit.com\/turkiye\/product\/miamivit-la-perla-vitrifiye-kuvet-banyo-banyo-tech-ai-215x66x92-mermer-luks-banyo\/","title":{"rendered":"Miamivit La Perla Vitrifiye K\u00fcvet Banyo Banyo-Tech-AI-215x66x92-Mermer L\u00fcks Banyo"},"content":{"rendered":"<h1>Do\u011fal L\u00fcks Y\u00fckselen Mermer K\u00fcvet<\/h1>\n<p>Do\u011fal L\u00fcks \u00a0Y\u00fckselen Mermer K\u00fcvet, l\u00fcks ve dinginli\u011fin \u00e7arp\u0131c\u0131 bir \u00f6rne\u011fidir. Parlakl\u0131\u011f\u0131yla \u00fcnl\u00fc bu k\u00fcvet, Mu\u011fla&#8217;<span class=\"misspell-word\">n\u0131n<\/span> zamans\u0131z ta\u015f ocaklar\u0131ndan do\u011frudan temin edilen Y\u00fckselen mermerinden \u00fcretilmi\u015ftir ve banyonuza T\u00fcrk hamam, Roma Hamam zarafetinin bir dokunu\u015funu getirir.<\/p>\n<p>Her k\u00fcvet, tek bir beyaz Y\u00fckselen mermer <span class=\"misspell-word\">blo\u011fundan<\/span> titizlikle oyulmu\u015f ve Mu\u011fla&#8217;<span class=\"misspell-word\">daki<\/span> usta zanaatkarlar\u0131m\u0131z taraf\u0131ndan elle i\u015flenmi\u015ftir, bu da her par\u00e7ay\u0131 ger\u00e7ekten benzersiz k\u0131lar. Parlatma i\u015flemi, k\u00fcvetin do\u011fal esteti\u011fini art\u0131ran ve dokunuldu\u011funda ho\u015f bir doku sa\u011flayan ince, mat bir y\u00fczey sa\u011flar. Y\u00fckselen Mermerinin yumu\u015fak, u\u00e7ucu damar desenleri, ge\u00e7mi\u015f d\u00f6nemlerin ihti\u015fam\u0131n\u0131 \u00e7a\u011fr\u0131\u015ft\u0131ran klasik bir \u00e7ekicilik katmaktad\u0131r.<\/p>\n<p>Boyutu tamamen \u00f6zelle\u015ftirilebilir olan bu ba\u011f\u0131ms\u0131z k\u00fcvet, alan\u0131n\u0131za m\u00fckemmel bir \u015fekilde uyacak \u015fekilde tam olarak sizin \u00f6zelliklerinize g\u00f6re uyarlanabilir. Size \u00f6zel ve enfes bir \u015fekilde \u00fcretilmi\u015f bu mermer k\u00fcvet, banyonuzun merkez par\u00e7as\u0131 olmaktan \u00e7ok daha fazlas\u0131; bir s\u0131\u011f\u0131nak, bir sanat eseri ve rafine zevkinizi yans\u0131tan bir ifade.<\/p>\n<h1>Y\u00fckselen Mermerimiz Hakk\u0131nda<\/h1>\n<p>L\u00fcks hissi ve do\u011fal g\u00fczelli\u011fiyle mermer, banyo dekoruna sofistike bir hava kat\u0131yor. Binlerce y\u0131ld\u0131r banyolar i\u00e7in tercih edilen malzeme olan mermer, zamans\u0131z bir klasik. Mermer koleksiyonumuz, en saf beyazlardan en parlak turunculara, sakinle\u015ftirici mavilerden en yo\u011fun siyahlara kadar uzan\u0131yor. Ve \u00e7e\u015fitli zarif kaplama se\u00e7enekleriyle, kendi mermer <span class=\"misspell-word\">k\u00fcvetiniz<\/span> i\u00e7in do\u011fru olan\u0131 bulaca\u011f\u0131n\u0131zdan emin olabilirsiniz. Daha fazla bilgi edinmek i\u00e7in Mermer Koleksiyonumuza g\u00f6z at\u0131n.<\/p>\n<h1>Y\u00fckselen L\u00fcks Orijinal Mermer<\/h1>\n<p>Bu \u00fcr\u00fcn, do\u011fal g\u00fczelli\u011fi, benzersiz damarlar\u0131 ve l\u00fcks dokusuyla de\u011fer verilen otantik mermerden \u00fcretilmi\u015ftir.<\/p>\n<h1>Do\u011fal Y\u00fckselen Mermer Dayan\u0131kl\u0131 Malzeme<\/h1>\n<p>Mermerin do\u011fal dayan\u0131kl\u0131l\u0131\u011f\u0131 ve yo\u011fun yap\u0131s\u0131, Y\u00fckselen K\u00fcvetinin a\u015f\u0131nmaya ve \u00e7izilmeye kar\u015f\u0131 son derece dayan\u0131kl\u0131 olmas\u0131n\u0131 sa\u011flayarak banyonuz i\u00e7in kal\u0131c\u0131 bir zarafet vaat eder.<\/p>\n<h1>Y\u00fckselen Mermer \u00d6zel \u00d6l\u00e7\u00fclerde \u00dcretilmi\u015f<\/h1>\n<p>Size \u00f6zel olarak tasarlanan mermer <span class=\"misspell-word\">k\u00fcvetlerimiz<\/span>, ki\u015fiselle\u015ftirilebilir boyutlar ve \u00f6zel detaylar sunarak, ger\u00e7ekten size ait bir banyo <span class=\"misspell-word\">tasarlaman\u0131za<\/span> olanak tan\u0131r.<br data-tcx-user-gemerated=\"true\" \/><span class=\"misspell-word\">Intel<\/span>, <span class=\"misspell-word\">Nvidia<\/span>, <span class=\"misspell-word\">Epic<\/span> AI Teknolojileriyle 3D olarak <span class=\"misspell-word\">tasar\u0131mlar\u0131n\u0131za<\/span> g\u00f6re %100 size \u00f6zel en y\u00fcksek teknolojiler kullan\u0131larak haz\u0131rlan\u0131r.<\/p>\n<h1>Y\u00fckselen Mermer Kolay Bak\u0131m<\/h1>\n<p>G\u00f6rkemli \u00fcn\u00fcne ra\u011fmen, mermerin bak\u0131m\u0131 minimum \u00e7aba gerektirir. Derz veya conta olmamas\u0131 sayesinde g\u00fcnl\u00fck temizlik \u00e7ok kolayd\u0131r ve periyodik s\u0131zd\u0131rmazl\u0131k, uzun s\u00fcreli \u015f\u0131kl\u0131\u011f\u0131 sa\u011flar.<\/p>\n<h1>Do\u011fal Mermer Daha Uzun S\u00fcre S\u0131cak Kal\u0131r<\/h1>\n<p>Mermer k\u00fcvetler, daha uzun s\u00fcre s\u0131cakl\u0131\u011f\u0131 koruyarak, rahatlaman\u0131z\u0131 uzat\u0131r ve enerji t\u00fcketimini azalt\u0131r. Saf konfor, saf l\u00fcks.<\/p>\n<h1>Do\u011fal Mermer E\u015fsiz Tasar\u0131m<\/h1>\n<p><span class=\"misspell-word\">\u0130ki <\/span>m<span class=\"misspell-word\">ermer <\/span>p<span class=\"misspell-word\">ar\u00e7as\u0131 <\/span>b<span class=\"misspell-word\">irbirine <\/span>b<span class=\"misspell-word\">enzemez,<\/span> b<span class=\"misspell-word\">u <\/span>d<span class=\"misspell-word\">a <\/span>her Y<span class=\"misspell-word\">\u00fckselen\u00a0<\/span>K<span class=\"misspell-word\">\u00fcvetini <\/span>e<span class=\"misspell-word\">\u015fsiz <\/span>k<span class=\"misspell-word\">\u0131lar.<\/span> Her biri, d<span class=\"misspell-word\">o\u011fan\u0131n <\/span>s<span class=\"misspell-word\">anat\u0131n\u0131n <\/span>v<span class=\"misspell-word\">e <\/span>b<span class=\"misspell-word\">enzersiz <\/span>b<span class=\"misspell-word\">\u00fcy\u00fcleyici <\/span>t<span class=\"misspell-word\">asar\u0131mlar\u0131n\u0131n <\/span>b<span class=\"misspell-word\">ir <\/span>kan\u0131t\u0131d\u0131r.<\/p>\n<h1>Do\u011fal Mermer \u0130\u00e7 H<span class=\"misspell-word\">uzuru<\/span><\/h1>\n<p><span class=\"misspell-word\">Miamivit<\/span>\u00a0sat\u0131n alarak, yat\u0131r\u0131m\u0131n\u0131z\u0131n sa\u011flam 5 y\u0131ll\u0131k <span class=\"misspell-word\">garantimizle<\/span> g\u00fcvence alt\u0131nda oldu\u011fundan emin olabilirsiniz. Kalite ve i\u00e7 huzuru garantilidir.<\/p>\n<h1>Y\u00fckselen <span class=\"misspell-word\">K\u00fcvetiniz<\/span><\/h1>\n<p>Son derece sa\u011flam ambalaj &#8211; bu k\u00fcvet, g\u00fcvenli teslimat\u0131 sa\u011flamak i\u00e7in \u00f6zel olarak \u00fcretilmi\u015f ah\u015fap kutusunda ta\u015f\u0131n\u0131r.<\/p>\n<h1>K\u00fcvet Gider Kapa\u011f\u0131<\/h1>\n<p>Y\u00fckselen k\u00fcveti, zarif bir \u015fekilde tasarlanm\u0131\u015f ve m\u00fckemmel bir \u015fekilde \u00fcretilmi\u015f bir gider kapa\u011f\u0131 i\u00e7erir. Klasik krom veya uyumlu mermer se\u00e7enekleriyle sunulan bu enfes aksesuar, \u015f\u0131k bir son dokunu\u015ftur.<\/p>\n<h1>Y\u00fcksek Kaliteli Sifon<\/h1>\n<p>Y\u00fckselen <span class=\"misspell-word\">k\u00fcvetiniz<\/span>, her seferinde g\u00fcvenli ve sorunsuz bir banyo deneyimi sa\u011flamak i\u00e7in kaliteye olan ba\u011fl\u0131l\u0131\u011f\u0131m\u0131z\u0131 simgeleyen birinci s\u0131n\u0131f yatay bir k\u00fcvet sifonu ile standart olarak gelir.<\/p>\n","protected":false},"excerpt":{"rendered":"<h1>Do\u011fal L\u00fcks Y\u00fckselen Mermer K\u00fcvet<\/h1>\n<p>Do\u011fal L\u00fcks \u00a0Y\u00fckselen Mermer K\u00fcvet, l\u00fcks ve dinginli\u011fin \u00e7arp\u0131c\u0131 bir \u00f6rne\u011fidir. Parlakl\u0131\u011f\u0131yla \u00fcnl\u00fc bu k\u00fcvet, Mu\u011fla&#8217;<span class=\"misspell-word\">n\u0131n<\/span> zamans\u0131z ta\u015f ocaklar\u0131ndan do\u011frudan temin edilen Y\u00fckselen mermerinden \u00fcretilmi\u015ftir ve banyonuza T\u00fcrk hamam, Roma Hamam zarafetinin bir dokunu\u015funu getirir.<\/p>\n<p>Her k\u00fcvet, tek bir beyaz Y\u00fckselen mermer <span class=\"misspell-word\">blo\u011fundan<\/span> titizlikle oyulmu\u015f ve Mu\u011fla&#8217;<span class=\"misspell-word\">daki<\/span> usta zanaatkarlar\u0131m\u0131z taraf\u0131ndan elle i\u015flenmi\u015ftir, bu da her par\u00e7ay\u0131 ger\u00e7ekten benzersiz k\u0131lar. Parlatma i\u015flemi, k\u00fcvetin do\u011fal esteti\u011fini art\u0131ran ve dokunuldu\u011funda ho\u015f bir doku sa\u011flayan ince, mat bir y\u00fczey sa\u011flar. Y\u00fckselen Mermerinin yumu\u015fak, u\u00e7ucu damar desenleri, ge\u00e7mi\u015f d\u00f6nemlerin ihti\u015fam\u0131n\u0131 \u00e7a\u011fr\u0131\u015ft\u0131ran klasik bir \u00e7ekicilik katmaktad\u0131r.<\/p>\n","protected":false},"featured_media":29716,"comment_status":"open","ping_status":"closed","template":"","meta":[],"product_brand":[54],"product_cat":[100,92],"product_tag":[],"class_list":{"0":"post-29715","1":"product","2":"type-product","3":"status-publish","4":"has-post-thumbnail","6":"product_brand-miamivit","7":"product_cat-mermer-kuvet","8":"product_cat-vitrifiye","10":"first","11":"instock","12":"shipping-taxable","13":"purchasable","14":"product-type-simple"},"tiered_pricing_type":"fixed","tiered_pricing_fixed_rules":[],"tiered_pricing_product_settings":{"layout":"default","base_unit_name":{"singular":null,"plural":null},"default_variation":null},"tiered_pricing_minimum_quantity":null,"tiered_pricing_roles_data":[],"tiered_pricing_percentage_rules":[],"tiered_pricing_maximum_quantity":null,"tiered_pricing_quantity_step":null,"fifu_image_url":"https:\/\/miamivit.com\/turkiye\/Image-tr\/Bathroom\/White-Bright.Bathub-Tech-AI-215x66x92-Marble.1-Default.jpg","_links":{"self":[{"href":"https:\/\/miamivit.com\/turkiye\/wp-json\/wp\/v2\/product\/29715","targetHints":{"allow":["GET"]}}],"collection":[{"href":"https:\/\/miamivit.com\/turkiye\/wp-json\/wp\/v2\/product"}],"about":[{"href":"https:\/\/miamivit.com\/turkiye\/wp-json\/wp\/v2\/types\/product"}],"replies":[{"embeddable":true,"href":"https:\/\/miamivit.com\/turkiye\/wp-json\/wp\/v2\/comments?post=29715"}],"version-history":[{"count":0,"href":"https:\/\/miamivit.com\/turkiye\/wp-json\/wp\/v2\/product\/29715\/revisions"}],"wp:featuredmedia":[{"embeddable":true,"href":"https:\/\/miamivit.com\/turkiye\/wp-json\/wp\/v2\/media\/29716"}],"wp:attachment":[{"href":"https:\/\/miamivit.com\/turkiye\/wp-json\/wp\/v2\/media?parent=29715"}],"wp:term":[{"taxonomy":"product_brand","embeddable":true,"href":"https:\/\/miamivit.com\/turkiye\/wp-json\/wp\/v2\/product_brand?post=29715"},{"taxonomy":"product_cat","embeddable":true,"href":"https:\/\/miamivit.com\/turkiye\/wp-json\/wp\/v2\/product_cat?post=29715"},{"taxonomy":"product_tag","embeddable":true,"href":"https:\/\/miamivit.com\/turkiye\/wp-json\/wp\/v2\/product_tag?post=29715"}],"curies":[{"name":"wp","href":"https:\/\/api.w.org\/{rel}","templated":true}]}}