{"id":29757,"date":"2025-12-11T16:37:40","date_gmt":"2025-12-11T16:37:40","guid":{"rendered":"https:\/\/miamivit.com\/turkiye\/?post_type=product&#038;p=29757"},"modified":"2025-12-18T20:32:08","modified_gmt":"2025-12-18T20:32:08","slug":"miamivit-la-perla-vitrifiye-kutu-banyo-kutu-sivi-sabun-dalga-8cm-esya-koyma","status":"publish","type":"product","link":"https:\/\/miamivit.com\/turkiye\/product\/miamivit-la-perla-vitrifiye-kutu-banyo-kutu-sivi-sabun-dalga-8cm-esya-koyma\/","title":{"rendered":"Miamivit La Perla Vitrifiye Kutu Banyo Kutu-S\u0131v\u0131-Sabun-Dalga-8cm E\u015fya Koyma"},"content":{"rendered":"<p>Do\u011fal Mermer, Traverten Mermer Sabunluk, Paslanmaz \u00c7elik Pompal\u0131, Mutfak ve Banyo <span class=\"misspell-word\">\u0130\u00e7in <\/span>M<span class=\"misspell-word\">ermer <\/span>L<span class=\"misspell-word\">osyon <\/span>v<span class=\"misspell-word\">e <\/span>S<span class=\"misspell-word\">\u0131v\u0131 <\/span>S<span class=\"misspell-word\">abun <\/span>\u015e<span class=\"misspell-word\">i\u015feleri<\/span><\/p>\n<h1>Do\u011fal Mermer veya Traverten Ta\u015f<\/h1>\n<p>Birinci s\u0131n\u0131f L\u00fcks T\u00fcrk Mermeri veya traverten mermerden \u00fcretilen her sabunluk, benzersiz do\u011fal damarlar ve dokular sunar. Banyo, mutfak veya makyaj alan\u0131n\u0131za zarif, organik bir estetik katar.<\/p>\n<h1>Doldurulabilir Paslanmaz \u00c7elik Pompa<\/h1>\n<p>Dayan\u0131kl\u0131 paslanmaz \u00e7elik pompa ile donat\u0131lm\u0131\u015f bu sabunluk, s\u0131v\u0131 sabun, losyon, \u015fampuan, masaj ya\u011f\u0131, bula\u015f\u0131k deterjan\u0131 gibi \u00fcr\u00fcnlerin sorunsuz ve zahmetsizce da\u011f\u0131t\u0131lmas\u0131n\u0131 sa\u011flar. Pompa, uzun s\u00fcreli g\u00fcvenilirlik ve kolay doldurma i\u00e7in tasarlanm\u0131\u015ft\u0131r.<\/p>\n<h1>\u00d6zel Do\u011fal Mermerden alt\u0131 Kaymaz Kau\u00e7uk<\/h1>\n<p>Alt k\u0131sma kaymaz bir kau\u00e7uk <span class=\"misspell-word\">ped<\/span> tak\u0131lm\u0131\u015ft\u0131r; bu sayede sabunluk tezgah \u00fczerinde sabit kal\u0131rken, mermer gibi hassas y\u00fczeylerde \u00e7izik, a\u015f\u0131nma veya hasar olu\u015fmas\u0131 \u00f6nlenir. Ah\u015fap<br data-tcx-user-gemerated=\"true\" \/><span class=\"misspell-word\">Kompakt<\/span> Tasar\u0131m: 150 <span class=\"misspell-word\">ml<\/span> kapasitesiyle bu sabunluk, g\u00fcnl\u00fck ihtiya\u00e7lar i\u00e7in m\u00fckemmel boyuttad\u0131r; fazla yer kaplamadan bol miktarda s\u0131v\u0131 sa\u011flar.<\/p>\n<p><span class=\"misspell-word\">Kompakt<\/span> formu, dar tezgah \u00fcstlerine veya kalabal\u0131k banyo dolaplar\u0131na sorunsuz bir \u015fekilde uyum sa\u011flar.<\/p>\n<h1>Do\u011fal Mermer S\u0131v\u0131 Sabunluk \u00c7ok Y\u00f6nl\u00fc Ev Dekorasyonu<\/h1>\n<p><span class=\"misspell-word\">\u0130\u015flevselli\u011fin <\/span>\u00f6<span class=\"misspell-word\">tesinde,<\/span> d<span class=\"misspell-word\">o\u011fal <\/span>m<span class=\"misspell-word\">ermer <\/span>v<span class=\"misspell-word\">e\u00a0<\/span>t<span class=\"misspell-word\">raverten <\/span>y<span class=\"misspell-word\">ap\u0131s\u0131 <\/span>her o<span class=\"misspell-word\">rtama <\/span>s<span class=\"misspell-word\">ofistike,<\/span> s<span class=\"misspell-word\">pa <\/span>e<span class=\"misspell-word\">sintili <\/span>b<span class=\"misspell-word\">ir <\/span>dokunu\u015f katar. M<span class=\"misspell-word\">odern,<\/span> r<span class=\"misspell-word\">ustik <\/span>v<span class=\"misspell-word\">eya <\/span>l<span class=\"misspell-word\">\u00fcks <\/span>tasar\u0131m s<span class=\"misspell-word\">tillerini <\/span>k<span class=\"misspell-word\">usursuz <\/span>b<span class=\"misspell-word\">ir <\/span>\u015f<span class=\"misspell-word\">ekilde <\/span>t<span class=\"misspell-word\">amamlar.<\/span><\/p>\n<h1><span class=\"misspell-word\">\u0130\u015fletmenize <\/span>\u00f6<span class=\"misspell-word\">zel <\/span>S<span class=\"misspell-word\">\u0131v\u0131 <\/span>S<span class=\"misspell-word\">abunluk\u00a0<\/span>M<span class=\"misspell-word\">ermer <\/span>K<span class=\"misspell-word\">utu <\/span>\u00dc<span class=\"misspell-word\">r\u00fcnleri <\/span>\u00c7<span class=\"misspell-word\">\u00f6z\u00fcmleri<\/span><\/h1>\n<p>S\u0131v\u0131 Sabunluk Mermer Kutu kab\u0131n\u0131n <span class=\"misspell-word\">\u0130\u015fletmenize <\/span>\u00f6<span class=\"misspell-word\">zel <\/span>m<span class=\"misspell-word\">arkayla <\/span>\u00fc<span class=\"misspell-word\">retilmesi,<\/span> \u00d6<span class=\"misspell-word\">zel <\/span>tasar\u0131m M<span class=\"misspell-word\">ermer <\/span>K<span class=\"misspell-word\">utu <\/span>y<span class=\"misspell-word\">ap\u0131lmas\u0131 <\/span>o<span class=\"misspell-word\">lmak <\/span>\u00fczere, i<span class=\"misspell-word\">htiya\u00e7 <\/span>n<span class=\"misspell-word\">e <\/span>m<span class=\"misspell-word\">iktarda <\/span>o<span class=\"misspell-word\">lursa <\/span>o<span class=\"misspell-word\">lsun.<\/span> M<span class=\"misspell-word\">ermer <\/span>S<span class=\"misspell-word\">\u0131v\u0131 <\/span>S<span class=\"misspell-word\">abun\u00a0<\/span>K<span class=\"misspell-word\">utu <\/span>t<span class=\"misspell-word\">asar\u0131ml\u0131 <\/span>m<span class=\"misspell-word\">ermer <\/span>\u00fc<span class=\"misspell-word\">r\u00fcn <\/span>\u00fc<span class=\"misspell-word\">retimiyle <\/span>i<span class=\"misspell-word\">lgili <\/span>bizle i<span class=\"misspell-word\">leti\u015fime <\/span>g<span class=\"misspell-word\">e\u00e7ebilirsiniz.<\/span> \u0130<span class=\"misspell-word\">\u015fletmenize \u00f6<\/span>zel ta<span class=\"misspell-word\">sar\u0131m v<\/span>e<span class=\"misspell-word\"> \u00f6<\/span>z<span class=\"misspell-word\">el d<\/span>e<span class=\"misspell-word\">senlerde M<\/span>e<span class=\"misspell-word\">rmer S<\/span>\u0131<span class=\"misspell-word\">v\u0131 S<\/span>abun Ku<span class=\"misspell-word\">tu, <\/span>Mu<span class=\"misspell-word\">mluk T<\/span>e<span class=\"misspell-word\">reya\u011f\u0131 k<\/span>a<span class=\"misspell-word\">b\u0131, <\/span>m\u00fc<span class=\"misspell-word\">cevher k<\/span>a<span class=\"misspell-word\">b\u0131 v<\/span>eya ih<span class=\"misspell-word\">tiyac\u0131n\u0131z o<\/span>lan me<span class=\"misspell-word\">rmer e<\/span>\u015f<span class=\"misspell-word\">yalar\u0131 \u00fc<\/span>r<span class=\"misspell-word\">etiriz.<\/span><\/p>\n","protected":false},"excerpt":{"rendered":"<p>Do\u011fal Mermer, Traverten Mermer Sabunluk, Paslanmaz \u00c7elik Pompal\u0131, Mutfak ve Banyo <span class=\"misspell-word\">\u0130\u00e7in <\/span>M<span class=\"misspell-word\">ermer <\/span>L<span class=\"misspell-word\">osyon <\/span>v<span class=\"misspell-word\">e <\/span>S<span class=\"misspell-word\">\u0131v\u0131 <\/span>S<span class=\"misspell-word\">abun <\/span>\u015e<span class=\"misspell-word\">i\u015feleri<\/span><\/p>\n","protected":false},"featured_media":29758,"comment_status":"open","ping_status":"closed","template":"","meta":[],"product_brand":[54],"product_cat":[78,23],"product_tag":[],"class_list":{"0":"post-29757","1":"product","2":"type-product","3":"status-publish","4":"has-post-thumbnail","6":"product_brand-miamivit","7":"product_cat-mermer-banyo-aksesuar","8":"product_cat-mermer-esyalar","10":"first","11":"instock","12":"shipping-taxable","13":"purchasable","14":"product-type-simple"},"tiered_pricing_type":"fixed","tiered_pricing_fixed_rules":[],"tiered_pricing_product_settings":{"layout":"default","base_unit_name":{"singular":null,"plural":null},"default_variation":null},"tiered_pricing_minimum_quantity":null,"tiered_pricing_roles_data":[],"tiered_pricing_percentage_rules":[],"tiered_pricing_maximum_quantity":null,"tiered_pricing_quantity_step":null,"fifu_image_url":"https:\/\/miamivit.com\/turkiye\/Image-tr\/Bathroom\/White-Bright.Canister-Liquid-Soap-Wave-8.1-Default.jpg","_links":{"self":[{"href":"https:\/\/miamivit.com\/turkiye\/wp-json\/wp\/v2\/product\/29757","targetHints":{"allow":["GET"]}}],"collection":[{"href":"https:\/\/miamivit.com\/turkiye\/wp-json\/wp\/v2\/product"}],"about":[{"href":"https:\/\/miamivit.com\/turkiye\/wp-json\/wp\/v2\/types\/product"}],"replies":[{"embeddable":true,"href":"https:\/\/miamivit.com\/turkiye\/wp-json\/wp\/v2\/comments?post=29757"}],"version-history":[{"count":0,"href":"https:\/\/miamivit.com\/turkiye\/wp-json\/wp\/v2\/product\/29757\/revisions"}],"wp:featuredmedia":[{"embeddable":true,"href":"https:\/\/miamivit.com\/turkiye\/wp-json\/wp\/v2\/media\/29758"}],"wp:attachment":[{"href":"https:\/\/miamivit.com\/turkiye\/wp-json\/wp\/v2\/media?parent=29757"}],"wp:term":[{"taxonomy":"product_brand","embeddable":true,"href":"https:\/\/miamivit.com\/turkiye\/wp-json\/wp\/v2\/product_brand?post=29757"},{"taxonomy":"product_cat","embeddable":true,"href":"https:\/\/miamivit.com\/turkiye\/wp-json\/wp\/v2\/product_cat?post=29757"},{"taxonomy":"product_tag","embeddable":true,"href":"https:\/\/miamivit.com\/turkiye\/wp-json\/wp\/v2\/product_tag?post=29757"}],"curies":[{"name":"wp","href":"https:\/\/api.w.org\/{rel}","templated":true}]}}