{"id":29895,"date":"2025-12-11T19:08:22","date_gmt":"2025-12-11T19:08:22","guid":{"rendered":"https:\/\/miamivit.com\/turkiye\/?post_type=product&#038;p=29895"},"modified":"2025-12-18T20:14:55","modified_gmt":"2025-12-18T20:14:55","slug":"miamivit-la-perla-vitrifiye-kesme-tahtasi-banyo-yuvarlak-kesme-tahtasi-20cm-servis-sunu","status":"publish","type":"product","link":"https:\/\/miamivit.com\/turkiye\/product\/miamivit-la-perla-vitrifiye-kesme-tahtasi-banyo-yuvarlak-kesme-tahtasi-20cm-servis-sunu\/","title":{"rendered":"Miamivit La Perla Vitrifiye Kesme Tahtas\u0131 Banyo Yuvarlak Kesme Tahtas\u0131 20cm Servis Sunu"},"content":{"rendered":"<p>Mermer Yuvarlak Kesme Tahtas\u0131, Mutfak Tezgah\u0131 <span class=\"misspell-word\">\u0130\u00e7in <\/span>D<span class=\"misspell-word\">o\u011fal <\/span>M<span class=\"misspell-word\">ermer <\/span>Pasta T<span class=\"misspell-word\">ahtas\u0131,<\/span> P<span class=\"misspell-word\">eynir <\/span>T<span class=\"misspell-word\">ahtas\u0131,<\/span> \u015e<span class=\"misspell-word\">ark\u00fcteri <\/span>T<span class=\"misspell-word\">ahtas\u0131,<\/span> M<span class=\"misspell-word\">utfak <\/span>D<span class=\"misspell-word\">ekorasyonu <\/span>\u0130<span class=\"misspell-word\">\u00e7in T<\/span>a<span class=\"misspell-word\">\u015f L<\/span>e<span class=\"misspell-word\">vha, <\/span>Pi<span class=\"misspell-word\">\u015firme \u0130<\/span>\u00e7in Ta\u015f Levha<\/p>\n<h1>Zarif A\u00e7\u0131k Do\u011fal Mermer<\/h1>\n<p>Do\u011fal Olarak I\u015f\u0131lt\u0131l\u0131 ve E\u015fsiz Her tahta, benzersiz damarlar\u0131yla yumu\u015fak ve davetkar bir ton sunan otantik do\u011fal mermerden oyulmu\u015ftur; mutfa\u011f\u0131n\u0131za veya yemek deneyiminize parlak ama rafine bir dokunu\u015f katar.<\/p>\n<h1>\u00c7ok Fonksiyonlu Do\u011fal Mermer E\u015fyas\u0131<\/h1>\n<p>Her Mutfak <span class=\"misspell-word\">\u0130htiyac\u0131 <\/span>\u0130<span class=\"misspell-word\">\u00e7in M<\/span>\u00fc<span class=\"misspell-word\">kemmel K<\/span>e<span class=\"misspell-word\">sme t<\/span>a<span class=\"misspell-word\">htas\u0131, <\/span>pe<span class=\"misspell-word\">ynir t<\/span>aba\u011f\u0131, \u015fa<span class=\"misspell-word\">rk\u00fcteri t<\/span>e<span class=\"misspell-word\">psisi v<\/span>eya ta<span class=\"misspell-word\">tl\u0131 s<\/span>u<span class=\"misspell-word\">numu o<\/span>l<span class=\"misspell-word\">arak k<\/span>u<span class=\"misspell-word\">llan\u0131m i<\/span>\u00e7in id<span class=\"misspell-word\">ealdir, <\/span>bu<span class=\"misspell-word\"> d<\/span>a on<span class=\"misspell-word\">u g<\/span>\u00fc<span class=\"misspell-word\">zel b<\/span>i<span class=\"misspell-word\">r \u015f<\/span>ekilde ge<span class=\"misspell-word\">\u00e7i\u015f y<\/span>a<span class=\"misspell-word\">pan \u00e7<\/span>o<span class=\"misspell-word\">k y<\/span>\u00f6<span class=\"misspell-word\">nl\u00fc b<\/span>i<span class=\"misspell-word\">r p<\/span>a<span class=\"misspell-word\">r\u00e7a h<\/span>a<span class=\"misspell-word\">line g<\/span>e<span class=\"misspell-word\">tirir. <\/span>Ha<span class=\"misspell-word\">z\u0131rl\u0131ktan s<\/span>e<span class=\"misspell-word\">rvise k<\/span>adar.<\/p>\n<p>Dayan\u0131kl\u0131 ve B\u0131\u00e7ak Dostu Y\u00fcksek yo\u011funluklu mermerden \u00fcretilen bu kesme tahtas\u0131, <span class=\"misspell-word\">\u00e7izilmelere<\/span>, k\u0131r\u0131lmalara ve a\u015f\u0131nmaya kar\u015f\u0131 dayan\u0131kl\u0131d\u0131r ve <span class=\"misspell-word\">b\u0131\u00e7aklar\u0131n\u0131z\u0131n<\/span> keskin kalmas\u0131n\u0131 ve <span class=\"misspell-word\">kesimlerinizin<\/span> hassas olmas\u0131n\u0131 sa\u011flayan g\u00fcvenilir, kaymaz bir y\u00fczey sunar.<\/p>\n<h1>Do\u011fal Mermer Kolay Bak\u0131m<\/h1>\n<p>Zahmetsiz Temizlik P\u00fcr\u00fczs\u00fcz, cilal\u0131 mermer y\u00fczey do\u011fal olarak <span class=\"misspell-word\">g\u00f6zeneksizdir<\/span>, bu da temizlemeyi kolayla\u015ft\u0131r\u0131r ve nem emilimine ve kal\u0131c\u0131 kokulara kar\u015f\u0131 diren\u00e7li olmas\u0131n\u0131 sa\u011flar. Sadece h\u0131zl\u0131 bir silme i\u015flemiyle hijyenik ve g\u00fczel kal\u0131r.<\/p>\n<h1>Do\u011fal Mermer En M\u00fckemmel Hediye<\/h1>\n<p>Fonksiyonel ve \u015e\u0131k D\u00fc\u011f\u00fcnler, ev hediyeleri veya <span class=\"misspell-word\">gurme<\/span> merakl\u0131lar\u0131 i\u00e7in d\u00fc\u015f\u00fcnceli bir se\u00e7im olan bu \u00fcr\u00fcn, her t\u00fcrl\u00fc modern veya klasik mutfak dekoruna uygun kal\u0131c\u0131 g\u00fczellik ve kullan\u0131\u015fl\u0131l\u0131k sunar.<\/p>\n<h1><span class=\"misspell-word\">\u0130\u015fletmenize <\/span>\u00f6<span class=\"misspell-word\">zel <\/span>M<span class=\"misspell-word\">ermer <\/span>Kesme T<span class=\"misspell-word\">ahtas\u0131 <\/span>\u00dc<span class=\"misspell-word\">r\u00fcnleri <\/span>\u00c7<span class=\"misspell-word\">\u00f6z\u00fcmleri<\/span><\/h1>\n<p>Mermer Kesme Tahtas\u0131 kab\u0131n\u0131n <span class=\"misspell-word\">\u0130\u015fletmenize <\/span>\u00f6<span class=\"misspell-word\">zel <\/span>m<span class=\"misspell-word\">arkayla <\/span>\u00fc<span class=\"misspell-word\">retilmesi,<\/span> \u00d6<span class=\"misspell-word\">zel <\/span>tasar\u0131m M<span class=\"misspell-word\">ermer <\/span>Kesme t<span class=\"misspell-word\">ahtas\u0131 <\/span>y<span class=\"misspell-word\">ap\u0131lmas\u0131 <\/span>o<span class=\"misspell-word\">lmak <\/span>\u00fczere, i<span class=\"misspell-word\">htiya\u00e7 <\/span>n<span class=\"misspell-word\">e <\/span>m<span class=\"misspell-word\">iktarda <\/span>o<span class=\"misspell-word\">lursa <\/span>o<span class=\"misspell-word\">lsun.<\/span> M<span class=\"misspell-word\">ermer <\/span>Kesme T<span class=\"misspell-word\">ahtas\u0131 <\/span>t<span class=\"misspell-word\">asar\u0131ml\u0131 <\/span>m<span class=\"misspell-word\">ermer <\/span>\u00fc<span class=\"misspell-word\">r\u00fcn <\/span>\u00fc<span class=\"misspell-word\">retimiyle <\/span>i<span class=\"misspell-word\">lgili <\/span>bizle i<span class=\"misspell-word\">leti\u015fime <\/span>g<span class=\"misspell-word\">e\u00e7ebilirsiniz.<\/span> \u0130<span class=\"misspell-word\">\u015fletmenize \u00f6<\/span>zel ta<span class=\"misspell-word\">sar\u0131m v<\/span>e<span class=\"misspell-word\"> \u00f6<\/span>z<span class=\"misspell-word\">el d<\/span>e<span class=\"misspell-word\">senlerde M<\/span>e<span class=\"misspell-word\">rmer K<\/span>e<span class=\"misspell-word\">sme T<\/span>a<span class=\"misspell-word\">htas\u0131, <\/span>Mu<span class=\"misspell-word\">mluk T<\/span>e<span class=\"misspell-word\">reya\u011f\u0131 k<\/span>a<span class=\"misspell-word\">b\u0131, <\/span>m\u00fc<span class=\"misspell-word\">cevher k<\/span>a<span class=\"misspell-word\">b\u0131 v<\/span>eya ih<span class=\"misspell-word\">tiyac\u0131n\u0131z o<\/span>lan me<span class=\"misspell-word\">rmer e<\/span>\u015f<span class=\"misspell-word\">yalar\u0131 \u00fc<\/span>r<span class=\"misspell-word\">etiriz.<\/span><\/p>\n","protected":false},"excerpt":{"rendered":"<p>Mermer Yuvarlak Kesme Tahtas\u0131, Mutfak Tezgah\u0131 <span class=\"misspell-word\">\u0130\u00e7in <\/span>D<span class=\"misspell-word\">o\u011fal <\/span>M<span class=\"misspell-word\">ermer <\/span>Pasta T<span class=\"misspell-word\">ahtas\u0131,<\/span> P<span class=\"misspell-word\">eynir <\/span>T<span class=\"misspell-word\">ahtas\u0131,<\/span> \u015e<span class=\"misspell-word\">ark\u00fcteri <\/span>T<span class=\"misspell-word\">ahtas\u0131,<\/span> M<span class=\"misspell-word\">utfak <\/span>D<span class=\"misspell-word\">ekorasyonu <\/span>\u0130<span class=\"misspell-word\">\u00e7in T<\/span>a<span class=\"misspell-word\">\u015f L<\/span>e<span class=\"misspell-word\">vha, <\/span>Pi<span class=\"misspell-word\">\u015firme \u0130<\/span>\u00e7in Ta\u015f Levha<\/p>\n","protected":false},"featured_media":29896,"comment_status":"open","ping_status":"closed","template":"","meta":[],"product_brand":[54],"product_cat":[78,23],"product_tag":[],"class_list":{"0":"post-29895","1":"product","2":"type-product","3":"status-publish","4":"has-post-thumbnail","6":"product_brand-miamivit","7":"product_cat-mermer-banyo-aksesuar","8":"product_cat-mermer-esyalar","10":"first","11":"instock","12":"shipping-taxable","13":"purchasable","14":"product-type-simple"},"tiered_pricing_type":"fixed","tiered_pricing_fixed_rules":[],"tiered_pricing_product_settings":{"layout":"default","base_unit_name":{"singular":null,"plural":null},"default_variation":null},"tiered_pricing_minimum_quantity":null,"tiered_pricing_roles_data":[],"tiered_pricing_percentage_rules":[],"tiered_pricing_maximum_quantity":null,"tiered_pricing_quantity_step":null,"fifu_image_url":"https:\/\/miamivit.com\/turkiye\/Image-tr\/Bathroom\/White-Bright.Round%20Cutting%20Board%2020.1-Default.jpg","_links":{"self":[{"href":"https:\/\/miamivit.com\/turkiye\/wp-json\/wp\/v2\/product\/29895","targetHints":{"allow":["GET"]}}],"collection":[{"href":"https:\/\/miamivit.com\/turkiye\/wp-json\/wp\/v2\/product"}],"about":[{"href":"https:\/\/miamivit.com\/turkiye\/wp-json\/wp\/v2\/types\/product"}],"replies":[{"embeddable":true,"href":"https:\/\/miamivit.com\/turkiye\/wp-json\/wp\/v2\/comments?post=29895"}],"version-history":[{"count":0,"href":"https:\/\/miamivit.com\/turkiye\/wp-json\/wp\/v2\/product\/29895\/revisions"}],"wp:featuredmedia":[{"embeddable":true,"href":"https:\/\/miamivit.com\/turkiye\/wp-json\/wp\/v2\/media\/29896"}],"wp:attachment":[{"href":"https:\/\/miamivit.com\/turkiye\/wp-json\/wp\/v2\/media?parent=29895"}],"wp:term":[{"taxonomy":"product_brand","embeddable":true,"href":"https:\/\/miamivit.com\/turkiye\/wp-json\/wp\/v2\/product_brand?post=29895"},{"taxonomy":"product_cat","embeddable":true,"href":"https:\/\/miamivit.com\/turkiye\/wp-json\/wp\/v2\/product_cat?post=29895"},{"taxonomy":"product_tag","embeddable":true,"href":"https:\/\/miamivit.com\/turkiye\/wp-json\/wp\/v2\/product_tag?post=29895"}],"curies":[{"name":"wp","href":"https:\/\/api.w.org\/{rel}","templated":true}]}}