{"id":29923,"date":"2025-12-11T19:26:43","date_gmt":"2025-12-11T19:26:43","guid":{"rendered":"https:\/\/miamivit.com\/turkiye\/?post_type=product&#038;p=29923"},"modified":"2025-12-18T20:10:30","modified_gmt":"2025-12-18T20:10:30","slug":"miamivit-la-perla-vitrifiye-sabunluk-banyo-sabunluk-8cm-temizlik-saglik","status":"publish","type":"product","link":"https:\/\/miamivit.com\/turkiye\/product\/miamivit-la-perla-vitrifiye-sabunluk-banyo-sabunluk-8cm-temizlik-saglik\/","title":{"rendered":"Miamivit La Perla Vitrifiye Sabunluk Banyo Sabunluk-8cm Temizlik Sa\u011fl\u0131k"},"content":{"rendered":"<h1>Mermer Sabunluk <span class=\"misspell-word\">Premium<\/span> Malzeme<\/h1>\n<p>Y\u00fcksek kaliteli Do\u011fal Mermer ta\u015f\u0131ndan \u00fcretilmi\u015ftir, su ge\u00e7irmez, \u00e7izilmeye kar\u015f\u0131 dayan\u0131kl\u0131d\u0131r ve bak\u0131m\u0131 kolayd\u0131r. G\u00fcnl\u00fck kullan\u0131m i\u00e7in sa\u011flam ve dayan\u0131kl\u0131d\u0131r.<\/p>\n<h1>Do\u011fal Mermerin \u00dcst\u00fcn Kalite<\/h1>\n<p>Ger\u00e7ek do\u011fal mermer ta\u015f\u0131ndan \u00fcretilen bu sabunluk, temizlenmesi kolayd\u0131r ve uzun \u00f6m\u00fcrl\u00fc dayan\u0131kl\u0131l\u0131k i\u00e7in tasarlanm\u0131\u015ft\u0131r.<\/p>\n<h1>Sabunluk Drenaj Tasar\u0131m\u0131<\/h1>\n<p>H\u0131zl\u0131 su tahliyesi sa\u011flamak ve <span class=\"misspell-word\">sabununuzu<\/span> ve <span class=\"misspell-word\">aksesuarlar\u0131n\u0131z\u0131<\/span> kuru tutmak i\u00e7in y\u00fckseltilmi\u015f oluklara sahip kal\u0131p sabunluk<\/p>\n<h1>Mermer Sabunluk <span class=\"misspell-word\">Toksik<\/span> ve Tahri\u015f Edici Olmayan Koku<\/h1>\n<p>Dikkat \u00e7ekici modern tasar\u0131m\u0131 ve Do\u011fal Mermer y\u00fcksek kaliteli malzemeleri sayesinde bu sabunluk, banyonuzun nemli ko\u015fullar\u0131na dayan\u0131r, paslanmaz, k\u00fcf tutmaz, bakteri korumaz veya g\u00fczel g\u00f6r\u00fcn\u00fcm\u00fcn\u00fc kaybetmeden dayan\u0131r.<\/p>\n<h1>Mermer Sabunluk \u015e\u0131k ve Estetik<\/h1>\n<p>K\u00fc\u00e7\u00fck sabunluk, l\u00fcks ve sofistike aksesuarlar\u0131yla banyo <span class=\"misspell-word\">lavabonuzun<\/span> veya mutfa\u011f\u0131n\u0131z\u0131n g\u00f6r\u00fcn\u00fcm\u00fcn\u00fc g\u00fczelle\u015ftirir<\/p>\n<h1>Mermer Sabunluk \u00c7ok\u00a0Ama\u00e7l\u0131\u00a0Kullan\u0131m<\/h1>\n<p>Zarif i\u015f\u00e7ilik ve mat y\u00fczey, a\u011f\u0131r dokulu tasar\u0131m kaymay\u0131 \u00f6nler. Bu kap, sabun kal\u0131b\u0131, t\u0131ra\u015f b\u0131\u00e7aklar\u0131, s\u00fcngerler ve di\u011fer k\u00fc\u00e7\u00fck aksesuarlar\u0131 tutabilir.<br data-tcx-user-gemerated=\"true\" \/>Bu sabunluk <span class=\"misspell-word\">kompakt<\/span> ve zarif, kolay ta\u015f\u0131nabilir ve banyonuzda fazla yer kaplamaz, \u00e7o\u011fu aile i\u00e7in m\u00fckemmeldir.<br data-tcx-user-gemerated=\"true\" \/>Kal\u0131p sabun, bula\u015f\u0131k sabunu, tak\u0131 veya hatta s\u00fcngerler i\u00e7in ideal <span class=\"misspell-word\">sabunluktur<\/span> &#8211; \u00e7o\u011fu sabun boyutuna uyacak \u015fekilde tasarlanm\u0131\u015ft\u0131r ve e\u015fyalar\u0131 d\u00fczenli ve kuru tutar<\/p>\n<h1>Kaymaz Taban Sabunluk<\/h1>\n<p>Islak y\u00fczeylerde bile kaymay\u0131 \u00f6nlemek i\u00e7in kaymaz <span class=\"misspell-word\">pedlerle<\/span> donat\u0131lm\u0131\u015ft\u0131r, du\u015f i\u00e7in m\u00fckemmel sabunluk<\/p>\n<h1>Mermer Sabunluk Benzersiz Desen<\/h1>\n<p>Her \u00fcr\u00fcn %100 el yap\u0131m\u0131d\u0131r, sat\u0131n ald\u0131\u011f\u0131n\u0131z tepsideki desen resimden farkl\u0131 olacakt\u0131r, her tepsi benzersizdir.<\/p>\n<h1><span class=\"misspell-word\">\u0130\u015fletmenize <\/span>\u00f6<span class=\"misspell-word\">zel <\/span>M<span class=\"misspell-word\">ermer <\/span>S<span class=\"misspell-word\">abunluk <\/span>\u00dc<span class=\"misspell-word\">r\u00fcnleri <\/span>\u00c7<span class=\"misspell-word\">\u00f6z\u00fcmleri<\/span><\/h1>\n<p>Mermer Sabunluk kab\u0131n\u0131n <span class=\"misspell-word\">\u0130\u015fletmenize <\/span>\u00f6<span class=\"misspell-word\">zel <\/span>m<span class=\"misspell-word\">arkayla <\/span>\u00fc<span class=\"misspell-word\">retilmesi,<\/span> \u00d6<span class=\"misspell-word\">zel <\/span>tasar\u0131m M<span class=\"misspell-word\">umluk <\/span>y<span class=\"misspell-word\">ap\u0131lmas\u0131 <\/span>o<span class=\"misspell-word\">lmak <\/span>\u00fczere, i<span class=\"misspell-word\">htiya\u00e7 <\/span>n<span class=\"misspell-word\">e <\/span>m<span class=\"misspell-word\">iktarda <\/span>o<span class=\"misspell-word\">lursa <\/span>o<span class=\"misspell-word\">lsun.<\/span> M<span class=\"misspell-word\">umluk <\/span>t<span class=\"misspell-word\">asar\u0131ml\u0131 <\/span>m<span class=\"misspell-word\">ermer <\/span>\u00fc<span class=\"misspell-word\">r\u00fcn <\/span>\u00fc<span class=\"misspell-word\">retimiyle <\/span>i<span class=\"misspell-word\">lgili <\/span>bizle i<span class=\"misspell-word\">leti\u015fime <\/span>g<span class=\"misspell-word\">e\u00e7ebilirsiniz.<\/span> \u0130<span class=\"misspell-word\">\u015fletmenize \u00f6<\/span>zel ta<span class=\"misspell-word\">sar\u0131m v<\/span>e<span class=\"misspell-word\"> \u00f6<\/span>z<span class=\"misspell-word\">el d<\/span>e<span class=\"misspell-word\">senlerde M<\/span>u<span class=\"misspell-word\">mluk T<\/span>e<span class=\"misspell-word\">reya\u011f\u0131 k<\/span>a<span class=\"misspell-word\">b\u0131, <\/span>m\u00fc<span class=\"misspell-word\">cevher k<\/span>a<span class=\"misspell-word\">b\u0131 v<\/span>eya ih<span class=\"misspell-word\">tiyac\u0131n\u0131z o<\/span>lan me<span class=\"misspell-word\">rmer e<\/span>\u015f<span class=\"misspell-word\">yalar\u0131 \u00fc<\/span>r<span class=\"misspell-word\">etiriz.<\/span><\/p>\n","protected":false},"excerpt":{"rendered":"<h1>Mermer Sabunluk <span class=\"misspell-word\">Premium<\/span> Malzeme<\/h1>\n<p>Y\u00fcksek kaliteli Do\u011fal Mermer ta\u015f\u0131ndan \u00fcretilmi\u015ftir, su ge\u00e7irmez, \u00e7izilmeye kar\u015f\u0131 dayan\u0131kl\u0131d\u0131r ve bak\u0131m\u0131 kolayd\u0131r. G\u00fcnl\u00fck kullan\u0131m i\u00e7in sa\u011flam ve dayan\u0131kl\u0131d\u0131r.<\/p>\n","protected":false},"featured_media":29924,"comment_status":"open","ping_status":"closed","template":"","meta":[],"product_brand":[54],"product_cat":[78,23],"product_tag":[],"class_list":{"0":"post-29923","1":"product","2":"type-product","3":"status-publish","4":"has-post-thumbnail","6":"product_brand-miamivit","7":"product_cat-mermer-banyo-aksesuar","8":"product_cat-mermer-esyalar","10":"first","11":"instock","12":"shipping-taxable","13":"purchasable","14":"product-type-simple"},"tiered_pricing_type":"fixed","tiered_pricing_fixed_rules":[],"tiered_pricing_product_settings":{"layout":"default","base_unit_name":{"singular":null,"plural":null},"default_variation":null},"tiered_pricing_minimum_quantity":null,"tiered_pricing_roles_data":[],"tiered_pricing_percentage_rules":[],"tiered_pricing_maximum_quantity":null,"tiered_pricing_quantity_step":null,"fifu_image_url":"https:\/\/miamivit.com\/turkiye\/Image-tr\/Bathroom\/White-Bright.Soap-Dish-8.1-Default.jpg","_links":{"self":[{"href":"https:\/\/miamivit.com\/turkiye\/wp-json\/wp\/v2\/product\/29923","targetHints":{"allow":["GET"]}}],"collection":[{"href":"https:\/\/miamivit.com\/turkiye\/wp-json\/wp\/v2\/product"}],"about":[{"href":"https:\/\/miamivit.com\/turkiye\/wp-json\/wp\/v2\/types\/product"}],"replies":[{"embeddable":true,"href":"https:\/\/miamivit.com\/turkiye\/wp-json\/wp\/v2\/comments?post=29923"}],"version-history":[{"count":0,"href":"https:\/\/miamivit.com\/turkiye\/wp-json\/wp\/v2\/product\/29923\/revisions"}],"wp:featuredmedia":[{"embeddable":true,"href":"https:\/\/miamivit.com\/turkiye\/wp-json\/wp\/v2\/media\/29924"}],"wp:attachment":[{"href":"https:\/\/miamivit.com\/turkiye\/wp-json\/wp\/v2\/media?parent=29923"}],"wp:term":[{"taxonomy":"product_brand","embeddable":true,"href":"https:\/\/miamivit.com\/turkiye\/wp-json\/wp\/v2\/product_brand?post=29923"},{"taxonomy":"product_cat","embeddable":true,"href":"https:\/\/miamivit.com\/turkiye\/wp-json\/wp\/v2\/product_cat?post=29923"},{"taxonomy":"product_tag","embeddable":true,"href":"https:\/\/miamivit.com\/turkiye\/wp-json\/wp\/v2\/product_tag?post=29923"}],"curies":[{"name":"wp","href":"https:\/\/api.w.org\/{rel}","templated":true}]}}