{"id":30004,"date":"2025-12-11T21:11:12","date_gmt":"2025-12-11T21:11:12","guid":{"rendered":"https:\/\/miamivit.com\/turkiye\/?post_type=product&#038;p=30004"},"modified":"2025-12-18T19:58:12","modified_gmt":"2025-12-18T19:58:12","slug":"miamivit-la-perla-ev-dekor-dekorasyon-samdan-mumluk-mermer-kule-8cm-vintage","status":"publish","type":"product","link":"https:\/\/miamivit.com\/turkiye\/product\/miamivit-la-perla-ev-dekor-dekorasyon-samdan-mumluk-mermer-kule-8cm-vintage\/","title":{"rendered":"Miamivit La Perla Ev Dekor Dekorasyon \u015eamdan Mumluk Mermer Kule 8cm Vintage"},"content":{"rendered":"<h2>Mermer Mumluk \u00d6zel <span class=\"misspell-word\">\u0130\u015f\u00e7ilik<\/span><\/h2>\n<p>Her mumluk, ham mermerden kesme ve s\u00fctun haline getirme i\u015fleminden ge\u00e7erek, se\u00e7kin ustalar\u0131m\u0131z taraf\u0131ndan b\u00fcy\u00fck bir \u00f6zenle yap\u0131lm\u0131\u015ft\u0131r.<br data-tcx-user-gemerated=\"true\" \/>Bu sadece bir mumluk de\u011fil, ayn\u0131 zamanda ev <span class=\"misspell-word\">dekorasyonunuzun<\/span> g\u00fczelli\u011fini art\u0131ran \u00f6zel bir el sanat\u0131d\u0131r.<\/p>\n<h2>DO\u011eAL MERMER Mumluk \u00dcr\u00fcnleri<\/h2>\n<p>Bu mumluklar Do\u011fal Mermer ve Traverten, Do\u011fal Kat\u0131 Mermerden yap\u0131lm\u0131\u015ft\u0131r ve <span class=\"misspell-word\">mumluklar\u0131<\/span> desteklemek i\u00e7in a\u011f\u0131r hizmet tipi, sa\u011flam ve <span class=\"misspell-word\">stabil<\/span> bir yap\u0131ya sahiptir.<br data-tcx-user-gemerated=\"true\" \/>Do\u011fal g\u00f6r\u00fcn\u00fcm\u00fcn\u00fc korumak i\u00e7in traverten par\u00e7alar\u0131n\u0131n deliklerini doldurmuyoruz. Do\u011fal mermer \u00e7evre dostu ve radyasyon i\u00e7ermedi\u011finden, mumluk setimiz g\u00fcvenli kullan\u0131m ve kolay temizleme imkan\u0131 sunar.<\/p>\n<h2>Do\u011fal Mermer Mumluk \u00c7ok Ama\u00e7l\u0131 Kullan\u0131m<\/h2>\n<p>Hem i\u00e7 hem de d\u0131\u015f mekan kullan\u0131m\u0131na uygundur, her t\u00fcrl\u00fc i\u00e7 tasar\u0131m stiline uyum sa\u011flar. Mumluklar zarif masa dekorasyonudur, yemek masas\u0131na, oturma odas\u0131na veya sehpa \u00fczerine eklenebilir, mutfak, yemek odas\u0131 ve oturma odas\u0131na yerle\u015ftirilebilir. Ayr\u0131ca kilise, restoran, bar, otel, yemek partisi, ni\u015fan ve d\u00fc\u011f\u00fcn yeme\u011fi, tatiller i\u00e7in kullan\u0131labilir.<br data-tcx-user-gemerated=\"true\" \/>Mum ihtiyac\u0131 olan her alanda benzersiz l\u00fcks kaliteli do\u011fal mermer mumluklar ayr\u0131cal\u0131kl\u0131 ortamlar olu\u015fturur.<br data-tcx-user-gemerated=\"true\" \/><br data-tcx-user-gemerated=\"true\" \/><span class=\"misspell-word\">KLAS\u0130K <\/span>V<span class=\"misspell-word\">E <\/span>M<span class=\"misspell-word\">\u0130N\u0130MAL\u0130ZM Ret<\/span>ro do\u011fa kale<span class=\"misspell-word\">si min<\/span>i<span class=\"misspell-word\">malist tar<\/span>z<span class=\"misspell-word\">\u0131. Bi<\/span>r set, herh<span class=\"misspell-word\">angi bir<\/span> <span class=\"misspell-word\">sta<\/span>n<span class=\"misspell-word\">dart dek<\/span>o<span class=\"misspell-word\">ratif mum<\/span>l<span class=\"misspell-word\">uk vey<\/span>a koni<span class=\"misspell-word\">k mum<\/span> i\u00e7in tasa<span class=\"misspell-word\">rlanm\u0131\u015f bir<\/span>den fazl<span class=\"misspell-word\">a mer<\/span>mer muml<span class=\"misspell-word\">uk i\u00e7e<\/span>r<span class=\"misspell-word\">ir.\u00a0<\/span><\/p>\n<h2><span class=\"misspell-word\">\u0130\u015fletmenize <\/span>\u00f6<span class=\"misspell-word\">zel <\/span>M<span class=\"misspell-word\">ermer <\/span>\u00dc<span class=\"misspell-word\">r\u00fcnleri <\/span>\u00c7<span class=\"misspell-word\">\u00f6z\u00fcmleri<\/span><\/h2>\n<p>Mermer Mumluk kab\u0131n\u0131n <span class=\"misspell-word\">\u0130\u015fletmenize <\/span>\u00f6<span class=\"misspell-word\">zel <\/span>m<span class=\"misspell-word\">arkayla <\/span>\u00fc<span class=\"misspell-word\">retilmesi,<\/span> \u00d6<span class=\"misspell-word\">zel <\/span>tasar\u0131m M<span class=\"misspell-word\">umluk <\/span>y<span class=\"misspell-word\">ap\u0131lmas\u0131 <\/span>o<span class=\"misspell-word\">lmak <\/span>\u00fczere, i<span class=\"misspell-word\">htiya\u00e7 <\/span>n<span class=\"misspell-word\">e <\/span>m<span class=\"misspell-word\">iktarda <\/span>o<span class=\"misspell-word\">lursa <\/span>o<span class=\"misspell-word\">lsun.<\/span> M<span class=\"misspell-word\">umluk <\/span>t<span class=\"misspell-word\">asar\u0131ml\u0131 <\/span>m<span class=\"misspell-word\">ermer <\/span>\u00fc<span class=\"misspell-word\">r\u00fcn <\/span>\u00fc<span class=\"misspell-word\">retimiyle <\/span>i<span class=\"misspell-word\">lgili <\/span>bizle i<span class=\"misspell-word\">leti\u015fime <\/span>g<span class=\"misspell-word\">e\u00e7ebilirsiniz.<\/span> \u0130<span class=\"misspell-word\">\u015fletmenize \u00f6<\/span>zel ta<span class=\"misspell-word\">sar\u0131m v<\/span>e<span class=\"misspell-word\"> \u00f6<\/span>z<span class=\"misspell-word\">el d<\/span>e<span class=\"misspell-word\">senlerde M<\/span>u<span class=\"misspell-word\">mluk T<\/span>e<span class=\"misspell-word\">reya\u011f\u0131 k<\/span>a<span class=\"misspell-word\">b\u0131, <\/span>m\u00fc<span class=\"misspell-word\">cevher k<\/span>a<span class=\"misspell-word\">b\u0131 v<\/span>eya ih<span class=\"misspell-word\">tiyac\u0131n\u0131z o<\/span>lan me<span class=\"misspell-word\">rmer e<\/span>\u015f<span class=\"misspell-word\">yalar\u0131 \u00fc<\/span>r<span class=\"misspell-word\">etiriz.<\/span><\/p>\n","protected":false},"excerpt":{"rendered":"<h2>Mermer Mumluk \u00d6zel <span class=\"misspell-word\">\u0130\u015f\u00e7ilik<\/span><\/h2>\n<p>Her mumluk, ham mermerden kesme ve s\u00fctun haline getirme i\u015fleminden ge\u00e7erek, se\u00e7kin ustalar\u0131m\u0131z taraf\u0131ndan b\u00fcy\u00fck bir \u00f6zenle yap\u0131lm\u0131\u015ft\u0131r.<br data-tcx-user-gemerated=\"true\" \/>Bu sadece bir mumluk de\u011fil, ayn\u0131 zamanda ev <span class=\"misspell-word\">dekorasyonunuzun<\/span> g\u00fczelli\u011fini art\u0131ran \u00f6zel bir el sanat\u0131d\u0131r.<\/p>\n","protected":false},"featured_media":30005,"comment_status":"open","ping_status":"closed","template":"","meta":[],"product_brand":[54],"product_cat":[23,79],"product_tag":[],"class_list":{"0":"post-30004","1":"product","2":"type-product","3":"status-publish","4":"has-post-thumbnail","6":"product_brand-miamivit","7":"product_cat-mermer-esyalar","8":"product_cat-mermer-samdan","10":"first","11":"instock","12":"shipping-taxable","13":"purchasable","14":"product-type-simple"},"tiered_pricing_type":"fixed","tiered_pricing_fixed_rules":[],"tiered_pricing_product_settings":{"layout":"default","base_unit_name":{"singular":null,"plural":null},"default_variation":null},"tiered_pricing_minimum_quantity":null,"tiered_pricing_roles_data":[],"tiered_pricing_percentage_rules":[],"tiered_pricing_maximum_quantity":null,"tiered_pricing_quantity_step":null,"fifu_image_url":"https:\/\/miamivit.com\/turkiye\/Image-tr\/Candle\/White-Bright.Candle-Holder-Marble-Tower-8.1-Default.jpg","_links":{"self":[{"href":"https:\/\/miamivit.com\/turkiye\/wp-json\/wp\/v2\/product\/30004","targetHints":{"allow":["GET"]}}],"collection":[{"href":"https:\/\/miamivit.com\/turkiye\/wp-json\/wp\/v2\/product"}],"about":[{"href":"https:\/\/miamivit.com\/turkiye\/wp-json\/wp\/v2\/types\/product"}],"replies":[{"embeddable":true,"href":"https:\/\/miamivit.com\/turkiye\/wp-json\/wp\/v2\/comments?post=30004"}],"version-history":[{"count":0,"href":"https:\/\/miamivit.com\/turkiye\/wp-json\/wp\/v2\/product\/30004\/revisions"}],"wp:featuredmedia":[{"embeddable":true,"href":"https:\/\/miamivit.com\/turkiye\/wp-json\/wp\/v2\/media\/30005"}],"wp:attachment":[{"href":"https:\/\/miamivit.com\/turkiye\/wp-json\/wp\/v2\/media?parent=30004"}],"wp:term":[{"taxonomy":"product_brand","embeddable":true,"href":"https:\/\/miamivit.com\/turkiye\/wp-json\/wp\/v2\/product_brand?post=30004"},{"taxonomy":"product_cat","embeddable":true,"href":"https:\/\/miamivit.com\/turkiye\/wp-json\/wp\/v2\/product_cat?post=30004"},{"taxonomy":"product_tag","embeddable":true,"href":"https:\/\/miamivit.com\/turkiye\/wp-json\/wp\/v2\/product_tag?post=30004"}],"curies":[{"name":"wp","href":"https:\/\/api.w.org\/{rel}","templated":true}]}}