{"id":30032,"date":"2025-12-11T21:20:16","date_gmt":"2025-12-11T21:20:16","guid":{"rendered":"https:\/\/miamivit.com\/turkiye\/?post_type=product&#038;p=30032"},"modified":"2025-12-18T19:51:45","modified_gmt":"2025-12-18T19:51:45","slug":"miamivit-la-perla-mutfak-yiyecek-kabi-tutucu-mermer-tereyagi-kullanma-kabi-10cm-yiyecek","status":"publish","type":"product","link":"https:\/\/miamivit.com\/turkiye\/product\/miamivit-la-perla-mutfak-yiyecek-kabi-tutucu-mermer-tereyagi-kullanma-kabi-10cm-yiyecek\/","title":{"rendered":"Miamivit La Perla Mutfak Yiyecek Kab\u0131 Tutucu Mermer Tereya\u011f\u0131 Kullanma Kab\u0131 10cm Yiyecek"},"content":{"rendered":"<p>Kutu <span class=\"misspell-word\">\u0130\u00e7eri\u011fi,<\/span>\u00a01 adet k<span class=\"misspell-word\">apakl\u0131 <\/span>m<span class=\"misspell-word\">ermer <\/span>t<span class=\"misspell-word\">ereya\u011f\u0131 <\/span>k<span class=\"misspell-word\">ab\u0131,<\/span> g<span class=\"misspell-word\">\u00fcvenli <\/span>t<span class=\"misspell-word\">eslimat <\/span>i<span class=\"misspell-word\">\u00e7in <\/span>k<span class=\"misspell-word\">oruyucu <\/span>a<span class=\"misspell-word\">mbalajda <\/span>p<span class=\"misspell-word\">aketlenmi\u015ftir.<\/span><\/p>\n<h2>Birinci S\u0131n\u0131f Do\u011fal Mermer<\/h2>\n<p>Mermer tereya\u011f\u0131 kab\u0131m\u0131z, %100 do\u011fal cilal\u0131 mermerden \u00fcretilmi\u015ftir. G\u0131da kullan\u0131m\u0131 i\u00e7in do\u011fal ta\u015f \u00f6zelli\u011fi m\u00fckemmel se\u00e7imdir.\u00a0<br data-tcx-user-gemerated=\"true\" \/>Sa\u011fl\u0131\u011f\u0131na \u00f6nem verenler i\u00e7in Do\u011fal Ta\u015f <span class=\"misspell-word\">Tereya\u011f\u0131n\u0131<\/span> en m\u00fckemmel s\u00fcre korumaktad\u0131r. Kullan\u0131m\u0131 kolayla\u015ft\u0131rmaktad\u0131r.<br data-tcx-user-gemerated=\"true\" \/>Mutfak <span class=\"misspell-word\">tezgah\u0131n\u0131z<\/span> i\u00e7in l\u00fcks ve zamans\u0131z bir zarafet sunar.<br data-tcx-user-gemerated=\"true\" \/>Her Tezgah <span class=\"misspell-word\">\u0130\u00e7in <\/span>M<span class=\"misspell-word\">\u00fckemmel <\/span>B<span class=\"misspell-word\">oyut:<\/span> K<span class=\"misspell-word\">apakl\u0131 <\/span>b<span class=\"misspell-word\">u <\/span>t<span class=\"misspell-word\">ereya\u011f\u0131 <\/span>k<span class=\"misspell-word\">aplar\u0131 <\/span>k<span class=\"misspell-word\">ullan\u0131\u015fl\u0131 <\/span>v<span class=\"misspell-word\">e <\/span>\u015f<span class=\"misspell-word\">\u0131k <\/span>b<span class=\"misspell-word\">ir <\/span>sunum i<span class=\"misspell-word\">\u00e7in <\/span>i<span class=\"misspell-word\">dealdir.<\/span><\/p>\n<h2>Uzun S\u00fcreli Tazelik sa\u011flar<\/h2>\n<p>Do\u011fal mermer tereya\u011f\u0131 kaplar\u0131m\u0131z, <span class=\"misspell-word\">tereya\u011f\u0131n\u0131<\/span> yumu\u015fak, p\u00fcr\u00fczs\u00fcz ve s\u00fcr\u00fclebilir halde tutmak i\u00e7in uzmanl\u0131kla tasarlanm\u0131\u015ft\u0131r, buzdolab\u0131na gerek yoktur. Tost, simit veya en sevdi\u011finiz unlu mamuller i\u00e7in m\u00fckemmeldir.<\/p>\n<h2>Do\u011fal Mermer Kolay Temizleme uygundur<\/h2>\n<p>Mermer tereya\u011f\u0131 kab\u0131n\u0131z\u0131n temiz, parlak ve yeni gibi g\u00f6r\u00fcnmesini sa\u011flamak i\u00e7in nemli bir bezle silmeniz yeterlidir.<\/p>\n<h2><span class=\"misspell-word\">\u0130\u015fletmenize <\/span>\u00f6<span class=\"misspell-word\">zel <\/span>M<span class=\"misspell-word\">ermer <\/span>\u00dc<span class=\"misspell-word\">r\u00fcnleri <\/span>\u00c7<span class=\"misspell-word\">\u00f6z\u00fcmleri<\/span><\/h2>\n<p>Mermer Tereya\u011f\u0131 kab\u0131n\u0131n <span class=\"misspell-word\">\u0130\u015fletmenize <\/span>\u00f6<span class=\"misspell-word\">zel <\/span>m<span class=\"misspell-word\">arkayla <\/span>\u00fc<span class=\"misspell-word\">retilmesi,<\/span> \u00d6<span class=\"misspell-word\">zel <\/span>tasar\u0131m T<span class=\"misspell-word\">ereya\u011f\u0131 <\/span>k<span class=\"misspell-word\">ab\u0131 <\/span>y<span class=\"misspell-word\">ap\u0131lmas\u0131 <\/span>o<span class=\"misspell-word\">lmak <\/span>\u00fczere, i<span class=\"misspell-word\">htiya\u00e7 <\/span>n<span class=\"misspell-word\">e <\/span>m<span class=\"misspell-word\">iktarda <\/span>o<span class=\"misspell-word\">lursa <\/span>o<span class=\"misspell-word\">lsun.<\/span> T<span class=\"misspell-word\">ereya\u011f\u0131 <\/span>K<span class=\"misspell-word\">ab\u0131 <\/span>t<span class=\"misspell-word\">asar\u0131ml\u0131 <\/span>m<span class=\"misspell-word\">ermer <\/span>\u00fc<span class=\"misspell-word\">r\u00fcn <\/span>\u00fc<span class=\"misspell-word\">retimiyle <\/span>i<span class=\"misspell-word\">lgili <\/span>bizle i<span class=\"misspell-word\">leti\u015fime <\/span>g<span class=\"misspell-word\">e\u00e7ebilirsiniz.<\/span> \u0130<span class=\"misspell-word\">\u015fletmenize \u00f6<\/span>zel ta<span class=\"misspell-word\">sar\u0131m v<\/span>e<span class=\"misspell-word\"> \u00f6<\/span>z<span class=\"misspell-word\">el d<\/span>e<span class=\"misspell-word\">senlerde M<\/span>u<span class=\"misspell-word\">mluk T<\/span>e<span class=\"misspell-word\">reya\u011f\u0131 k<\/span>a<span class=\"misspell-word\">b\u0131, <\/span>m\u00fc<span class=\"misspell-word\">cevher k<\/span>a<span class=\"misspell-word\">b\u0131 v<\/span>eya ih<span class=\"misspell-word\">tiyac\u0131n\u0131z o<\/span>lan me<span class=\"misspell-word\">rmer e<\/span>\u015f<span class=\"misspell-word\">yalar\u0131 \u00fc<\/span>r<span class=\"misspell-word\">etiriz.<\/span><\/p>\n","protected":false},"excerpt":{"rendered":"<p>Kutu <span class=\"misspell-word\">\u0130\u00e7eri\u011fi,<\/span>\u00a01 adet k<span class=\"misspell-word\">apakl\u0131 <\/span>m<span class=\"misspell-word\">ermer <\/span>t<span class=\"misspell-word\">ereya\u011f\u0131 <\/span>k<span class=\"misspell-word\">ab\u0131,<\/span> g<span class=\"misspell-word\">\u00fcvenli <\/span>t<span class=\"misspell-word\">eslimat <\/span>i<span class=\"misspell-word\">\u00e7in <\/span>k<span class=\"misspell-word\">oruyucu <\/span>a<span class=\"misspell-word\">mbalajda <\/span>p<span class=\"misspell-word\">aketlenmi\u015ftir.<\/span><\/p>\n<h2>Birinci S\u0131n\u0131f Do\u011fal Mermer<\/h2>\n<p>Mermer tereya\u011f\u0131 kab\u0131m\u0131z, %100 do\u011fal cilal\u0131 mermerden \u00fcretilmi\u015ftir. G\u0131da kullan\u0131m\u0131 i\u00e7in do\u011fal ta\u015f \u00f6zelli\u011fi m\u00fckemmel se\u00e7imdir.\u00a0<br data-tcx-user-gemerated=\"true\" \/>Sa\u011fl\u0131\u011f\u0131na \u00f6nem verenler i\u00e7in Do\u011fal Ta\u015f <span class=\"misspell-word\">Tereya\u011f\u0131n\u0131<\/span> en m\u00fckemmel s\u00fcre korumaktad\u0131r. Kullan\u0131m\u0131 kolayla\u015ft\u0131rmaktad\u0131r.<\/p>\n","protected":false},"featured_media":30033,"comment_status":"open","ping_status":"closed","template":"","meta":[],"product_brand":[54],"product_cat":[23,80],"product_tag":[],"class_list":{"0":"post-30032","1":"product","2":"type-product","3":"status-publish","4":"has-post-thumbnail","6":"product_brand-miamivit","7":"product_cat-mermer-esyalar","8":"product_cat-mermer-mutfak","10":"first","11":"instock","12":"shipping-taxable","13":"purchasable","14":"product-type-simple"},"tiered_pricing_type":"fixed","tiered_pricing_fixed_rules":[],"tiered_pricing_product_settings":{"layout":"default","base_unit_name":{"singular":null,"plural":null},"default_variation":null},"tiered_pricing_minimum_quantity":null,"tiered_pricing_roles_data":[],"tiered_pricing_percentage_rules":[],"tiered_pricing_maximum_quantity":null,"tiered_pricing_quantity_step":null,"fifu_image_url":"https:\/\/miamivit.com\/turkiye\/Image-tr\/Kitchen\/White-Bright.Butter-Holder-10.1-Default.jpg","_links":{"self":[{"href":"https:\/\/miamivit.com\/turkiye\/wp-json\/wp\/v2\/product\/30032","targetHints":{"allow":["GET"]}}],"collection":[{"href":"https:\/\/miamivit.com\/turkiye\/wp-json\/wp\/v2\/product"}],"about":[{"href":"https:\/\/miamivit.com\/turkiye\/wp-json\/wp\/v2\/types\/product"}],"replies":[{"embeddable":true,"href":"https:\/\/miamivit.com\/turkiye\/wp-json\/wp\/v2\/comments?post=30032"}],"version-history":[{"count":0,"href":"https:\/\/miamivit.com\/turkiye\/wp-json\/wp\/v2\/product\/30032\/revisions"}],"wp:featuredmedia":[{"embeddable":true,"href":"https:\/\/miamivit.com\/turkiye\/wp-json\/wp\/v2\/media\/30033"}],"wp:attachment":[{"href":"https:\/\/miamivit.com\/turkiye\/wp-json\/wp\/v2\/media?parent=30032"}],"wp:term":[{"taxonomy":"product_brand","embeddable":true,"href":"https:\/\/miamivit.com\/turkiye\/wp-json\/wp\/v2\/product_brand?post=30032"},{"taxonomy":"product_cat","embeddable":true,"href":"https:\/\/miamivit.com\/turkiye\/wp-json\/wp\/v2\/product_cat?post=30032"},{"taxonomy":"product_tag","embeddable":true,"href":"https:\/\/miamivit.com\/turkiye\/wp-json\/wp\/v2\/product_tag?post=30032"}],"curies":[{"name":"wp","href":"https:\/\/api.w.org\/{rel}","templated":true}]}}