{"id":30894,"date":"2026-01-23T11:22:54","date_gmt":"2026-01-23T11:22:54","guid":{"rendered":"https:\/\/miamivit.com\/turkiye\/?post_type=product&#038;p=30894"},"modified":"2026-01-28T11:03:55","modified_gmt":"2026-01-28T11:03:55","slug":"miamivit-catherine-lavabo-rosette-acanthus-dogal-mermer-leylak-40x60x15","status":"publish","type":"product","link":"https:\/\/miamivit.com\/turkiye\/product\/miamivit-catherine-lavabo-rosette-acanthus-dogal-mermer-leylak-40x60x15\/","title":{"rendered":"Miamivit Catherine Lavabo Rosette Acanthus Do\u011fal Mermer Leylak 40x60x15"},"content":{"rendered":"<div id=\"model-response-message-contentr_849a32b394676f84\" class=\"markdown markdown-main-panel stronger enable-updated-hr-color\" dir=\"ltr\" aria-live=\"polite\" aria-busy=\"false\">\n<p data-path-to-node=\"0\">Miamivit Catherine Lavabo Rosette Acanthus Do\u011fal Mermer Leylak, do\u011fal ta\u015f\u0131n ham cazibesini geleneksel mimari tasar\u0131mlarla birle\u015ftiren, zanaatkarl\u0131k becerisinin enfes bir temsilidir.<\/p>\n<h2 data-path-to-node=\"1\">Miamivit Catherine Lavabo Rosette Acanthus Do\u011fal Mermer Leylak Genel Bak\u0131\u015f: Catherine Rosette Acanthus Lavabo<\/h2>\n<p data-path-to-node=\"2\"><strong>Miamivit Catherine<\/strong> modeli, Do\u011fal <strong>Milas Leylak<\/strong> Mermeri&#8217;nden (Leylak Mermer) oyulmu\u015f birinci s\u0131n\u0131f bir lavabodur. \u00c7arp\u0131c\u0131 damarlar\u0131 ve Greko-Romen esteti\u011finden ilham alan el oymas\u0131 dekoratif \u00f6nl\u00fc\u011f\u00fc ile dikkat \u00e7ekmektedir.<\/p>\n<h3 data-path-to-node=\"4\">Miamivit Catherine Lavabo Rosette Acanthus Do\u011fal Mermer Leylak Temel \u00d6zellikler ve Tasar\u0131m<\/h3>\n<ul data-path-to-node=\"5\">\n<li>\n<p data-path-to-node=\"5,0,0\"><b data-path-to-node=\"5,0,0\" data-index-in-node=\"0\">Malzeme:<\/b> Parlak beyaz zemini ve cesur, koyu mor\/leylak \u00f6r\u00fcmcek a\u011f\u0131 damarlar\u0131yla tan\u0131nan ger\u00e7ek Leylak Mermeri. Do\u011fal bir ta\u015f oldu\u011fu i\u00e7in, her lavabo kendine \u00f6zg\u00fc damar desenine sahip benzersiz bir par\u00e7ad\u0131r.<\/p>\n<\/li>\n<li>\n<p data-path-to-node=\"5,1,0\"><b data-path-to-node=\"5,1,0\" data-index-in-node=\"0\">Oyma Ustal\u0131k Detaylar\u0131:<\/b> \u00d6n y\u00fczeyde bir Akantus yapra\u011f\u0131 ve Rosette tasar\u0131m\u0131 sergilenmektedir. Bu &#8220;Rozet Akantus&#8221; tarz\u0131, klasik mimarinin bir imzas\u0131 olup lavaboya asil ve nostaljik bir hava katmaktad\u0131r.<\/p>\n<\/li>\n<li>\n<p data-path-to-node=\"5,2,0\"><b data-path-to-node=\"5,2,0\" data-index-in-node=\"0\">\u015eekil :<\/b> Oymalar\u0131n organik k\u0131vr\u0131mlar\u0131yla zarif bir \u015fekilde kontrast olu\u015fturan temiz, keskin d\u0131\u015f kenarlara sahip dikd\u00f6rtgen, tezgah \u00fcst\u00fc (kap) tasar\u0131m.<\/p>\n<\/li>\n<\/ul>\n<h3 data-path-to-node=\"6\">Miamivit Catherine Lavabo Rosette Acanthus Do\u011fal Mermer Leylak Teknik \u00d6zellikleri<\/h3>\n<table data-path-to-node=\"7\">\n<thead>\n<tr>\n<td><strong>\u00d6zellik<\/strong><\/td>\n<td><strong>Detay<\/strong><\/td>\n<\/tr>\n<\/thead>\n<tbody>\n<tr>\n<td><span data-path-to-node=\"7,1,0,0\"><b data-path-to-node=\"7,1,0,0\" data-index-in-node=\"0\">Boyutlar\u0131<\/b><\/span><\/td>\n<td><span data-path-to-node=\"7,1,1,0\">40 x 60 x 15 cm<\/span><\/td>\n<\/tr>\n<tr>\n<td><span data-path-to-node=\"7,2,0,0\"><b data-path-to-node=\"7,2,0,0\" data-index-in-node=\"0\">Kurulum<\/b><\/span><\/td>\n<td><span data-path-to-node=\"7,2,1,0\">Tezgah \u00dcst\u00fc\/ Vessel<\/span><\/td>\n<\/tr>\n<tr>\n<td><span data-path-to-node=\"7,3,0,0\"><b data-path-to-node=\"7,3,0,0\" data-index-in-node=\"0\">Y\u00fczey \u0130\u015flemi<\/b><\/span><\/td>\n<td><span data-path-to-node=\"7,3,1,0\">Honlanm\u0131\u015f\/Parlat\u0131lm\u0131\u015f (Ta\u015f-Ba\u011f\u0131ml\u0131)<\/span><\/td>\n<\/tr>\n<tr>\n<td><span data-path-to-node=\"7,4,0,0\"><b data-path-to-node=\"7,4,0,0\" data-index-in-node=\"0\">Men\u015fei<\/b><\/span><\/td>\n<td>Y\u00fckselen Mermeri T\u00fcrk, Milas Leylak Mermeri<\/td>\n<\/tr>\n<\/tbody>\n<\/table>\n<h3 data-path-to-node=\"9\">Miamivit Catherine Lavabo Rosette Acanthus Do\u011fal Mermer Leylak Bak\u0131m ve Temizlik Talimatlar\u0131<\/h3>\n<p data-path-to-node=\"10\">Bu do\u011fal bir mermer \u00fcr\u00fcn\u00fc oldu\u011fundan, geleneksel serami\u011fe g\u00f6re biraz daha fazla bak\u0131m gerektirir:<\/p>\n<ul data-path-to-node=\"11\">\n<li>\n<p data-path-to-node=\"11,0,0\"><b data-path-to-node=\"11,0,0\" data-index-in-node=\"0\">S\u0131zd\u0131rmazl\u0131k:<\/b> Mermer do\u011fas\u0131 gere\u011fi g\u00f6zenekli oldu\u011fundan, leylak mermeri lekelenmeye kar\u015f\u0131 korumak i\u00e7in ta\u015f s\u0131zd\u0131rmazl\u0131k maddesi uygulanmas\u0131 \u015fiddetle tavsiye edilir.<\/p>\n<\/li>\n<li>\n<p data-path-to-node=\"11,1,0\"><b data-path-to-node=\"11,1,0\" data-index-in-node=\"0\">Temizlik:<\/b> \u00fczeyi &#8220;a\u015f\u0131nd\u0131rabilece\u011fi&#8221; veya matla\u015ft\u0131rabilece\u011fi i\u00e7in asidik temizleyicilerden (limon veya sirke bazl\u0131 olanlar gibi) ka\u00e7\u0131n\u0131n. pH n\u00f6tr ta\u015f temizleyicileri tercih edin.<\/p>\n<\/li>\n<li>\n<p data-path-to-node=\"11,2,0\"><b data-path-to-node=\"11,2,0\" data-index-in-node=\"0\">Benzersiz:<\/b> **Benzersizlik:** De\u011fi\u015fiklikler olabilece\u011fini g\u00f6z \u00f6n\u00fcnde bulundurun. Alaca\u011f\u0131n\u0131z lavabo ayn\u0131 boyutlarda olacak, ancak mor damarlar\u0131n &#8220;etkisi&#8221; stok g\u00f6rselinden farkl\u0131 olacakt\u0131r. Her bir Mermer benzersiz tasar\u0131ma sahiptir.<\/p>\n<\/li>\n<\/ul>\n<p data-path-to-node=\"13\">\n<\/div>\n","protected":false},"excerpt":{"rendered":"<p data-path-to-node=\"0\">Miamivit Catherine Lavabo Rosette Acanthus Do\u011fal Mermer Leylak, do\u011fal ta\u015f\u0131n ham cazibesini geleneksel mimari tasar\u0131mlarla birle\u015ftiren, zanaatkarl\u0131k becerisinin enfes bir temsilidir.<\/p>\n<h2 data-path-to-node=\"1\">Miamivit Catherine Lavabo Rosette Acanthus Do\u011fal Mermer Leylak Genel Bak\u0131\u015f: Catherine Rosette Acanthus Lavabo<\/h2>\n<p data-path-to-node=\"2\"><strong>Miamivit Catherine<\/strong> modeli, Do\u011fal <strong>Milas Leylak<\/strong> Mermeri&#8217;nden (Leylak Mermer) oyulmu\u015f birinci s\u0131n\u0131f bir lavabodur. \u00c7arp\u0131c\u0131 damarlar\u0131 ve Greko-Romen esteti\u011finden ilham alan el oymas\u0131 dekoratif \u00f6nl\u00fc\u011f\u00fc ile dikkat \u00e7ekmektedir.<\/p>\n","protected":false},"featured_media":30605,"comment_status":"open","ping_status":"closed","template":"","meta":[],"product_brand":[54],"product_cat":[93,92],"product_tag":[],"class_list":{"0":"post-30894","1":"product","2":"type-product","3":"status-publish","4":"has-post-thumbnail","6":"product_brand-miamivit","7":"product_cat-mermer-lavabo","8":"product_cat-vitrifiye","10":"first","11":"instock","12":"shipping-taxable","13":"purchasable","14":"product-type-simple"},"tiered_pricing_type":"fixed","tiered_pricing_fixed_rules":[],"tiered_pricing_product_settings":{"layout":"default","base_unit_name":{"singular":null,"plural":null},"default_variation":null},"tiered_pricing_minimum_quantity":null,"tiered_pricing_roles_data":[],"tiered_pricing_percentage_rules":[],"tiered_pricing_maximum_quantity":null,"tiered_pricing_quantity_step":null,"_links":{"self":[{"href":"https:\/\/miamivit.com\/turkiye\/wp-json\/wp\/v2\/product\/30894","targetHints":{"allow":["GET"]}}],"collection":[{"href":"https:\/\/miamivit.com\/turkiye\/wp-json\/wp\/v2\/product"}],"about":[{"href":"https:\/\/miamivit.com\/turkiye\/wp-json\/wp\/v2\/types\/product"}],"replies":[{"embeddable":true,"href":"https:\/\/miamivit.com\/turkiye\/wp-json\/wp\/v2\/comments?post=30894"}],"version-history":[{"count":0,"href":"https:\/\/miamivit.com\/turkiye\/wp-json\/wp\/v2\/product\/30894\/revisions"}],"wp:featuredmedia":[{"embeddable":true,"href":"https:\/\/miamivit.com\/turkiye\/wp-json\/wp\/v2\/media\/30605"}],"wp:attachment":[{"href":"https:\/\/miamivit.com\/turkiye\/wp-json\/wp\/v2\/media?parent=30894"}],"wp:term":[{"taxonomy":"product_brand","embeddable":true,"href":"https:\/\/miamivit.com\/turkiye\/wp-json\/wp\/v2\/product_brand?post=30894"},{"taxonomy":"product_cat","embeddable":true,"href":"https:\/\/miamivit.com\/turkiye\/wp-json\/wp\/v2\/product_cat?post=30894"},{"taxonomy":"product_tag","embeddable":true,"href":"https:\/\/miamivit.com\/turkiye\/wp-json\/wp\/v2\/product_tag?post=30894"}],"curies":[{"name":"wp","href":"https:\/\/api.w.org\/{rel}","templated":true}]}}