{"id":30896,"date":"2026-01-23T11:24:40","date_gmt":"2026-01-23T11:24:40","guid":{"rendered":"https:\/\/miamivit.com\/turkiye\/?post_type=product&#038;p=30896"},"modified":"2026-01-28T11:13:33","modified_gmt":"2026-01-28T11:13:33","slug":"miamivit-catherine-lavabo-rosette-acanthus-dogal-mermer-pearl-40x60x15","status":"publish","type":"product","link":"https:\/\/miamivit.com\/turkiye\/product\/miamivit-catherine-lavabo-rosette-acanthus-dogal-mermer-pearl-40x60x15\/","title":{"rendered":"Miamivit Catherine Lavabo Rosette Acanthus Do\u011fal Mermer Pearl 40x60x15"},"content":{"rendered":"<p>Miamivit Catherine Lavabo Rosette Acanthus Do\u011fal Mermer \u0130nci . Bu do\u011fal mermer lavabo, geleneksel el i\u015f\u00e7ili\u011fi ve \u00e7a\u011fda\u015f banyo kullan\u0131\u015fl\u0131l\u0131\u011f\u0131n\u0131n dikkat \u00e7ekici bir birle\u015fimini temsil eder. \u0130nce gri damarlara sahip y\u00fcksek kaliteli beyaz mermerden oyulmu\u015f olup, her t\u00fcrl\u00fc l\u00fcks banyo veya tuvalet i\u00e7in zarif bir merkez par\u00e7as\u0131 g\u00f6revi g\u00f6r\u00fcr.<\/p>\n<div id=\"model-response-message-contentr_6a1cd255fac8ddcc\" class=\"markdown markdown-main-panel stronger enable-updated-hr-color\" dir=\"ltr\" aria-live=\"polite\" aria-busy=\"false\">\n<h3 data-path-to-node=\"1\"><b data-path-to-node=\"1\" data-index-in-node=\"0\">Miamivit Catherine Lavabo Rosette Acanthus Do\u011fal Mermer \u0130nci \u00dcr\u00fcn Genel Bak\u0131\u015f\u0131<\/b><\/h3>\n<p data-path-to-node=\"2\">Miamivit Catherine Rosette Acanthus Lavabo, g\u00fczel el oymas\u0131 detaylar\u0131yla \u00f6ne \u00e7\u0131kan dikd\u00f6rtgen, kap tipi bir lavabodur. &#8220;\u0130nci&#8221; kaplama, mermerin do\u011fal parlakl\u0131\u011f\u0131n\u0131 vurgularken \u00f6n k\u0131s\u0131mdaki &#8220;Acanthus&#8221; deseni klasik, Greko-Romen bir \u00e7ekicilik katmaktad\u0131r.<\/p>\n<h3 data-path-to-node=\"4\"><b data-path-to-node=\"4\" data-index-in-node=\"0\">Miamivit Catherine Lavabo Rosette Acanthus Do\u011fal Mermer \u0130nci Temel \u00d6zellikler<\/b><\/h3>\n<ul data-path-to-node=\"5\">\n<li>\n<p data-path-to-node=\"5,0,0\"><b data-path-to-node=\"5,0,0\" data-index-in-node=\"0\">Zanaat; El \u0130\u015f\u00e7ili\u011fi Oyma:<\/b> Mermerin \u00f6n y\u00fcz\u00fcne incelikle oyulmu\u015f belirgin bir acanthus yapra\u011f\u0131 ve rosette motifi sergiler.<\/p>\n<\/li>\n<li>\n<p data-path-to-node=\"5,1,0\"><b data-path-to-node=\"5,1,0\" data-index-in-node=\"0\">Do\u011fal Mermer Malzeme:<\/b> Her bir \u00fcnite benzersizdir ve ger\u00e7ek ta\u015f\u0131n karakteristik \u00f6zelli\u011fi olan do\u011fal k\u0131vr\u0131mlar\u0131 ve &#8220;damarlar\u0131&#8221; ortaya \u00e7\u0131kar\u0131r.<\/p>\n<\/li>\n<li>\n<p data-path-to-node=\"5,2,0\"><b data-path-to-node=\"5,2,0\" data-index-in-node=\"0\">Entegre Musluk Deli\u011fi:<\/b> Kolay kurulum ve g\u00fcvenlik i\u00e7in \u00f6nceden delinmi\u015f tek musluk deli\u011fi ve ta\u015fma gideri ile tasarlanm\u0131\u015ft\u0131r.<\/p>\n<\/li>\n<li>\n<p data-path-to-node=\"5,3,0\"><b data-path-to-node=\"5,3,0\" data-index-in-node=\"0\">Dayan\u0131kl\u0131 Yap\u0131:<\/b> Ola\u011fan\u00fcst\u00fc dayan\u0131kl\u0131l\u0131k ve sa\u011flam, \u00fcst\u00fcn bir his sa\u011flayan, yekpare bir mermer bloktan \u00fcretilmi\u015ftir.<\/p>\n<\/li>\n<\/ul>\n<hr data-path-to-node=\"6\" \/>\n<h3 data-path-to-node=\"7\"><b data-path-to-node=\"7\" data-index-in-node=\"0\">Miamivit Catherine Lavabo Rosette Acanthus Do\u011fal Mermer \u0130nci \u00d6zellikleri<\/b><\/h3>\n<table data-path-to-node=\"8\">\n<thead>\n<tr>\n<td><strong>\u00d6zellik<\/strong><\/td>\n<td><strong>Detaylar<\/strong><\/td>\n<\/tr>\n<\/thead>\n<tbody>\n<tr>\n<td><span data-path-to-node=\"8,1,0,0\"><b data-path-to-node=\"8,1,0,0\" data-index-in-node=\"0\">Malzeme<\/b><\/span><\/td>\n<td>Do\u011fal Beyaz \u0130nci Mermer<\/td>\n<\/tr>\n<tr>\n<td><span data-path-to-node=\"8,2,0,0\"><b data-path-to-node=\"8,2,0,0\" data-index-in-node=\"0\">Boyutlar<\/b><\/span><\/td>\n<td><span data-path-to-node=\"8,2,1,0\">40cm (Derinlik) x 60cm (Geni\u015flik) x 15cm (Y\u00fckseklik)<\/span><\/td>\n<\/tr>\n<tr>\n<td><span data-path-to-node=\"8,3,0,0\"><b data-path-to-node=\"8,3,0,0\" data-index-in-node=\"0\">Kurulum Tipi<\/b><\/span><\/td>\n<td><span data-path-to-node=\"8,3,1,0\">Tezgah \u00dcst\u00fc\/ Vessel (Lavabo)<\/span><\/td>\n<\/tr>\n<tr>\n<td><span data-path-to-node=\"8,4,0,0\"><b data-path-to-node=\"8,4,0,0\" data-index-in-node=\"0\">\u015eekil<\/b><\/span><\/td>\n<td>Oymal\u0131 kenarl\u0131 dikd\u00f6rtgen<\/td>\n<\/tr>\n<tr>\n<td><span data-path-to-node=\"8,5,0,0\"><b data-path-to-node=\"8,5,0,0\" data-index-in-node=\"0\">Y\u00fczey<\/b><\/span><\/td>\n<td><span data-path-to-node=\"8,5,1,0\">Cilal\u0131\/ \u0130nci<\/span><\/td>\n<\/tr>\n<\/tbody>\n<\/table>\n<hr data-path-to-node=\"9\" \/>\n<h3 data-path-to-node=\"10\"><b data-path-to-node=\"10\" data-index-in-node=\"0\">Miamivit Catherine Lavabo Rosette Acanthus Do\u011fal Mermer \u0130nci Bak\u0131m\u0131 ve Temizli\u011fi<\/b><\/h3>\n<p data-path-to-node=\"11\">Bu do\u011fal ta\u015f bir \u00fcr\u00fcn oldu\u011fundan, parlakl\u0131\u011f\u0131n\u0131 korumak i\u00e7in \u00f6zel bak\u0131m gerektirir:<\/p>\n<ul data-path-to-node=\"12\">\n<li>\n<p data-path-to-node=\"12,0,0\"><b data-path-to-node=\"12,0,0\" data-index-in-node=\"0\">S\u0131zd\u0131rmazl\u0131k:<\/b> Lekelenmeyi \u00f6nlemek i\u00e7in kurulum s\u0131ras\u0131nda ta\u015f s\u0131zd\u0131rmazl\u0131k maddesi uygulanmas\u0131 \u015fiddetle tavsiye edilir.<\/p>\n<\/li>\n<li>\n<p data-path-to-node=\"12,1,0\"><b data-path-to-node=\"12,1,0\" data-index-in-node=\"0\">Temizlik:<\/b> Sadece pH n\u00f6tr temizleyiciler kullan\u0131n. Mermer y\u00fczeyini &#8220;a\u015f\u0131nd\u0131rabilecek&#8221; veya matla\u015ft\u0131rabilecek limon, sirke veya sert a\u015f\u0131nd\u0131r\u0131c\u0131lar gibi asidik maddelerden ka\u00e7\u0131n\u0131n.<\/p>\n<\/li>\n<\/ul>\n<blockquote data-path-to-node=\"13\">\n<p data-path-to-node=\"13,0\"><b data-path-to-node=\"13,0\" data-index-in-node=\"0\">Profesyonel \u0130pucu:<\/b> Bu do\u011fal mermer oldu\u011fundan, hi\u00e7bir lavabo birbirine benzemez. Belirli \u00fcnitenizdeki damar deseni, do\u011fan\u0131n e\u015fsiz bir yarat\u0131m\u0131 olacakt\u0131r.<\/p>\n<\/blockquote>\n<\/div>\n","protected":false},"excerpt":{"rendered":"<p>Miamivit Catherine Lavabo Rosette Acanthus Do\u011fal Mermer \u0130nci . Bu do\u011fal mermer lavabo, geleneksel el i\u015f\u00e7ili\u011fi ve \u00e7a\u011fda\u015f banyo kullan\u0131\u015fl\u0131l\u0131\u011f\u0131n\u0131n dikkat \u00e7ekici bir birle\u015fimini temsil eder. \u0130nce gri damarlara sahip y\u00fcksek kaliteli beyaz mermerden oyulmu\u015f olup, her t\u00fcrl\u00fc l\u00fcks banyo veya tuvalet i\u00e7in zarif bir merkez par\u00e7as\u0131 g\u00f6revi g\u00f6r\u00fcr.<\/p>\n<div id=\"model-response-message-contentr_6a1cd255fac8ddcc\" class=\"markdown markdown-main-panel stronger enable-updated-hr-color\" dir=\"ltr\" aria-live=\"polite\" aria-busy=\"false\">\n<h3 data-path-to-node=\"1\"><b data-path-to-node=\"1\" data-index-in-node=\"0\">Miamivit Catherine Lavabo Rosette Acanthus Do\u011fal Mermer \u0130nci \u00dcr\u00fcn Genel Bak\u0131\u015f\u0131<\/b><\/h3>\n<p data-path-to-node=\"2\">Miamivit Catherine Rosette Acanthus Lavabo, g\u00fczel el oymas\u0131 detaylar\u0131yla \u00f6ne \u00e7\u0131kan dikd\u00f6rtgen, kap tipi bir lavabodur. &#8220;\u0130nci&#8221; kaplama, mermerin do\u011fal parlakl\u0131\u011f\u0131n\u0131 vurgularken \u00f6n k\u0131s\u0131mdaki &#8220;Acanthus&#8221; deseni klasik, Greko-Romen bir \u00e7ekicilik katmaktad\u0131r.<\/p>\n<\/div>\n","protected":false},"featured_media":30626,"comment_status":"open","ping_status":"closed","template":"","meta":[],"product_brand":[54],"product_cat":[93,92],"product_tag":[],"class_list":{"0":"post-30896","1":"product","2":"type-product","3":"status-publish","4":"has-post-thumbnail","6":"product_brand-miamivit","7":"product_cat-mermer-lavabo","8":"product_cat-vitrifiye","10":"first","11":"instock","12":"shipping-taxable","13":"purchasable","14":"product-type-simple"},"tiered_pricing_type":"fixed","tiered_pricing_fixed_rules":[],"tiered_pricing_product_settings":{"layout":"default","base_unit_name":{"singular":null,"plural":null},"default_variation":null},"tiered_pricing_minimum_quantity":null,"tiered_pricing_roles_data":[],"tiered_pricing_percentage_rules":[],"tiered_pricing_maximum_quantity":null,"tiered_pricing_quantity_step":null,"_links":{"self":[{"href":"https:\/\/miamivit.com\/turkiye\/wp-json\/wp\/v2\/product\/30896","targetHints":{"allow":["GET"]}}],"collection":[{"href":"https:\/\/miamivit.com\/turkiye\/wp-json\/wp\/v2\/product"}],"about":[{"href":"https:\/\/miamivit.com\/turkiye\/wp-json\/wp\/v2\/types\/product"}],"replies":[{"embeddable":true,"href":"https:\/\/miamivit.com\/turkiye\/wp-json\/wp\/v2\/comments?post=30896"}],"version-history":[{"count":0,"href":"https:\/\/miamivit.com\/turkiye\/wp-json\/wp\/v2\/product\/30896\/revisions"}],"wp:featuredmedia":[{"embeddable":true,"href":"https:\/\/miamivit.com\/turkiye\/wp-json\/wp\/v2\/media\/30626"}],"wp:attachment":[{"href":"https:\/\/miamivit.com\/turkiye\/wp-json\/wp\/v2\/media?parent=30896"}],"wp:term":[{"taxonomy":"product_brand","embeddable":true,"href":"https:\/\/miamivit.com\/turkiye\/wp-json\/wp\/v2\/product_brand?post=30896"},{"taxonomy":"product_cat","embeddable":true,"href":"https:\/\/miamivit.com\/turkiye\/wp-json\/wp\/v2\/product_cat?post=30896"},{"taxonomy":"product_tag","embeddable":true,"href":"https:\/\/miamivit.com\/turkiye\/wp-json\/wp\/v2\/product_tag?post=30896"}],"curies":[{"name":"wp","href":"https:\/\/api.w.org\/{rel}","templated":true}]}}