{"id":30901,"date":"2026-01-23T11:27:44","date_gmt":"2026-01-23T11:27:44","guid":{"rendered":"https:\/\/miamivit.com\/turkiye\/?post_type=product&#038;p=30901"},"modified":"2026-01-28T11:31:26","modified_gmt":"2026-01-28T11:31:26","slug":"miamivit-catherine-lavabo-minimalist-dogal-mermer-traverten-40x60x15","status":"publish","type":"product","link":"https:\/\/miamivit.com\/turkiye\/product\/miamivit-catherine-lavabo-minimalist-dogal-mermer-traverten-40x60x15\/","title":{"rendered":"Miamivit Catherine Lavabo Minimalist Do\u011fal Mermer Traverten 40x60x15"},"content":{"rendered":"<p><span class=\"misspell-word\">Miamivit<\/span> <span class=\"misspell-word\">Catherine<\/span> Lavabo <span class=\"misspell-word\">Minimalist<\/span> Do\u011fal Mermer Traverten 40x60x15<\/p>\n<div id=\"model-response-message-contentr_600a91a3cf92559c\" class=\"markdown markdown-main-panel stronger enable-updated-hr-color\" dir=\"ltr\" aria-live=\"polite\" aria-busy=\"false\">\n<p>Bu, i\u015flevsel sanat\u0131n enfes bir \u00f6rne\u011fidir. <span class=\"misspell-word\">Miamivit<\/span> <span class=\"misspell-word\">Catherine<\/span>, do\u011fal ta\u015f\u0131n ham, <span class=\"misspell-word\">dokunsal<\/span> cazibesini \u015f\u0131k, modern bir formla birle\u015ftirerek organik <span class=\"misspell-word\">minimalizmi<\/span> \u00f6rneklemektedir.<\/p>\n<p>A\u015fa\u011f\u0131da lavabonun \u00f6zellikleri ve tasar\u0131m unsurlar\u0131na ili\u015fkin kapsaml\u0131 bir genel bak\u0131\u015f bulunmaktad\u0131r:<\/p>\n<h2 data-path-to-node=\"2\"><span class=\"misspell-word\">Miamivit<\/span> <span class=\"misspell-word\">Catherine<\/span> Lavabo <span class=\"misspell-word\">Minimalist<\/span> Do\u011fal Mermer Traverten Genel Bak\u0131\u015f<\/h2>\n<p data-path-to-node=\"3\">Bu tezgah \u00fcst\u00fc lavabo (tezgah \u00fcst\u00fc kurulum i\u00e7in tasarlanm\u0131\u015ft\u0131r), l\u00fcks banyolara topraklanm\u0131\u015f, &#8220;<span class=\"misspell-word\">spa<\/span> benzeri&#8221; bir <span class=\"misspell-word\">ambiyans<\/span> katmak i\u00e7in \u00f6zel olarak \u00fcretilmi\u015f, kat\u0131 do\u011fal ta\u015ftan yontulmu\u015ftur.<\/p>\n<h3 data-path-to-node=\"5\"><span class=\"misspell-word\">Miamivit<\/span> <span class=\"misspell-word\">Catherine<\/span> Lavabo <span class=\"misspell-word\">Minimalist<\/span> Do\u011fal Mermer Traverten Temel \u00d6zellikler<\/h3>\n<ul data-path-to-node=\"6\">\n<li>\n<p data-path-to-node=\"6,0,0\"><b data-path-to-node=\"6,0,0\" data-index-in-node=\"0\">Malzeme:<\/b> Ger\u00e7ek do\u011fal traverten \/ mermer.<\/p>\n<\/li>\n<li>\n<p data-path-to-node=\"6,1,0\"><b data-path-to-node=\"6,1,0\" data-index-in-node=\"0\">Boyutlar:<\/b> 40x60x15 cm (Standart dikd\u00f6rtgen profil).<\/p>\n<\/li>\n<li>\n<p data-path-to-node=\"6,2,0\"><b data-path-to-node=\"6,2,0\" data-index-in-node=\"0\">Y\u00fczey:<\/b> Ta\u015f\u0131n do\u011fal g\u00f6zeneklerini ve damarlar\u0131n\u0131 koruyan <span class=\"misspell-word\">honlanm\u0131\u015f<\/span>\/mat.<\/p>\n<\/li>\n<li>\n<p data-path-to-node=\"6,3,0\"><b data-path-to-node=\"6,3,0\" data-index-in-node=\"0\">\u015eekil:<\/b> Dikd\u00f6rtgen, belirgin e\u011fimli i\u00e7 k\u0131s\u0131m (sonsuz kenar tarz\u0131 drenaj).<\/p>\n<\/li>\n<\/ul>\n<h3 data-path-to-node=\"8\"><span class=\"misspell-word\">Miamivit<\/span> <span class=\"misspell-word\">Catherine<\/span> Lavabo <span class=\"misspell-word\">Minimalist<\/span> Do\u011fal Mermer Traverten Tasar\u0131m ve Estetik \u00d6zellikler<\/h3>\n<ul data-path-to-node=\"9\">\n<li>\n<p data-path-to-node=\"9,0,0\"><b data-path-to-node=\"9,0,0\" data-index-in-node=\"0\"><span class=\"misspell-word\">Minimalist<\/span> Geometri:<\/b> D\u0131\u015f cephe keskin, d\u00fcz 90 derecelik a\u00e7\u0131lar sergilerken, i\u00e7 k\u0131s\u0131m drenaj noktas\u0131na do\u011fru zarif bir \u015fekilde e\u011fimlidir. Bu tasar\u0131m b\u00fcy\u00fcleyici bir &#8220;y\u00fczen su&#8221; etkisi yarat\u0131r.<\/p>\n<\/li>\n<li>\n<p data-path-to-node=\"9,1,0\"><b data-path-to-node=\"9,1,0\" data-index-in-node=\"0\">E\u015fsiz Dokular:<\/b> Do\u011fal ta\u015ftan \u00fcretilen her bir \u00fcnite benzersizdir. Krem bejden a\u00e7\u0131k kahverengiye kadar de\u011fi\u015fen ince \u00e7ukurlar ve renk farkl\u0131l\u0131klar\u0131, otantik travertenin karakteristik \u00f6zellikleridir.<\/p>\n<\/li>\n<li>\n<p data-path-to-node=\"9,2,0\"><b data-path-to-node=\"9,2,0\" data-index-in-node=\"0\"><span class=\"misspell-word\">Monolitik<\/span> G\u00f6r\u00fcn\u00fcm:<\/b> Tek bir ta\u015f bloktan yontulmu\u015f izlenimi verir ve hafif seramik lavabolar\u0131n taklit edemeyece\u011fi sa\u011flam, birinci s\u0131n\u0131f bir g\u00f6r\u00fcn\u00fcm sa\u011flar.<\/p>\n<\/li>\n<\/ul>\n<h3 data-path-to-node=\"10\"><span class=\"misspell-word\">Miamivit<\/span> <span class=\"misspell-word\">Catherine<\/span> Lavabo <span class=\"misspell-word\">Minimalist<\/span> Do\u011fal Mermer Traverten Bak\u0131m <span class=\"misspell-word\">\u0130pu\u00e7lar\u0131<\/span><\/h3>\n<p data-path-to-node=\"11\">Traverten g\u00f6zenekli bir malzeme oldu\u011fundan porselenden biraz daha fazla bak\u0131m gerektirir.<\/p>\n<ol start=\"1\" data-path-to-node=\"12\">\n<li>\n<p data-path-to-node=\"12,0,0\"><b data-path-to-node=\"12,0,0\" data-index-in-node=\"0\">Y\u00fczey:<\/b> Ta\u015f\u0131n y\u00fcksek kaliteli su ve leke tutmayan bir maddeyle i\u015flem g\u00f6rd\u00fc\u011f\u00fcnden emin olun.<\/p>\n<\/li>\n<li>\n<p data-path-to-node=\"12,1,0\"><b data-path-to-node=\"12,1,0\" data-index-in-node=\"0\">Asitlerden Ka\u00e7\u0131n\u0131n:<\/b> Ta\u015f\u0131n y\u00fczeyini &#8220;<span class=\"misspell-word\">a\u015f\u0131nd\u0131rabilecek<\/span>&#8221; veya <span class=\"misspell-word\">matla\u015ft\u0131rabilecek<\/span> sert kimyasallar veya <span class=\"misspell-word\">asidik<\/span> temizleyiciler (limon veya sirke gibi) kullanmaktan ka\u00e7\u0131n\u0131n.<\/p>\n<\/li>\n<li>\n<p data-path-to-node=\"12,2,0\"><b data-path-to-node=\"12,2,0\" data-index-in-node=\"0\">Yumu\u015fak Temizlik:<\/b> <span class=\"misspell-word\">pH<\/span> n\u00f6tr bir ta\u015f temizleyici ve yumu\u015fak bir <span class=\"misspell-word\">mikrofiber<\/span> bez yeterlidir.<\/p>\n<\/li>\n<\/ol>\n<h3 data-path-to-node=\"14\">Neden <span class=\"misspell-word\">Miamivit<\/span> <span class=\"misspell-word\">Catherine<\/span> Lavabo <span class=\"misspell-word\">Minimalist<\/span> Do\u011fal Mermer Traverteni Se\u00e7melisiniz?<\/h3>\n<p data-path-to-node=\"15\">Bu lavabo, Modern Akdeniz, <span class=\"misspell-word\">Japandi<\/span> veya <span class=\"misspell-word\">Eko<\/span>-L\u00fcks i\u00e7 mekan stilleri i\u00e7in idealdir. Tezgah\u0131n temiz hatlar\u0131n\u0131 korumak i\u00e7in uzun bir lavabo muslu\u011fu veya duvara monte bir musluk ile en iyi \u015fekilde tamamlan\u0131r.<\/p>\n<\/div>\n","protected":false},"excerpt":{"rendered":"<p><span class=\"misspell-word\">Miamivit<\/span> <span class=\"misspell-word\">Catherine<\/span> Lavabo <span class=\"misspell-word\">Minimalist<\/span> Do\u011fal Mermer Traverten 40x60x15<\/p>\n<div id=\"model-response-message-contentr_600a91a3cf92559c\" class=\"markdown markdown-main-panel stronger enable-updated-hr-color\" dir=\"ltr\" aria-live=\"polite\" aria-busy=\"false\">\n<p>Bu, i\u015flevsel sanat\u0131n enfes bir \u00f6rne\u011fidir. <span class=\"misspell-word\">Miamivit<\/span> <span class=\"misspell-word\">Catherine<\/span>, do\u011fal ta\u015f\u0131n ham, <span class=\"misspell-word\">dokunsal<\/span> cazibesini \u015f\u0131k, modern bir formla birle\u015ftirerek organik <span class=\"misspell-word\">minimalizmi<\/span> \u00f6rneklemektedir.<\/p>\n<p>A\u015fa\u011f\u0131da lavabonun \u00f6zellikleri ve tasar\u0131m unsurlar\u0131na ili\u015fkin kapsaml\u0131 bir genel bak\u0131\u015f bulunmaktad\u0131r:<\/p>\n<h2 data-path-to-node=\"2\"><span class=\"misspell-word\">Miamivit<\/span> <span class=\"misspell-word\">Catherine<\/span> Lavabo <span class=\"misspell-word\">Minimalist<\/span> Do\u011fal Mermer Traverten Genel Bak\u0131\u015f<\/h2>\n<p data-path-to-node=\"3\">Bu tezgah \u00fcst\u00fc lavabo (tezgah \u00fcst\u00fc kurulum i\u00e7in tasarlanm\u0131\u015ft\u0131r), l\u00fcks banyolara topraklanm\u0131\u015f, &#8220;<span class=\"misspell-word\">spa<\/span> benzeri&#8221; bir <span class=\"misspell-word\">ambiyans<\/span> katmak i\u00e7in \u00f6zel olarak \u00fcretilmi\u015f, kat\u0131 do\u011fal ta\u015ftan yontulmu\u015ftur.<\/p>\n<\/div>\n","protected":false},"featured_media":30659,"comment_status":"open","ping_status":"closed","template":"","meta":[],"product_brand":[54],"product_cat":[93,92],"product_tag":[],"class_list":{"0":"post-30901","1":"product","2":"type-product","3":"status-publish","4":"has-post-thumbnail","6":"product_brand-miamivit","7":"product_cat-mermer-lavabo","8":"product_cat-vitrifiye","10":"first","11":"instock","12":"shipping-taxable","13":"purchasable","14":"product-type-simple"},"tiered_pricing_type":"fixed","tiered_pricing_fixed_rules":[],"tiered_pricing_product_settings":{"layout":"default","base_unit_name":{"singular":null,"plural":null},"default_variation":null},"tiered_pricing_minimum_quantity":null,"tiered_pricing_roles_data":[],"tiered_pricing_percentage_rules":[],"tiered_pricing_maximum_quantity":null,"tiered_pricing_quantity_step":null,"_links":{"self":[{"href":"https:\/\/miamivit.com\/turkiye\/wp-json\/wp\/v2\/product\/30901","targetHints":{"allow":["GET"]}}],"collection":[{"href":"https:\/\/miamivit.com\/turkiye\/wp-json\/wp\/v2\/product"}],"about":[{"href":"https:\/\/miamivit.com\/turkiye\/wp-json\/wp\/v2\/types\/product"}],"replies":[{"embeddable":true,"href":"https:\/\/miamivit.com\/turkiye\/wp-json\/wp\/v2\/comments?post=30901"}],"version-history":[{"count":0,"href":"https:\/\/miamivit.com\/turkiye\/wp-json\/wp\/v2\/product\/30901\/revisions"}],"wp:featuredmedia":[{"embeddable":true,"href":"https:\/\/miamivit.com\/turkiye\/wp-json\/wp\/v2\/media\/30659"}],"wp:attachment":[{"href":"https:\/\/miamivit.com\/turkiye\/wp-json\/wp\/v2\/media?parent=30901"}],"wp:term":[{"taxonomy":"product_brand","embeddable":true,"href":"https:\/\/miamivit.com\/turkiye\/wp-json\/wp\/v2\/product_brand?post=30901"},{"taxonomy":"product_cat","embeddable":true,"href":"https:\/\/miamivit.com\/turkiye\/wp-json\/wp\/v2\/product_cat?post=30901"},{"taxonomy":"product_tag","embeddable":true,"href":"https:\/\/miamivit.com\/turkiye\/wp-json\/wp\/v2\/product_tag?post=30901"}],"curies":[{"name":"wp","href":"https:\/\/api.w.org\/{rel}","templated":true}]}}