{"id":30903,"date":"2026-01-23T11:28:48","date_gmt":"2026-01-23T11:28:48","guid":{"rendered":"https:\/\/miamivit.com\/turkiye\/?post_type=product&#038;p=30903"},"modified":"2026-01-28T11:37:17","modified_gmt":"2026-01-28T11:37:17","slug":"miamivit-cleopatra-lavabo-seashell-ronund-dogal-mermer-milas-pearl-40x20h","status":"publish","type":"product","link":"https:\/\/miamivit.com\/turkiye\/product\/miamivit-cleopatra-lavabo-seashell-ronund-dogal-mermer-milas-pearl-40x20h\/","title":{"rendered":"Miamivit Cleopatra Lavabo Seashell Ronund Do\u011fal Mermer Milas Pearl 40x20h"},"content":{"rendered":"<p><span class=\"misspell-word\">Miamivit<\/span> <span class=\"misspell-word\">Cleopatra<\/span> Lavabo <span class=\"misspell-word\">Denizkabu\u011fu<\/span> Desenli Do\u011fal Mermer Milas <span class=\"misspell-word\">Pearl<\/span> 40x20h<\/p>\n<div id=\"model-response-message-contentr_99ca6faed2d11526\" class=\"markdown markdown-main-panel stronger enable-updated-hr-color\" dir=\"ltr\" aria-live=\"polite\" aria-busy=\"false\">\n<p data-path-to-node=\"0\">Bu lavabo, organik do\u011fal \u015fekilleri birinci s\u0131n\u0131f malzemelerle uyumlu hale getiren enfes el i\u015f\u00e7ili\u011finin bir \u00f6rne\u011fidir.<\/p>\n<h2 data-path-to-node=\"1\"><b data-path-to-node=\"1\" data-index-in-node=\"0\"><span class=\"misspell-word\">Miamivit<\/span> <span class=\"misspell-word\">Cleopatra<\/span> Lavabo <span class=\"misspell-word\">Denizkabu\u011fu<\/span> Desenli Do\u011fal Mermer Milas <span class=\"misspell-word\">Pearl<\/span> \u00dcr\u00fcn Genel Bak\u0131\u015f\u0131<\/b><\/h2>\n<p data-path-to-node=\"2\"><span class=\"misspell-word\">Miamivit<\/span> <span class=\"misspell-word\">Cleopatra<\/span> lavabo, kat\u0131 Milas <span class=\"misspell-word\">Pearl<\/span> mermerinden oyulmu\u015f, kap tipi bir lavabodur. <span class=\"misspell-word\">Denizkabu\u011funun<\/span> dalgal\u0131 hatlar\u0131ndan ilham alan benzersiz oluklu tasar\u0131m\u0131yla, l\u00fcks banyolar veya tuvaletler i\u00e7in \u00e7arp\u0131c\u0131 bir merkez par\u00e7as\u0131 haline gelir.<\/p>\n<h3 data-path-to-node=\"4\"><b data-path-to-node=\"4\" data-index-in-node=\"0\"><span class=\"misspell-word\">Miamivit<\/span> <span class=\"misspell-word\">Cleopatra<\/span> Lavabo Deniz Kabu\u011fu Desenli Do\u011fal Mermer Milas <span class=\"misspell-word\">Pearl<\/span> Temel Tasar\u0131m \u00d6zellikleri<\/b><\/h3>\n<ul data-path-to-node=\"5\">\n<li>\n<p data-path-to-node=\"5,0,0\"><b data-path-to-node=\"5,0,0\" data-index-in-node=\"0\">Estetik:<\/b> <span class=\"misspell-word\">\u201cDenizkabu\u011fu\u201d<\/span> <span class=\"misspell-word\">sil\u00fceti<\/span>, zamans\u0131z, <span class=\"misspell-word\">neoklasik<\/span> bir <span class=\"misspell-word\">ambiyans<\/span> kazand\u0131r\u0131r. Derin dikey oluklar\u0131 (yivler), mermerin do\u011fal parlakl\u0131\u011f\u0131n\u0131 vurgulayan dinamik bir \u0131\u015f\u0131k ve g\u00f6lge etkile\u015fimi yarat\u0131r.<\/p>\n<\/li>\n<li>\n<p data-path-to-node=\"5,1,0\"><b data-path-to-node=\"5,1,0\" data-index-in-node=\"0\">Malzeme:<\/b> \u00dcst\u00fcn beyaz taban\u0131 ve narin, yar\u0131 saydam gri damarlar\u0131yla bilinen y\u00fcksek kaliteli T\u00fcrk mermeri Milas <span class=\"misspell-word\">Pearl<\/span>&#8216;den \u00fcretilmi\u015ftir.<\/p>\n<\/li>\n<li>\n<p data-path-to-node=\"5,2,0\"><b data-path-to-node=\"5,2,0\" data-index-in-node=\"0\">Y\u00fczey <span class=\"misspell-word\">\u0130\u015flemi<\/span>:<\/b> Y<span class=\"misspell-word\">\u00fczey,<\/span> ta\u015f\u0131n d<span class=\"misspell-word\">o\u011fal <\/span>\u00e7ekicili\u011fini a<span class=\"misspell-word\">rt\u0131rmakla <\/span>kalmay\u0131p a<span class=\"misspell-word\">yn\u0131 <\/span>zamanda t<span class=\"misspell-word\">emizli\u011fi <\/span>v<span class=\"misspell-word\">e <\/span>bak\u0131m\u0131 k<span class=\"misspell-word\">olayla\u015ft\u0131ran <\/span>\u015f<span class=\"misspell-word\">\u0131k,<\/span> y<span class=\"misspell-word\">\u00fcksek <\/span>p<span class=\"misspell-word\">arlakl\u0131kta <\/span>b<span class=\"misspell-word\">ir <\/span>c<span class=\"misspell-word\">ila <\/span>ile i<span class=\"misspell-word\">\u015flenmi\u015ftir.<\/span><\/p>\n<\/li>\n<li>\n<p data-path-to-node=\"5,3,0\"><b data-path-to-node=\"5,3,0\" data-index-in-node=\"0\">Form Fakt\u00f6r\u00fc:<\/b> Tezgah \u00fcst\u00fc lavabo olarak tasarlanan bu \u00fcr\u00fcn, g\u00f6mme yerine tezgah \u00fcst\u00fcne yerle\u015ftirilerek heykelsi zarafetini vurgular.<\/p>\n<\/li>\n<\/ul>\n<h3 data-path-to-node=\"7\"><b data-path-to-node=\"7\" data-index-in-node=\"0\"><span class=\"misspell-word\">Miamivit<\/span> <span class=\"misspell-word\">Cleopatra<\/span> Lavabo <span class=\"misspell-word\">Denizkabu\u011fu<\/span> Yuvarlak Do\u011fal Mermer Milas \u0130nci T<span class=\"misspell-word\">eknik <\/span>\u00d6<span class=\"misspell-word\">zellikleri<\/span><\/b><\/h3>\n<table data-path-to-node=\"8\">\n<thead>\n<tr>\n<td><strong>\u00d6zellikleri<\/strong><\/td>\n<td><strong>Detaylar<\/strong><\/td>\n<\/tr>\n<\/thead>\n<tbody>\n<tr>\n<td><span data-path-to-node=\"8,1,0,0\"><b data-path-to-node=\"8,1,0,0\" data-index-in-node=\"0\">Model<\/b><\/span><\/td>\n<td><span data-path-to-node=\"8,1,1,0\">EV005 \/ <span class=\"misspell-word\">Cleopatra<\/span> Deniz Kabu\u011fu<\/span><\/td>\n<\/tr>\n<tr>\n<td><span data-path-to-node=\"8,2,0,0\"><b data-path-to-node=\"8,2,0,0\" data-index-in-node=\"0\">Malzeme<\/b><\/span><\/td>\n<td>Do\u011fal Milas \u0130nci M<span class=\"misspell-word\">ermer<\/span><\/td>\n<\/tr>\n<tr>\n<td><span data-path-to-node=\"8,3,0,0\"><b data-path-to-node=\"8,3,0,0\" data-index-in-node=\"0\">Boyutlar<\/b><\/span><\/td>\n<td><span data-path-to-node=\"8,3,1,0\">40cm (\u00c7ap) x 20cm (Y\u00fckseklik)<\/span><\/td>\n<\/tr>\n<tr>\n<td><span data-path-to-node=\"8,4,0,0\"><b data-path-to-node=\"8,4,0,0\" data-index-in-node=\"0\">Montaj<\/b><\/span><\/td>\n<td><span data-path-to-node=\"8,4,1,0\">Tezgah \u00dcst\u00fc (Vessel)\u00a0<\/span><\/td>\n<\/tr>\n<tr>\n<td><span data-path-to-node=\"8,5,0,0\"><b data-path-to-node=\"8,5,0,0\" data-index-in-node=\"0\">Tahliye Deli\u011fi<\/b><\/span><\/td>\n<td><span data-path-to-node=\"8,5,1,0\">Tahliye Deli\u011fi Evrensel uyumluluk i\u00e7in standart boyutland\u0131rma<\/span><\/td>\n<\/tr>\n<\/tbody>\n<\/table>\n<h3 data-path-to-node=\"10\"><b data-path-to-node=\"10\" data-index-in-node=\"0\"><span class=\"misspell-word\">Miamivit<\/span> <span class=\"misspell-word\">Cleopatra<\/span> Lavabo <span class=\"misspell-word\">Denizkabu\u011fu<\/span> Yuvarlak Do\u011fal Mermer Milas \u0130nci Bak\u0131m v<span class=\"misspell-word\">e <\/span>K<span class=\"misspell-word\">oruma<\/span><\/b><\/h3>\n<p data-path-to-node=\"11\">Bu %100 do\u011fal ta\u015f \u00fcr\u00fcn oldu\u011fu i\u00e7in, zarafetini korumak i\u00e7in \u00f6zel bak\u0131m gerektirir:<\/p>\n<ol start=\"1\" data-path-to-node=\"12\">\n<li>\n<p data-path-to-node=\"12,0,0\"><b data-path-to-node=\"12,0,0\" data-index-in-node=\"0\">S\u0131zd\u0131rmazl\u0131k:<\/b> Su emilimini ve lekelenmeyi \u00f6nlemek i\u00e7in kullan\u0131mdan \u00f6nce ta\u015f s\u0131zd\u0131rmazl\u0131k maddesi uygulanmas\u0131 \u015fiddetle tavsiye edilir.<\/p>\n<\/li>\n<li>\n<p data-path-to-node=\"12,1,0\"><b data-path-to-node=\"12,1,0\" data-index-in-node=\"0\">Temizlik:<\/b> Sadece <span class=\"misspell-word\">pH<\/span> n\u00f6tr temizleyiciler kullan\u0131n. Mermeri <span class=\"misspell-word\">a\u015f\u0131nd\u0131rabilecek<\/span> <span class=\"misspell-word\">asidik<\/span> maddelerden (limon veya sirke gibi) ve a\u015f\u0131nd\u0131r\u0131c\u0131 ovma bezlerinden uzak durun.<\/p>\n<\/li>\n<li>\n<p data-path-to-node=\"12,2,0\"><b data-path-to-node=\"12,2,0\" data-index-in-node=\"0\">Benzersizlik:<\/b> Do\u011fan\u0131n bir \u00fcr\u00fcn\u00fc olmas\u0131 nedeniyle, her lavabo damarlanma ve renkte hafif farkl\u0131l\u0131klar g\u00f6sterecek ve bu da hi\u00e7bir iki par\u00e7an\u0131n birbirine benzememesini sa\u011flayacakt\u0131r.<\/p>\n<\/li>\n<\/ol>\n<\/div>\n","protected":false},"excerpt":{"rendered":"<p><span class=\"misspell-word\">Miamivit<\/span> <span class=\"misspell-word\">Cleopatra<\/span> Lavabo <span class=\"misspell-word\">Denizkabu\u011fu<\/span> Desenli Do\u011fal Mermer Milas <span class=\"misspell-word\">Pearl<\/span> 40x20h<\/p>\n<div id=\"model-response-message-contentr_99ca6faed2d11526\" class=\"markdown markdown-main-panel stronger enable-updated-hr-color\" dir=\"ltr\" aria-live=\"polite\" aria-busy=\"false\">\n<p data-path-to-node=\"0\">Bu lavabo, organik do\u011fal \u015fekilleri birinci s\u0131n\u0131f malzemelerle uyumlu hale getiren enfes el i\u015f\u00e7ili\u011finin bir \u00f6rne\u011fidir.<\/p>\n<h2 data-path-to-node=\"1\"><b data-path-to-node=\"1\" data-index-in-node=\"0\"><span class=\"misspell-word\">Miamivit<\/span> <span class=\"misspell-word\">Cleopatra<\/span> Lavabo <span class=\"misspell-word\">Denizkabu\u011fu<\/span> Desenli Do\u011fal Mermer Milas <span class=\"misspell-word\">Pearl<\/span> \u00dcr\u00fcn Genel Bak\u0131\u015f\u0131<\/b><\/h2>\n<p data-path-to-node=\"2\"><span class=\"misspell-word\">Miamivit<\/span> <span class=\"misspell-word\">Cleopatra<\/span> lavabo, kat\u0131 Milas <span class=\"misspell-word\">Pearl<\/span> mermerinden oyulmu\u015f, kap tipi bir lavabodur. <span class=\"misspell-word\">Denizkabu\u011funun<\/span> dalgal\u0131 hatlar\u0131ndan ilham alan benzersiz oluklu tasar\u0131m\u0131yla, l\u00fcks banyolar veya tuvaletler i\u00e7in \u00e7arp\u0131c\u0131 bir merkez par\u00e7as\u0131 haline gelir.<\/p>\n<\/div>\n","protected":false},"featured_media":30691,"comment_status":"open","ping_status":"closed","template":"","meta":[],"product_brand":[54],"product_cat":[93,92],"product_tag":[],"class_list":{"0":"post-30903","1":"product","2":"type-product","3":"status-publish","4":"has-post-thumbnail","6":"product_brand-miamivit","7":"product_cat-mermer-lavabo","8":"product_cat-vitrifiye","10":"first","11":"instock","12":"shipping-taxable","13":"purchasable","14":"product-type-simple"},"tiered_pricing_type":"fixed","tiered_pricing_fixed_rules":[],"tiered_pricing_product_settings":{"layout":"default","base_unit_name":{"singular":null,"plural":null},"default_variation":null},"tiered_pricing_minimum_quantity":null,"tiered_pricing_roles_data":[],"tiered_pricing_percentage_rules":[],"tiered_pricing_maximum_quantity":null,"tiered_pricing_quantity_step":null,"_links":{"self":[{"href":"https:\/\/miamivit.com\/turkiye\/wp-json\/wp\/v2\/product\/30903","targetHints":{"allow":["GET"]}}],"collection":[{"href":"https:\/\/miamivit.com\/turkiye\/wp-json\/wp\/v2\/product"}],"about":[{"href":"https:\/\/miamivit.com\/turkiye\/wp-json\/wp\/v2\/types\/product"}],"replies":[{"embeddable":true,"href":"https:\/\/miamivit.com\/turkiye\/wp-json\/wp\/v2\/comments?post=30903"}],"version-history":[{"count":0,"href":"https:\/\/miamivit.com\/turkiye\/wp-json\/wp\/v2\/product\/30903\/revisions"}],"wp:featuredmedia":[{"embeddable":true,"href":"https:\/\/miamivit.com\/turkiye\/wp-json\/wp\/v2\/media\/30691"}],"wp:attachment":[{"href":"https:\/\/miamivit.com\/turkiye\/wp-json\/wp\/v2\/media?parent=30903"}],"wp:term":[{"taxonomy":"product_brand","embeddable":true,"href":"https:\/\/miamivit.com\/turkiye\/wp-json\/wp\/v2\/product_brand?post=30903"},{"taxonomy":"product_cat","embeddable":true,"href":"https:\/\/miamivit.com\/turkiye\/wp-json\/wp\/v2\/product_cat?post=30903"},{"taxonomy":"product_tag","embeddable":true,"href":"https:\/\/miamivit.com\/turkiye\/wp-json\/wp\/v2\/product_tag?post=30903"}],"curies":[{"name":"wp","href":"https:\/\/api.w.org\/{rel}","templated":true}]}}